{"id":3064,"date":"2025-09-16T11:11:52","date_gmt":"2025-09-16T09:11:52","guid":{"rendered":"https:\/\/topspinservice.at\/?post_type=product&#038;p=3064"},"modified":"2026-01-02T19:32:19","modified_gmt":"2026-01-02T18:32:19","slug":"head-paw-patrol-backpack-blue","status":"publish","type":"product","link":"https:\/\/topspinservice.at\/en\/produkt\/head-paw-patrol-backpack-blue","title":{"rendered":"Head PAW PATROL Backpack Blue"},"content":{"rendered":"<p><span class=\"ng-binding\">Der HEAD Paw Patrol x Backpack ist f\u00fcr Kinder gedacht, die Sport und Abenteuer lieben. Dieser 15 Liter Backpack hat ein spezielles Fach f\u00fcr einen Tennisschl\u00e4ger und ist somit ideal f\u00fcr junge Tennisspieler. Mit viel Platz f\u00fcr Schulbedarf, Sportbekleidung und andere wichtige Dinge ist er sowohl praktisch als auch lustig. Das dunkelblaue Design mit hellblauen Details zeigt die Lieblingscharaktere der Paw Patrol und macht jeden Tag noch spannender. Er ist leicht und einfach zu tragen und verf\u00fcgt \u00fcber verstellbare Riemen f\u00fcr einen bequemen Sitz sowie eine Rei\u00dfverschlusstasche auf der Vorderseite, in der wichtige Gegenst\u00e4nde griffbereit sind.<\/span><\/p>\n<h2 role=\"button\" tabindex=\"0\" class=\"collapsible-toggle collapsible-icon ng-binding\">FACTS<\/h2>\n<div class=\"collapsible-content ng-scope\">\n<div class=\"row ng-scope\">\n<div class=\"col-12 ng-scope\">\n<div class=\"row\">\n<div class=\"col-12 col-md-4 label ng-binding\">Farben<\/div>\n<div class=\"col-12 col-md-8 value ng-binding\">blue<\/div>\n<\/div>\n<\/div>\n<\/div>\n<div class=\"row ng-scope\">\n<div class=\"col-12 ng-scope\">\n<div class=\"row\">\n<div class=\"col-12 col-md-4 label ng-binding\">Volumen (l)<\/div>\n<div class=\"col-12 col-md-8 value ng-binding\">15L<\/div>\n<\/div>\n<\/div>\n<\/div>\n<div class=\"row ng-scope\">\n<div class=\"col-12 ng-scope\">\n<div class=\"row\">\n<div class=\"col-12 col-md-4 label ng-binding\">Abmessungen<\/div>\n<div class=\"col-12 col-md-8 value ng-binding\">28*37*18<\/div>\n<\/div>\n<\/div>\n<\/div>\n<div class=\"row ng-scope\">\n<div class=\"col-12 ng-scope\">\n<div class=\"row\">\n<div class=\"col-12 col-md-4 label ng-binding\">Materialzusammensetzung (au\u00dfen)<\/div>\n<div class=\"col-12 col-md-8 value ng-binding\">100% Polyester<\/div>\n<\/div>\n<\/div>\n<\/div>\n<div class=\"row ng-scope\">\n<div class=\"col-12 ng-scope\">\n<div class=\"row\">\n<div class=\"col-12 col-md-4 label ng-binding\">Materialzusammensetzung (innen)<\/div>\n<\/div>\n<\/div>\n<\/div>\n<\/div>","protected":false},"excerpt":{"rendered":"<p>Der HEAD Paw Patrol x Backpack ist f\u00fcr Kinder gedacht, die Sport und Abenteuer lieben. Dieser 15 Liter Backpack hat ein spezielles Fach f\u00fcr einen Tennisschl\u00e4ger und ist somit ideal f\u00fcr junge Tennisspieler. Mit viel Platz f\u00fcr Schulbedarf, Sportbekleidung und andere wichtige Dinge ist er sowohl praktisch als auch lustig. Das dunkelblaue Design mit hellblauen [&#8230;]\n","protected":false},"featured_media":3139,"template":"","meta":{"_acf_changed":false,"_monsterinsights_skip_tracking":false,"_monsterinsights_sitenote_active":false,"_monsterinsights_sitenote_note":"","_monsterinsights_sitenote_category":0},"product_brand":[],"product_cat":[108],"product_tag":[],"class_list":{"0":"post-3064","1":"product","2":"type-product","3":"status-publish","4":"has-post-thumbnail","6":"product_cat-head-rucksaecke","8":"first","9":"instock","10":"sale","11":"shipping-taxable","12":"purchasable","13":"product-type-simple"},"supplier_id":null,"supplier_sku":"","barcode":null,"atum_controlled":true,"out_stock_date":null,"out_stock_threshold":null,"inheritable":false,"inbound_stock":0,"stock_on_hold":0,"sold_today":0,"sales_last_days":0,"reserved_stock":0,"customer_returns":0,"warehouse_damage":0,"lost_in_post":0,"other_logs":0,"out_stock_days":0,"lost_sales":0,"has_location":false,"update_date":"2026-05-07T01:39:05","atum_locations":[],"atum_stock_status":"instock","restock_status":false,"low_stock_amount":"","sales_update_date":"2026-05-07T01:39:05","calc_backorders":0,"acf":[],"_links":{"self":[{"href":"https:\/\/topspinservice.at\/en\/wp-json\/wp\/v2\/product\/3064","targetHints":{"allow":["GET"]}}],"collection":[{"href":"https:\/\/topspinservice.at\/en\/wp-json\/wp\/v2\/product"}],"about":[{"href":"https:\/\/topspinservice.at\/en\/wp-json\/wp\/v2\/types\/product"}],"wp:featuredmedia":[{"embeddable":true,"href":"https:\/\/topspinservice.at\/en\/wp-json\/wp\/v2\/media\/3139"}],"wp:attachment":[{"href":"https:\/\/topspinservice.at\/en\/wp-json\/wp\/v2\/media?parent=3064"}],"wp:term":[{"taxonomy":"product_brand","embeddable":true,"href":"https:\/\/topspinservice.at\/en\/wp-json\/wp\/v2\/product_brand?post=3064"},{"taxonomy":"product_cat","embeddable":true,"href":"https:\/\/topspinservice.at\/en\/wp-json\/wp\/v2\/product_cat?post=3064"},{"taxonomy":"product_tag","embeddable":true,"href":"https:\/\/topspinservice.at\/en\/wp-json\/wp\/v2\/product_tag?post=3064"}],"curies":[{"name":"wp","href":"https:\/\/api.w.org\/{rel}","templated":true}]}}