{"id":3065,"date":"2025-09-16T11:14:03","date_gmt":"2025-09-16T09:14:03","guid":{"rendered":"https:\/\/topspinservice.at\/?post_type=product&#038;p=3065"},"modified":"2026-01-02T19:32:19","modified_gmt":"2026-01-02T18:32:19","slug":"head-paw-patrol-backpack-pink-purple","status":"publish","type":"product","link":"https:\/\/topspinservice.at\/en\/produkt\/head-paw-patrol-backpack-pink-purple","title":{"rendered":"Head PAW PATROL Backpack Pink Purple"},"content":{"rendered":"<div class=\"col-12 ng-scope\"><span class=\"ng-binding\">Der Paw Patrol x HEAD Tennis Backpack ist f\u00fcr Kinder gemacht, die Sport und Abenteuer lieben. Dieser 15 Liter Backpack hat ein spezielles Fach f\u00fcr einen Tennisschl\u00e4ger und ist somit ideal f\u00fcr junge Tennisspieler. Mit viel Platz f\u00fcr Schulbedarf, Sportbekleidung und andere wichtige Dinge ist er sowohl praktisch als auch lustig. Das lilafarbene und rosafarbene Design zeigt die Lieblingscharaktere der Paw Patrol und sorgt f\u00fcr zus\u00e4tzliche Freude an jedem Tag. Er ist leicht und einfach zu tragen und verf\u00fcgt \u00fcber verstellbare Riemen f\u00fcr einen bequemen Sitz sowie eine Rei\u00dfverschlusstasche auf der Vorderseite, in der wichtige Gegenst\u00e4nde griffbereit sind.<\/span><\/div>\n<div>\n<h2 class=\"collapsible-toggle collapsible-icon ng-binding\" tabindex=\"0\" role=\"button\">FACTS<\/h2>\n<div class=\"collapsible-content ng-scope\">\n<div class=\"row ng-scope\">\n<div class=\"col-12 ng-scope\">\n<div class=\"row\">\n<div class=\"col-12 col-md-4 label ng-binding\">Colors<\/div>\n<div class=\"col-12 col-md-8 value ng-binding\">pink purple<\/div>\n<\/div>\n<\/div>\n<\/div>\n<div class=\"row ng-scope\">\n<div class=\"col-12 ng-scope\">\n<div class=\"row\">\n<div class=\"col-12 col-md-4 label ng-binding\">Volume (l)<\/div>\n<div class=\"col-12 col-md-8 value ng-binding\">15L<\/div>\n<\/div>\n<\/div>\n<\/div>\n<div class=\"row ng-scope\">\n<div class=\"col-12 ng-scope\">\n<div class=\"row\">\n<div class=\"col-12 col-md-4 label ng-binding\">Dimensions<\/div>\n<div class=\"col-12 col-md-8 value ng-binding\">28*37*18<\/div>\n<\/div>\n<\/div>\n<\/div>\n<div class=\"row ng-scope\">\n<div class=\"col-12 ng-scope\">\n<div class=\"row\">\n<div class=\"col-12 col-md-4 label ng-binding\">Material composition (outer)<\/div>\n<div class=\"col-12 col-md-8 value ng-binding\">100% Polyester<\/div>\n<\/div>\n<\/div>\n<\/div>\n<div class=\"row ng-scope\">\n<div class=\"col-12 ng-scope\">\n<div class=\"row\">\n<div class=\"col-12 col-md-4 label ng-binding\">Material composition (inside)<\/div>\n<\/div>\n<\/div>\n<\/div>\n<\/div>\n<\/div>","protected":false},"excerpt":{"rendered":"<p>Der Paw Patrol x HEAD Tennis Backpack ist f\u00fcr Kinder gemacht, die Sport und Abenteuer lieben. Dieser 15 Liter Backpack hat ein spezielles Fach f\u00fcr einen Tennisschl\u00e4ger und ist somit ideal f\u00fcr junge Tennisspieler. Mit viel Platz f\u00fcr Schulbedarf, Sportbekleidung und andere wichtige Dinge ist er sowohl praktisch als auch lustig. Das lilafarbene und rosafarbene [&#8230;]\n","protected":false},"featured_media":3138,"template":"","meta":{"_acf_changed":false,"_monsterinsights_skip_tracking":false,"_monsterinsights_sitenote_active":false,"_monsterinsights_sitenote_note":"","_monsterinsights_sitenote_category":0},"product_brand":[],"product_cat":[108],"product_tag":[],"class_list":{"0":"post-3065","1":"product","2":"type-product","3":"status-publish","4":"has-post-thumbnail","6":"product_cat-head-rucksaecke","8":"first","9":"instock","10":"sale","11":"shipping-taxable","12":"purchasable","13":"product-type-simple"},"supplier_id":null,"supplier_sku":"","barcode":null,"atum_controlled":true,"out_stock_date":null,"out_stock_threshold":null,"inheritable":false,"inbound_stock":0,"stock_on_hold":0,"sold_today":0,"sales_last_days":0,"reserved_stock":0,"customer_returns":0,"warehouse_damage":0,"lost_in_post":0,"other_logs":0,"out_stock_days":0,"lost_sales":0,"has_location":false,"update_date":"2026-05-15T00:05:37","atum_locations":[],"atum_stock_status":"instock","restock_status":false,"low_stock_amount":"","sales_update_date":"2026-05-15T00:05:37","calc_backorders":0,"acf":[],"_links":{"self":[{"href":"https:\/\/topspinservice.at\/en\/wp-json\/wp\/v2\/product\/3065","targetHints":{"allow":["GET"]}}],"collection":[{"href":"https:\/\/topspinservice.at\/en\/wp-json\/wp\/v2\/product"}],"about":[{"href":"https:\/\/topspinservice.at\/en\/wp-json\/wp\/v2\/types\/product"}],"wp:featuredmedia":[{"embeddable":true,"href":"https:\/\/topspinservice.at\/en\/wp-json\/wp\/v2\/media\/3138"}],"wp:attachment":[{"href":"https:\/\/topspinservice.at\/en\/wp-json\/wp\/v2\/media?parent=3065"}],"wp:term":[{"taxonomy":"product_brand","embeddable":true,"href":"https:\/\/topspinservice.at\/en\/wp-json\/wp\/v2\/product_brand?post=3065"},{"taxonomy":"product_cat","embeddable":true,"href":"https:\/\/topspinservice.at\/en\/wp-json\/wp\/v2\/product_cat?post=3065"},{"taxonomy":"product_tag","embeddable":true,"href":"https:\/\/topspinservice.at\/en\/wp-json\/wp\/v2\/product_tag?post=3065"}],"curies":[{"name":"wp","href":"https:\/\/api.w.org\/{rel}","templated":true}]}}