{"id":3124,"date":"2026-01-02T18:46:23","date_gmt":"2026-01-02T17:46:23","guid":{"rendered":"https:\/\/topspinservice.at\/?post_type=product&#038;p=3124"},"modified":"2026-01-12T22:05:52","modified_gmt":"2026-01-12T21:05:52","slug":"head-djokovic-dampener-2er","status":"publish","type":"product","link":"https:\/\/topspinservice.at\/en\/produkt\/head-djokovic-dampener-2er","title":{"rendered":"Head Djokovic Dampener 2er"},"content":{"rendered":"<p><span class=\"ng-binding\">Setze ihn zwischen die beiden mittleren L\u00e4ngssaiten und sp\u00fcre den Unterschied. Der DJOKOVIC D\u00c4MPFER besteht aus Silikon und Gummi, verringert die Saitenschwingungen, erh\u00f6ht den Komfort und sch\u00fctzt deinen Arm. Novak Djokovic verwendet ihn \u00fcbrigens selbst. Der Djokovic D\u00e4mpfer ist in wei\u00df und schwarz erh\u00e4ltlich und tr\u00e4gt Novaks Logo.<\/span><\/p>","protected":false},"excerpt":{"rendered":"<p>Setze ihn zwischen die beiden mittleren L\u00e4ngssaiten und sp\u00fcre den Unterschied. Der DJOKOVIC D\u00c4MPFER besteht aus Silikon und Gummi, verringert die Saitenschwingungen, erh\u00f6ht den Komfort und sch\u00fctzt deinen Arm. Novak Djokovic verwendet ihn \u00fcbrigens selbst. Der Djokovic D\u00e4mpfer ist in wei\u00df und schwarz erh\u00e4ltlich und tr\u00e4gt Novaks Logo.<\/p>","protected":false},"featured_media":3128,"template":"","meta":{"_acf_changed":false,"_monsterinsights_skip_tracking":false,"_monsterinsights_sitenote_active":false,"_monsterinsights_sitenote_note":"","_monsterinsights_sitenote_category":0},"product_brand":[],"product_cat":[289],"product_tag":[241,239,240,224],"class_list":{"0":"post-3124","1":"product","2":"type-product","3":"status-publish","4":"has-post-thumbnail","6":"product_cat-vibrationsstopper","7":"product_tag-grap","8":"product_tag-overgrip","9":"product_tag-super","10":"product_tag-yonex","12":"first","13":"instock","14":"sale","15":"shipping-taxable","16":"purchasable","17":"product-type-variable","18":"has-default-attributes"},"supplier_id":null,"supplier_sku":"","barcode":null,"atum_controlled":true,"out_stock_date":null,"out_stock_threshold":null,"inheritable":true,"inbound_stock":0,"stock_on_hold":0,"sold_today":0,"sales_last_days":0,"reserved_stock":0,"customer_returns":0,"warehouse_damage":0,"lost_in_post":0,"other_logs":0,"out_stock_days":0,"lost_sales":0,"has_location":false,"update_date":"2026-05-12T00:03:34","atum_locations":[],"atum_stock_status":"instock","restock_status":false,"low_stock_amount":"","sales_update_date":"2026-05-12T00:03:34","calc_backorders":null,"acf":[],"_links":{"self":[{"href":"https:\/\/topspinservice.at\/en\/wp-json\/wp\/v2\/product\/3124","targetHints":{"allow":["GET"]}}],"collection":[{"href":"https:\/\/topspinservice.at\/en\/wp-json\/wp\/v2\/product"}],"about":[{"href":"https:\/\/topspinservice.at\/en\/wp-json\/wp\/v2\/types\/product"}],"wp:featuredmedia":[{"embeddable":true,"href":"https:\/\/topspinservice.at\/en\/wp-json\/wp\/v2\/media\/3128"}],"wp:attachment":[{"href":"https:\/\/topspinservice.at\/en\/wp-json\/wp\/v2\/media?parent=3124"}],"wp:term":[{"taxonomy":"product_brand","embeddable":true,"href":"https:\/\/topspinservice.at\/en\/wp-json\/wp\/v2\/product_brand?post=3124"},{"taxonomy":"product_cat","embeddable":true,"href":"https:\/\/topspinservice.at\/en\/wp-json\/wp\/v2\/product_cat?post=3124"},{"taxonomy":"product_tag","embeddable":true,"href":"https:\/\/topspinservice.at\/en\/wp-json\/wp\/v2\/product_tag?post=3124"}],"curies":[{"name":"wp","href":"https:\/\/api.w.org\/{rel}","templated":true}]}}