{"id":3136,"date":"2026-01-02T19:28:45","date_gmt":"2026-01-02T18:28:45","guid":{"rendered":"https:\/\/topspinservice.at\/?post_type=product&#038;p=3136"},"modified":"2026-01-02T19:32:18","modified_gmt":"2026-01-02T18:32:18","slug":"head-kids-tour-backpack-14l-monster","status":"publish","type":"product","link":"https:\/\/topspinservice.at\/en\/produkt\/head-kids-tour-backpack-14l-monster","title":{"rendered":"Head Kids Tour Backpack 14L Monster"},"content":{"rendered":"<p><span class=\"ng-binding\">Der leichte und bequeme KIDS TOUR BACKPACK 14L MONSTER ist ebenso verspielt wie funktionell. Die neue Farbgebung und das Design sind von der Welt der Monster inspiriert und passen zur NOVAK Junior Schl\u00e4gerserie. Kinder werden diese Tasche lieben, denn sie bietet ein Fach auf der R\u00fcckseite f\u00fcr einen Schl\u00e4ger, ein Hauptfach f\u00fcr Kleidung und Schuhe sowie ein Zubeh\u00f6rfach mit Rei\u00dfverschluss auf der Vorderseite. F\u00fcr optimalen Sitz und Komfort sind die Rucksackgurte und die Brustschnalle perfekt auf Kinder zugeschnitten. Zur Ausstattung geh\u00f6rt auch ein Namensschild im Inneren der Tasche.<\/p>\n<p>\u2022 Neue Farbgebung und witziges Monsterdesign<br \/>\n\u2022 Hauptfach<br \/>\n\u2022 Fach an der R\u00fcckseite f\u00fcr einen Schl\u00e4ger<br \/>\n\u2022 Zubeh\u00f6rfach mit Rei\u00dfverschluss vorne<br \/>\n\u2022 Kindgerechte Rucksackgurte mit Brustschnalle<br \/>\n\u2022 Namensschild innen<\/span><\/p>\n<h2 class=\"collapsible-toggle collapsible-icon ng-binding\" tabindex=\"0\" role=\"button\">FACTS<\/h2>\n<div class=\"collapsible-content ng-scope\">\n<div class=\"row ng-scope\">\n<div class=\"col-12 ng-scope\">\n<div class=\"row\">\n<div class=\"col-12 col-md-4 label ng-binding\">Colors<\/div>\n<div class=\"col-12 col-md-8 value ng-binding\">acid green\/black<\/div>\n<\/div>\n<\/div>\n<\/div>\n<div class=\"row ng-scope\">\n<div class=\"col-12 ng-scope\">\n<div class=\"row\">\n<div class=\"col-12 col-md-4 label ng-binding\">Volume (l)<\/div>\n<div class=\"col-12 col-md-8 value ng-binding\">14<\/div>\n<\/div>\n<\/div>\n<\/div>\n<div class=\"row ng-scope\">\n<div class=\"col-12 ng-scope\">\n<div class=\"row\">\n<div class=\"col-12 col-md-4 label ng-binding\">Dimensions<\/div>\n<div class=\"col-12 col-md-8 value ng-binding\">30*36*16<\/div>\n<\/div>\n<\/div>\n<\/div>\n<div class=\"row ng-scope\">\n<div class=\"col-12 ng-scope\">\n<div class=\"row\">\n<div class=\"col-12 col-md-4 label ng-binding\">Material composition (outer)<\/div>\n<div class=\"col-12 col-md-8 value ng-binding\">100% Polyester<\/div>\n<\/div>\n<\/div>\n<\/div>\n<div class=\"row ng-scope\">\n<div class=\"col-12 ng-scope\">\n<div class=\"row\">\n<div class=\"col-12 col-md-4 label ng-binding\">Material composition (inside)<\/div>\n<div class=\"col-12 col-md-8 value ng-binding\">100% Polyester<\/div>\n<\/div>\n<\/div>\n<\/div>\n<\/div>","protected":false},"excerpt":{"rendered":"<p>Der leichte und bequeme KIDS TOUR BACKPACK 14L MONSTER ist ebenso verspielt wie funktionell. Die neue Farbgebung und das Design sind von der Welt der Monster inspiriert und passen zur NOVAK Junior Schl\u00e4gerserie. Kinder werden diese Tasche lieben, denn sie bietet ein Fach auf der R\u00fcckseite f\u00fcr einen Schl\u00e4ger, ein Hauptfach f\u00fcr Kleidung und Schuhe [&#8230;]\n","protected":false},"featured_media":3137,"template":"","meta":{"_acf_changed":false,"_monsterinsights_skip_tracking":false,"_monsterinsights_sitenote_active":false,"_monsterinsights_sitenote_note":"","_monsterinsights_sitenote_category":0},"product_brand":[],"product_cat":[108],"product_tag":[],"class_list":{"0":"post-3136","1":"product","2":"type-product","3":"status-publish","4":"has-post-thumbnail","6":"product_cat-head-rucksaecke","8":"first","9":"instock","10":"sale","11":"shipping-taxable","12":"purchasable","13":"product-type-simple"},"supplier_id":null,"supplier_sku":"","barcode":null,"atum_controlled":true,"out_stock_date":null,"out_stock_threshold":null,"inheritable":false,"inbound_stock":0,"stock_on_hold":0,"sold_today":0,"sales_last_days":0,"reserved_stock":0,"customer_returns":0,"warehouse_damage":0,"lost_in_post":0,"other_logs":0,"out_stock_days":0,"lost_sales":0,"has_location":false,"update_date":"2026-05-14T00:04:19","atum_locations":[],"atum_stock_status":"instock","restock_status":false,"low_stock_amount":"","sales_update_date":"2026-05-14T00:04:19","calc_backorders":0,"acf":[],"_links":{"self":[{"href":"https:\/\/topspinservice.at\/en\/wp-json\/wp\/v2\/product\/3136","targetHints":{"allow":["GET"]}}],"collection":[{"href":"https:\/\/topspinservice.at\/en\/wp-json\/wp\/v2\/product"}],"about":[{"href":"https:\/\/topspinservice.at\/en\/wp-json\/wp\/v2\/types\/product"}],"wp:featuredmedia":[{"embeddable":true,"href":"https:\/\/topspinservice.at\/en\/wp-json\/wp\/v2\/media\/3137"}],"wp:attachment":[{"href":"https:\/\/topspinservice.at\/en\/wp-json\/wp\/v2\/media?parent=3136"}],"wp:term":[{"taxonomy":"product_brand","embeddable":true,"href":"https:\/\/topspinservice.at\/en\/wp-json\/wp\/v2\/product_brand?post=3136"},{"taxonomy":"product_cat","embeddable":true,"href":"https:\/\/topspinservice.at\/en\/wp-json\/wp\/v2\/product_cat?post=3136"},{"taxonomy":"product_tag","embeddable":true,"href":"https:\/\/topspinservice.at\/en\/wp-json\/wp\/v2\/product_tag?post=3136"}],"curies":[{"name":"wp","href":"https:\/\/api.w.org\/{rel}","templated":true}]}}