{"id":3162,"date":"2026-01-03T22:19:47","date_gmt":"2026-01-03T21:19:47","guid":{"rendered":"https:\/\/topspinservice.at\/?post_type=product&#038;p=3162"},"modified":"2026-03-14T22:32:00","modified_gmt":"2026-03-14T21:32:00","slug":"yonex-vcore-98-305g-2026-ruby-red","status":"publish","type":"product","link":"https:\/\/topspinservice.at\/en\/produkt\/yonex-vcore-98-305g-2026-ruby-red","title":{"rendered":"Yonex VCORE 98 305g 2026 Ruby Red"},"content":{"rendered":"<h3 data-path-to-node=\"2\"><b data-path-to-node=\"2\" data-index-in-node=\"0\">Der neue Yonex VCORE 98 (Gen 8) \u2013 Pr\u00e4zision trifft auf Power<\/b><\/h3>\n<p data-path-to-node=\"3\">Mit dem 2026er Update verpasst Yonex seiner beliebten Spin-Maschine ein kr\u00e4ftiges Upgrade. Die 8. Generation des VCORE 98 beh\u00e4lt den 98er-Kopf und das offene Saitenbild bei, bietet aber dank der modifizierten \u201eEnergized Isometric\u201c-Kopfform ein noch gr\u00f6\u00dferes Spin-Fenster im oberen Rahmenbereich.<\/p>\n<p data-path-to-node=\"4\"><b data-path-to-node=\"4\" data-index-in-node=\"0\">Was den VCORE 98 besonders macht:<\/b> Im Vergleich zum VCORE 100 agiert dieses Modell pr\u00e4ziser und vorhersehbarer. Du kannst Ziele punktgenau anvisieren und profitierst dennoch von einem extrem schnellen Handling \u2013 ideal f\u00fcr aggressive Schl\u00e4ge aus dem Lauf oder schnelle Reaktionen am Netz.<\/p>\n<p data-path-to-node=\"5\"><b data-path-to-node=\"5\" data-index-in-node=\"0\">Die Neuerungen f\u00fcr 2026:<\/b><\/p>\n<ul data-path-to-node=\"6\">\n<li>\n<p data-path-to-node=\"6,0,0\"><b data-path-to-node=\"6,0,0\" data-index-in-node=\"0\">Neues Rahmenprofil:<\/b> Aerodynamischer f\u00fcr mehr Speed, aber an Schl\u00fcsselstellen verst\u00e4rkt f\u00fcr extra Stabilit\u00e4t und Power.<\/p>\n<\/li>\n<li>\n<p data-path-to-node=\"6,1,0\"><b data-path-to-node=\"6,1,0\" data-index-in-node=\"0\"><span class=\"citation-1\">Mehr Snapback:<\/span><\/b><span class=\"citation-1 citation-end-1\"> Verbreiterte \u00d6sen sorgen f\u00fcr mehr Saitenbewegung und massiven Spin.<\/span><\/p>\n<\/li>\n<li>\n<p data-path-to-node=\"6,2,0\"><b data-path-to-node=\"6,2,0\" data-index-in-node=\"0\">Besseres Gef\u00fchl:<\/b> Eine verl\u00e4ngerte Rille an der Spitze optimiert den Flex und das \u201eBall-Pocketing\u201c.<\/p>\n<\/li>\n<\/ul>\n<p data-path-to-node=\"7\">Technologien wie <b data-path-to-node=\"7\" data-index-in-node=\"17\">2 NAMD FlexForce Graphit<\/b>, der <b data-path-to-node=\"7\" data-index-in-node=\"47\">Servo Filter<\/b> und das <b data-path-to-node=\"7\" data-index-in-node=\"68\">Vibration Dampening Mesh<\/b> im Griff garantieren dabei ein sattes, vibrationsarmes Schlaggef\u00fchl. Perfekt f\u00fcr Fortgeschrittene, die Spin, Gef\u00fchl und Kontrolle suchen.<\/p>\n<p><strong>Specs<\/strong><br \/>\nHead Size 98 sq.in.<br \/>\nWeight 305 g \/ 10.8 oz<br \/>\nGrip Size 1 &#8211; 4<br \/>\nLength 27 in.<br \/>\nWidth Range 23 mm &#8211; 23.5 mm &#8211; 22 mm<br \/>\nBalance Point 315 mm<br \/>\nMaterial HM GRAPHITE \/ 2G-Namd\u2122 FLEX FORCE \/ SERVO FILTER \/ VDM<br \/>\nColor(s) Ruby Red<br \/>\nStringing Pattern 16 x 19<\/p>","protected":false},"excerpt":{"rendered":"<p>Der neue Yonex VCORE 98 (Gen 8) \u2013 Pr\u00e4zision trifft auf Power Mit dem 2026er Update verpasst Yonex seiner beliebten Spin-Maschine ein kr\u00e4ftiges Upgrade. Die 8. Generation des VCORE 98 beh\u00e4lt den 98er-Kopf und das offene Saitenbild bei, bietet aber dank der modifizierten \u201eEnergized Isometric\u201c-Kopfform ein noch gr\u00f6\u00dferes Spin-Fenster im oberen Rahmenbereich. Was den VCORE [&#8230;]\n","protected":false},"featured_media":3292,"template":"","meta":{"_acf_changed":false,"_monsterinsights_skip_tracking":false,"_monsterinsights_sitenote_active":false,"_monsterinsights_sitenote_note":"","_monsterinsights_sitenote_category":0},"product_brand":[],"product_cat":[18],"product_tag":[319,318,19,20,21],"class_list":{"0":"post-3162","1":"product","2":"type-product","3":"status-publish","4":"has-post-thumbnail","6":"product_cat-yonex-vcore-kaufen","7":"product_tag-red","8":"product_tag-ruby","9":"product_tag-schlaeger","10":"product_tag-spin","11":"product_tag-vcore","13":"first","14":"outofstock","15":"sale","16":"shipping-taxable","17":"purchasable","18":"product-type-variable","19":"has-default-attributes"},"supplier_id":null,"supplier_sku":"","barcode":null,"atum_controlled":true,"out_stock_date":null,"out_stock_threshold":null,"inheritable":false,"inbound_stock":0,"stock_on_hold":0,"sold_today":0,"sales_last_days":0,"reserved_stock":0,"customer_returns":0,"warehouse_damage":0,"lost_in_post":0,"other_logs":0,"out_stock_days":0,"lost_sales":0,"has_location":null,"update_date":"2026-05-07T01:39:05","atum_locations":[],"atum_stock_status":"outofstock","restock_status":false,"low_stock_amount":"","sales_update_date":"2026-05-07T01:39:05","calc_backorders":null,"acf":[],"_links":{"self":[{"href":"https:\/\/topspinservice.at\/en\/wp-json\/wp\/v2\/product\/3162","targetHints":{"allow":["GET"]}}],"collection":[{"href":"https:\/\/topspinservice.at\/en\/wp-json\/wp\/v2\/product"}],"about":[{"href":"https:\/\/topspinservice.at\/en\/wp-json\/wp\/v2\/types\/product"}],"wp:featuredmedia":[{"embeddable":true,"href":"https:\/\/topspinservice.at\/en\/wp-json\/wp\/v2\/media\/3292"}],"wp:attachment":[{"href":"https:\/\/topspinservice.at\/en\/wp-json\/wp\/v2\/media?parent=3162"}],"wp:term":[{"taxonomy":"product_brand","embeddable":true,"href":"https:\/\/topspinservice.at\/en\/wp-json\/wp\/v2\/product_brand?post=3162"},{"taxonomy":"product_cat","embeddable":true,"href":"https:\/\/topspinservice.at\/en\/wp-json\/wp\/v2\/product_cat?post=3162"},{"taxonomy":"product_tag","embeddable":true,"href":"https:\/\/topspinservice.at\/en\/wp-json\/wp\/v2\/product_tag?post=3162"}],"curies":[{"name":"wp","href":"https:\/\/api.w.org\/{rel}","templated":true}]}}