{"id":3191,"date":"2026-01-03T23:02:44","date_gmt":"2026-01-03T22:02:44","guid":{"rendered":"https:\/\/topspinservice.at\/?post_type=product&#038;p=3191"},"modified":"2026-01-26T17:56:43","modified_gmt":"2026-01-26T16:56:43","slug":"head-speed-tour-305g-2026","status":"publish","type":"product","link":"https:\/\/topspinservice.at\/en\/produkt\/head-speed-tour-305g-2026","title":{"rendered":"Head Speed TOUR 305g 2026"},"content":{"rendered":"<p><span class=\"ng-binding\">Nach R\u00fccksprache mit SPEED-Spielern hat HEAD ein neues Modell in die meistverkaufte Serie eingef\u00fchrt, die im Mittelpunkt des \u201eTennis Tour Racquet Compass\u201c von HEAD steht. Als erster SPEED-Schl\u00e4ger mit einer kleineren Kopfgr\u00f6\u00dfe von 626 cm\u00b2 oder 97 in\u00b2 und einem relativ hohen Gewicht von 305 Gramm bietet der SPEED TOUR 2026 hervorragende Kontrolle. Mit einem Schl\u00e4ger, der von Jannik Sinner unterst\u00fctzt wird und ein 16&#215;19 Saitenmuster hat, das mehr Spin als der SPEED PRO 2026 erm\u00f6glicht, k\u00f6nnen Sie alles erreichen. Hochmodernes Hy-Bor, ein Materialmix, der haupts\u00e4chlich in der High-Tech-Luft- und Raumfahrtindustrie verwendet wird, wurde dem Schaft hinzugef\u00fcgt, um die wahrgenommene Stabilit\u00e4t und das charakteristische solide Aufprallgef\u00fchl zu verbessern. Zu den Innovationen geh\u00f6rt auch die Auxetic 2.0-Technologie f\u00fcr ein besseres Ballgef\u00fchl. Metallische Farben und ein mattes Finish verleihen dem ikonischen Schwarz-Wei\u00df-Design der SPEED-Serie einen frischen und zeitgem\u00e4\u00dfen Touch.<\/p>\n<p>\u2022 Neues Modell f\u00fcr Turnierspieler, die einen Allrounder mit der perfekten Mischung aus Kraft, Kontrolle und Spin suchen<br \/>\n\u2022 Hervorragende Kontrolle durch den ersten SPEED-Rahmen mit einer kleineren Kopfgr\u00f6\u00dfe von 626 cm\u00b2 oder 97 in\u00b2 und dem relativ hohen Gewicht von 305 Gramm<br \/>\n\u2022 H\u00f6heres Spin-Niveau als der SPEED PRO mit seinem 16&#215;19 Saitenmuster \u2022 Die meistverkaufte SPEED-Serie steht im Mittelpunkt des \u201eTennis Tour Racquet Compass\u201c von HEAD<br \/>\n\u2022 Hy-Bor verbessert die wahrgenommene Stabilit\u00e4t und das charakteristische solide Aufprallgef\u00fchl<br \/>\n\u2022 Auxetic 2.0-Technologie f\u00fcr ein besseres Ballgef\u00fchl<br \/>\n\u2022 Directional Drilling und Power Grommets f\u00fcr Saitenbewegung, die ein hohes Ma\u00df an Kraft und Gef\u00fchl erm\u00f6glicht<br \/>\n\u2022 Unterst\u00fctzt von Jannik Sinner<br \/>\n\u2022 Metallische Farben und ein mattes Finish f\u00fcr eine frische Interpretation des ikonischen Schwarz-Wei\u00df-Designs der SPEED-Serie<\/span><\/p>\n<h2 class=\"collapsible-toggle collapsible-icon ng-binding\" tabindex=\"0\" role=\"button\">FACTS<\/h2>\n<div class=\"collapsible-content ng-scope\">\n<div class=\"row ng-scope\">\n<div class=\"col-12 ng-scope\">\n<div class=\"row\">\n<div class=\"col-12 col-md-4 label ng-binding\">Weight (unstrung)<\/div>\n<div class=\"col-12 col-md-8 value ng-binding\">305 g \/ 10.8 oz<\/div>\n<\/div>\n<\/div>\n<\/div>\n<div class=\"row ng-scope\">\n<div class=\"col-12 ng-scope\">\n<div class=\"row\">\n<div class=\"col-12 col-md-4 label ng-binding\">Covering pattern<\/div>\n<div class=\"col-12 col-md-8 value ng-binding\">16\/19<\/div>\n<\/div>\n<\/div>\n<\/div>\n<div class=\"row ng-scope\">\n<div class=\"col-12 ng-scope\">\n<div class=\"row\">\n<div class=\"col-12 col-md-4 label ng-binding\">striking surface size<\/div>\n<div class=\"col-12 col-md-8 value ng-binding\">626 cm\u00b2 \/ 97 in\u00b2<\/div>\n<\/div>\n<\/div>\n<\/div>\n<div class=\"row ng-scope\">\n<div class=\"col-12 ng-scope\">\n<div class=\"row\">\n<div class=\"col-12 col-md-4 label ng-binding\">balance<\/div>\n<div class=\"col-12 col-md-8 value ng-binding\">315 mm \/ 1 in HL<\/div>\n<\/div>\n<\/div>\n<\/div>\n<div class=\"row ng-scope\">\n<div class=\"col-12 ng-scope\">\n<div class=\"row\">\n<div class=\"col-12 col-md-4 label ng-binding\">length<\/div>\n<div class=\"col-12 col-md-8 value ng-binding\">685 mm \/ 27.0 in<\/div>\n<\/div>\n<\/div>\n<\/div>\n<div class=\"row ng-scope\">\n<div class=\"col-12 ng-scope\">\n<div class=\"row\">\n<div class=\"col-12 col-md-4 label ng-binding\">Frame thickness<\/div>\n<div class=\"col-12 col-md-8 value ng-binding\">23 mm<\/div>\n<\/div>\n<\/div>\n<\/div>\n<\/div>","protected":false},"excerpt":{"rendered":"<p>630cm\u00b2; 16\/19; 305g; 23mm<\/p>","protected":false},"featured_media":3272,"template":"","meta":{"_acf_changed":false,"_monsterinsights_skip_tracking":false,"_monsterinsights_sitenote_active":false,"_monsterinsights_sitenote_note":"","_monsterinsights_sitenote_category":0},"product_brand":[],"product_cat":[91],"product_tag":[159,19,163],"class_list":{"0":"post-3191","1":"product","2":"type-product","3":"status-publish","4":"has-post-thumbnail","6":"product_cat-head-speed-kaufen","7":"product_tag-head","8":"product_tag-schlaeger","9":"product_tag-speed","11":"first","12":"instock","13":"sale","14":"shipping-taxable","15":"purchasable","16":"product-type-variable","17":"has-default-attributes"},"supplier_id":null,"supplier_sku":"","barcode":null,"atum_controlled":true,"out_stock_date":null,"out_stock_threshold":null,"inheritable":false,"inbound_stock":0,"stock_on_hold":0,"sold_today":0,"sales_last_days":0,"reserved_stock":0,"customer_returns":0,"warehouse_damage":0,"lost_in_post":0,"other_logs":0,"out_stock_days":0,"lost_sales":0,"has_location":null,"update_date":"2026-05-07T01:39:03","atum_locations":[],"atum_stock_status":"instock","restock_status":false,"low_stock_amount":"","sales_update_date":"2026-05-07T01:39:03","calc_backorders":null,"acf":[],"_links":{"self":[{"href":"https:\/\/topspinservice.at\/en\/wp-json\/wp\/v2\/product\/3191","targetHints":{"allow":["GET"]}}],"collection":[{"href":"https:\/\/topspinservice.at\/en\/wp-json\/wp\/v2\/product"}],"about":[{"href":"https:\/\/topspinservice.at\/en\/wp-json\/wp\/v2\/types\/product"}],"wp:featuredmedia":[{"embeddable":true,"href":"https:\/\/topspinservice.at\/en\/wp-json\/wp\/v2\/media\/3272"}],"wp:attachment":[{"href":"https:\/\/topspinservice.at\/en\/wp-json\/wp\/v2\/media?parent=3191"}],"wp:term":[{"taxonomy":"product_brand","embeddable":true,"href":"https:\/\/topspinservice.at\/en\/wp-json\/wp\/v2\/product_brand?post=3191"},{"taxonomy":"product_cat","embeddable":true,"href":"https:\/\/topspinservice.at\/en\/wp-json\/wp\/v2\/product_cat?post=3191"},{"taxonomy":"product_tag","embeddable":true,"href":"https:\/\/topspinservice.at\/en\/wp-json\/wp\/v2\/product_tag?post=3191"}],"curies":[{"name":"wp","href":"https:\/\/api.w.org\/{rel}","templated":true}]}}