{"id":3200,"date":"2026-01-03T23:07:20","date_gmt":"2026-01-03T22:07:20","guid":{"rendered":"https:\/\/topspinservice.at\/?post_type=product&#038;p=3200"},"modified":"2026-01-26T17:56:43","modified_gmt":"2026-01-26T16:56:43","slug":"head-speed-mpl-285g-2026","status":"publish","type":"product","link":"https:\/\/topspinservice.at\/en\/produkt\/head-speed-mpl-285g-2026","title":{"rendered":"Head Speed MP L 285g 2026"},"content":{"rendered":"<p>Spielen Sie schnell mit dem SPEED MP L 2026, einer leichteren Version des SPEED MP 2026, die wendiger und leichter zu schwingen ist. Fortgeschrittene Spieler und erfahrene Junioren k\u00f6nnen mit einem Schl\u00e4ger, der eine ideale Mischung aus Kraft und Kontrolle bietet, alles erreichen. Er ist Teil der meistverkauften SPEED-Serie, die von Jannik Sinner unterst\u00fctzt wird und im Mittelpunkt des \u201eTennis Tour Racquet Compass\u201c von HEAD steht. Mit seinem 16&#215;19 SPEED-Saitenmuster bietet dieser Allrounder pr\u00e4zise Kraft und ist 5 Gramm schwerer als die vorherige Version, was zu einer leichten Leistungssteigerung f\u00fchrt. Die Einf\u00fchrung von Hy-Bor \u2013 einem hochmodernen Materialmix, der haupts\u00e4chlich in der High-Tech-Luft- und Raumfahrtindustrie verwendet wird \u2013 im Schaft verbessert die wahrgenommene Stabilit\u00e4t und das charakteristische solide Aufprallgef\u00fchl. Zu den Innovationen geh\u00f6rt auch die Auxetic 2.0-Technologie f\u00fcr ein besseres Ballgef\u00fchl. Metallische Farben und ein mattes Finish verleihen dem ikonischen Schwarz-Wei\u00df-Design der SPEED-Serie einen frischen und zeitgem\u00e4\u00dfen Touch.<\/p>\n<p>\u2022 F\u00fcr fortgeschrittene Spieler und erfahrene Junioren, die einen wendigen Schl\u00e4ger mit der perfekten Mischung aus Kraft und Kontrolle suchen<br \/>\n\u2022 Eine leichtere und wendigere Version des SPEED MP 2026<br \/>\n\u2022 5 Gramm schwerer als die vorherige Version f\u00fcr eine leichte Leistungssteigerung<br \/>\n\u2022 Die meistverkaufte SPEED-Serie steht im Mittelpunkt des \u201eTennis Tour Racquet Compass\u201c von HEAD<br \/>\n\u2022 Pr\u00e4zise Kraft mit dem 16&#215;19 SPEED-Saitenmuster<br \/>\n\u2022 Hy-Bor verbessert die wahrgenommene Stabilit\u00e4t und das charakteristische solide Aufprallgef\u00fchl<br \/>\n\u2022 Auxetic 2.0-Technologie f\u00fcr ein besseres Ballgef\u00fchl<br \/>\n\u2022 Hervorragendes Handling<br \/>\n\u2022 Directional Drilling und Power Grommets f\u00fcr Saitenbewegung, die ein hohes Ma\u00df an Kraft und Gef\u00fchl erm\u00f6glicht<br \/>\n\u2022 Unterst\u00fctzt von Jannik Sinner<br \/>\n\u2022 Metallische Farben und ein mattes Finish f\u00fcr eine frische Interpretation des ikonischen Schwarz-Wei\u00df-Designs der SPEED-Serie<\/p>\n<div class=\"row ng-scope\">\n<div class=\"col-12 ng-scope\">\n<div class=\"row\">\n<div class=\"col-12 col-md-4 label ng-binding\">\n<h2 class=\"collapsible-toggle collapsible-icon ng-binding\" tabindex=\"0\" role=\"button\">FACTS<\/h2>\n<div class=\"collapsible-content ng-scope\">\n<div class=\"row ng-scope\">\n<div class=\"col-12 ng-scope\">\n<div class=\"row\">\n<div class=\"col-12 col-md-4 label ng-binding\">Weight (unstrung)<\/div>\n<div class=\"col-12 col-md-8 value ng-binding\">285 g \/ 10.1 oz<\/div>\n<\/div>\n<\/div>\n<\/div>\n<div class=\"row ng-scope\">\n<div class=\"col-12 ng-scope\">\n<div class=\"row\">\n<div class=\"col-12 col-md-4 label ng-binding\">Covering pattern<\/div>\n<div class=\"col-12 col-md-8 value ng-binding\">16\/19<\/div>\n<\/div>\n<\/div>\n<\/div>\n<div class=\"row ng-scope\">\n<div class=\"col-12 ng-scope\">\n<div class=\"row\">\n<div class=\"col-12 col-md-4 label ng-binding\">striking surface size<\/div>\n<div class=\"col-12 col-md-8 value ng-binding\">645 cm\u00b2 \/ 100 in\u00b2<\/div>\n<\/div>\n<\/div>\n<\/div>\n<div class=\"row ng-scope\">\n<div class=\"col-12 ng-scope\">\n<div class=\"row\">\n<div class=\"col-12 col-md-4 label ng-binding\">balance<\/div>\n<div class=\"col-12 col-md-8 value ng-binding\">325 mm \/ 0.7 in HL<\/div>\n<\/div>\n<\/div>\n<\/div>\n<div class=\"row ng-scope\">\n<div class=\"col-12 ng-scope\">\n<div class=\"row\">\n<div class=\"col-12 col-md-4 label ng-binding\">length<\/div>\n<div class=\"col-12 col-md-8 value ng-binding\">685 mm \/ 27.0 in<\/div>\n<\/div>\n<\/div>\n<\/div>\n<div class=\"row ng-scope\">\n<div class=\"col-12 ng-scope\">\n<div class=\"row\">\n<div class=\"col-12 col-md-4 label ng-binding\">Frame thickness<\/div>\n<div class=\"col-12 col-md-8 value ng-binding\">23 mm<\/div>\n<\/div>\n<\/div>\n<\/div>\n<\/div>\n<\/div>\n<\/div>\n<\/div>\n<\/div>","protected":false},"excerpt":{"rendered":"<p>645cm\u00b2; 16\/19; 285g; 23mm<\/p>","protected":false},"featured_media":3272,"template":"","meta":{"_acf_changed":false,"_monsterinsights_skip_tracking":false,"_monsterinsights_sitenote_active":false,"_monsterinsights_sitenote_note":"","_monsterinsights_sitenote_category":0},"product_brand":[],"product_cat":[91],"product_tag":[159,160,19],"class_list":{"0":"post-3200","1":"product","2":"type-product","3":"status-publish","4":"has-post-thumbnail","6":"product_cat-head-speed-kaufen","7":"product_tag-head","8":"product_tag-radical","9":"product_tag-schlaeger","11":"first","12":"instock","13":"sale","14":"shipping-taxable","15":"purchasable","16":"product-type-variable","17":"has-default-attributes"},"supplier_id":null,"supplier_sku":"","barcode":null,"atum_controlled":true,"out_stock_date":null,"out_stock_threshold":null,"inheritable":false,"inbound_stock":0,"stock_on_hold":0,"sold_today":0,"sales_last_days":0,"reserved_stock":0,"customer_returns":0,"warehouse_damage":0,"lost_in_post":0,"other_logs":0,"out_stock_days":0,"lost_sales":0,"has_location":null,"update_date":"2026-05-15T00:05:30","atum_locations":[],"atum_stock_status":"instock","restock_status":false,"low_stock_amount":"","sales_update_date":"2026-05-15T00:05:30","calc_backorders":null,"acf":[],"_links":{"self":[{"href":"https:\/\/topspinservice.at\/en\/wp-json\/wp\/v2\/product\/3200","targetHints":{"allow":["GET"]}}],"collection":[{"href":"https:\/\/topspinservice.at\/en\/wp-json\/wp\/v2\/product"}],"about":[{"href":"https:\/\/topspinservice.at\/en\/wp-json\/wp\/v2\/types\/product"}],"wp:featuredmedia":[{"embeddable":true,"href":"https:\/\/topspinservice.at\/en\/wp-json\/wp\/v2\/media\/3272"}],"wp:attachment":[{"href":"https:\/\/topspinservice.at\/en\/wp-json\/wp\/v2\/media?parent=3200"}],"wp:term":[{"taxonomy":"product_brand","embeddable":true,"href":"https:\/\/topspinservice.at\/en\/wp-json\/wp\/v2\/product_brand?post=3200"},{"taxonomy":"product_cat","embeddable":true,"href":"https:\/\/topspinservice.at\/en\/wp-json\/wp\/v2\/product_cat?post=3200"},{"taxonomy":"product_tag","embeddable":true,"href":"https:\/\/topspinservice.at\/en\/wp-json\/wp\/v2\/product_tag?post=3200"}],"curies":[{"name":"wp","href":"https:\/\/api.w.org\/{rel}","templated":true}]}}