{"id":3210,"date":"2026-01-03T23:13:29","date_gmt":"2026-01-03T22:13:29","guid":{"rendered":"https:\/\/topspinservice.at\/?post_type=product&#038;p=3210"},"modified":"2026-01-26T17:56:43","modified_gmt":"2026-01-26T16:56:43","slug":"head-speed-team-270g-2026","status":"publish","type":"product","link":"https:\/\/topspinservice.at\/en\/produkt\/head-speed-team-270g-2026","title":{"rendered":"Head Speed TEAM 270g 2026"},"content":{"rendered":"<p><span class=\"ng-binding\">Mit seinem 677 cm\u00b2 oder 105 in\u00b2 gro\u00dfen Kopf ist der \u00fcbergro\u00dfe SPEED TEAM 2026 der leistungsst\u00e4rkste Schl\u00e4ger in der meistverkauften SPEED-Serie, die im Mittelpunkt des \u201eTennis Tour Racquet Compass\u201c von HEAD steht. Die vergr\u00f6\u00dferte Kopfgr\u00f6\u00dfe bietet einen gr\u00f6\u00dferen Sweetspot und eine h\u00f6here Fehlertoleranz. Leicht zu man\u00f6vrieren und mit einer idealen Mischung aus Kraft und Kontrolle, ist dieses Modell f\u00fcr fortgeschrittene Spieler sowie Anf\u00e4nger konzipiert. Unterst\u00fctzt von Jannik Sinner, verf\u00fcgt der SPEED TEAM 2026 \u00fcber ein 16&#215;19 Saitenmuster, das schnelles Spiel mit pr\u00e4ziser Kraft erm\u00f6glicht; mit diesem Schl\u00e4ger k\u00f6nnen Sie alles erreichen. Hochmodernes Hy-Bor, ein Materialmix, der haupts\u00e4chlich in der High-Tech-Luft- und Raumfahrtindustrie verwendet wird, wurde dem Schaft hinzugef\u00fcgt, um die wahrgenommene Stabilit\u00e4t und das charakteristische solide Aufprallgef\u00fchl zu verbessern. Zu den Innovationen geh\u00f6rt auch die Auxetic 2.0-Technologie f\u00fcr ein besseres Ballgef\u00fchl. Metallische Farben und ein mattes Finish verleihen dem ikonischen Schwarz-Wei\u00df-Design der SPEED-Serie einen frischen und zeitgem\u00e4\u00dfen Touch.<\/p>\n<p>\u2022 F\u00fcr fortgeschrittene und Anf\u00e4nger, die einen wendigen, \u00fcbergro\u00dfen Schl\u00e4ger mit der perfekten Mischung aus Kraft und Kontrolle suchen<br \/>\n\u2022 Der leistungsst\u00e4rkste Schl\u00e4ger in der meistverkauften SPEED-Serie<br \/>\n\u2022 677 cm\u00b2 oder 105 in\u00b2 Kopfgr\u00f6\u00dfe f\u00fcr einen gr\u00f6\u00dferen Sweetspot und h\u00f6here Fehlertoleranz<br \/>\n\u2022 Die SPEED-Serie steht im Mittelpunkt des \u201eTennis Tour Racquet Compass\u201c von HEAD<br \/>\n\u2022 Pr\u00e4zise Kraft mit dem 16&#215;19 SPEED-Saitenmuster<br \/>\n\u2022 Hy-Bor verbessert die wahrgenommene Stabilit\u00e4t und das charakteristische solide Aufprallgef\u00fchl<br \/>\n\u2022 Auxetic 2.0-Technologie f\u00fcr ein besseres Ballgef\u00fchl<br \/>\n\u2022 Directional Drilling und Power Grommets f\u00fcr Saitenbewegung, die ein hohes Ma\u00df an Kraft und Gef\u00fchl erm\u00f6glicht<br \/>\n\u2022 Unterst\u00fctzt von Jannik Sinner<br \/>\n\u2022 Metallische Farben und ein mattes Finish f\u00fcr eine frische Interpretation des ikonischen Schwarz-Wei\u00df-Designs der SPEED-Serie<\/span><\/p>\n<h2 class=\"collapsible-toggle collapsible-icon ng-binding\" tabindex=\"0\" role=\"button\">FACTS<\/h2>\n<div class=\"collapsible-content ng-scope\">\n<div class=\"row ng-scope\">\n<div class=\"col-12 ng-scope\">\n<div class=\"row\">\n<div class=\"col-12 col-md-4 label ng-binding\">Weight (unstrung)<\/div>\n<div class=\"col-12 col-md-8 value ng-binding\">270 g \/ 9.5 oz<\/div>\n<\/div>\n<\/div>\n<\/div>\n<div class=\"row ng-scope\">\n<div class=\"col-12 ng-scope\">\n<div class=\"row\">\n<div class=\"col-12 col-md-4 label ng-binding\">Covering pattern<\/div>\n<div class=\"col-12 col-md-8 value ng-binding\">16\/19<\/div>\n<\/div>\n<\/div>\n<\/div>\n<div class=\"row ng-scope\">\n<div class=\"col-12 ng-scope\">\n<div class=\"row\">\n<div class=\"col-12 col-md-4 label ng-binding\">striking surface size<\/div>\n<div class=\"col-12 col-md-8 value ng-binding\">677 cm\u00b2 \/ 105 in\u00b2<\/div>\n<\/div>\n<\/div>\n<\/div>\n<div class=\"row ng-scope\">\n<div class=\"col-12 ng-scope\">\n<div class=\"row\">\n<div class=\"col-12 col-md-4 label ng-binding\">balance<\/div>\n<div class=\"col-12 col-md-8 value ng-binding\">325 mm \/ 0.8 in HL<\/div>\n<\/div>\n<\/div>\n<\/div>\n<div class=\"row ng-scope\">\n<div class=\"col-12 ng-scope\">\n<div class=\"row\">\n<div class=\"col-12 col-md-4 label ng-binding\">length<\/div>\n<div class=\"col-12 col-md-8 value ng-binding\">692 mm \/ 27.2 in<\/div>\n<\/div>\n<\/div>\n<\/div>\n<div class=\"row ng-scope\">\n<div class=\"col-12 ng-scope\">\n<div class=\"row\">\n<div class=\"col-12 col-md-4 label ng-binding\">Frame thickness<\/div>\n<div class=\"col-12 col-md-8 value ng-binding\">24 mm<\/div>\n<\/div>\n<\/div>\n<\/div>\n<\/div>","protected":false},"excerpt":{"rendered":"<p>680cm\u00b2; 16\/19; 270g; 24mm<\/p>","protected":false},"featured_media":3272,"template":"","meta":{"_acf_changed":false,"_monsterinsights_skip_tracking":false,"_monsterinsights_sitenote_active":false,"_monsterinsights_sitenote_note":"","_monsterinsights_sitenote_category":0},"product_brand":[],"product_cat":[91],"product_tag":[159,160,19],"class_list":{"0":"post-3210","1":"product","2":"type-product","3":"status-publish","4":"has-post-thumbnail","6":"product_cat-head-speed-kaufen","7":"product_tag-head","8":"product_tag-radical","9":"product_tag-schlaeger","11":"first","12":"instock","13":"sale","14":"shipping-taxable","15":"purchasable","16":"product-type-variable","17":"has-default-attributes"},"supplier_id":null,"supplier_sku":"","barcode":null,"atum_controlled":true,"out_stock_date":null,"out_stock_threshold":null,"inheritable":false,"inbound_stock":0,"stock_on_hold":0,"sold_today":0,"sales_last_days":0,"reserved_stock":0,"customer_returns":0,"warehouse_damage":0,"lost_in_post":0,"other_logs":0,"out_stock_days":0,"lost_sales":0,"has_location":null,"update_date":"2026-05-07T01:39:12","atum_locations":[],"atum_stock_status":"instock","restock_status":false,"low_stock_amount":"","sales_update_date":"2026-05-07T01:39:12","calc_backorders":null,"acf":[],"_links":{"self":[{"href":"https:\/\/topspinservice.at\/en\/wp-json\/wp\/v2\/product\/3210","targetHints":{"allow":["GET"]}}],"collection":[{"href":"https:\/\/topspinservice.at\/en\/wp-json\/wp\/v2\/product"}],"about":[{"href":"https:\/\/topspinservice.at\/en\/wp-json\/wp\/v2\/types\/product"}],"wp:featuredmedia":[{"embeddable":true,"href":"https:\/\/topspinservice.at\/en\/wp-json\/wp\/v2\/media\/3272"}],"wp:attachment":[{"href":"https:\/\/topspinservice.at\/en\/wp-json\/wp\/v2\/media?parent=3210"}],"wp:term":[{"taxonomy":"product_brand","embeddable":true,"href":"https:\/\/topspinservice.at\/en\/wp-json\/wp\/v2\/product_brand?post=3210"},{"taxonomy":"product_cat","embeddable":true,"href":"https:\/\/topspinservice.at\/en\/wp-json\/wp\/v2\/product_cat?post=3210"},{"taxonomy":"product_tag","embeddable":true,"href":"https:\/\/topspinservice.at\/en\/wp-json\/wp\/v2\/product_tag?post=3210"}],"curies":[{"name":"wp","href":"https:\/\/api.w.org\/{rel}","templated":true}]}}