{"id":3227,"date":"2026-01-04T10:14:52","date_gmt":"2026-01-04T09:14:52","guid":{"rendered":"https:\/\/topspinservice.at\/?post_type=product&#038;p=3227"},"modified":"2026-05-07T10:11:40","modified_gmt":"2026-05-07T08:11:40","slug":"head-pro-schlaegertasche-l-nv-9er","status":"publish","type":"product","link":"https:\/\/topspinservice.at\/en\/produkt\/head-pro-schlaegertasche-l-nv-9er","title":{"rendered":"Head Pro Schl\u00e4gertasche  L NV 9er"},"content":{"rendered":"<p><span class=\"ng-binding\">Die von Jannik Sinner inspirierte PRO RACQUET BAG L NV hat ein besonderes Design mit pers\u00f6nlichen Details, darunter orangefarbene Rei\u00dfverschl\u00fcsse, die an die roten Haare des Italieners erinnern. Die hochwertige und ger\u00e4umige Tasche bietet Platz f\u00fcr bis zu 9 Schl\u00e4ger, ist in Blau, der Nationalfarbe Italiens, gehalten und mit einer kleinen italienischen Flagge verziert. F\u00fcr zus\u00e4tzlichen Stil ist die Tasche mit dem pers\u00f6nlichen Logo des HEAD-Botschafters verziert, das aus einem \u201eJ\u201c f\u00fcr Jannik, einem \u201eS\u201c f\u00fcr Sinner und einem Berg besteht, die zusammen wie ein Fuchs aussehen, seinem Spitznamen. Das Design enth\u00e4lt auch die Botschaft: \u201eFrom Centre Court with love\u201c (Mit Liebe vom Centre Court). Im Inneren der Tasche ist das Netz mit kleinen F\u00fcchsen verziert.<\/p>\n<p>Es gibt zwei Schl\u00e4gerf\u00e4cher, von denen eines mit der CCT+ Klimatisierungstechnologie ausgestattet ist, die Ihre Schl\u00e4ger vor extremen Temperaturen sch\u00fctzt. Wenn Sie auf den Platz gehen oder zu Ihrem n\u00e4chsten Turnier reisen, k\u00f6nnen Sie Ihre Sachen ganz einfach in dieser Tasche verstauen, die au\u00dferdem mit zwei Au\u00dfentaschen mit Rei\u00dfverschluss f\u00fcr Zubeh\u00f6r, einer Innentasche mit Rei\u00dfverschluss und einem Schuhfach ausgestattet ist.<\/p>\n<p>\u2022 Getragen und inspiriert von Jannik Sinner<br \/>\n\u2022 Erh\u00e4ltlich in Blau, der Nationalfarbe Italiens<br \/>\n\u2022 Pers\u00f6nliche Details wie das Fuchs-Logo von Sinner, die italienische Flagge und orangefarbene Rei\u00dfverschl\u00fcsse<br \/>\n\u2022 Platz f\u00fcr bis zu 9 Schl\u00e4ger<br \/>\n\u2022 2 Schl\u00e4gerf\u00e4cher<br \/>\n\u2022 CCT+ Klimatisierungstechnologie sch\u00fctzt Ihre Schl\u00e4ger<br \/>\n\u2022 2 Au\u00dfentaschen mit Rei\u00dfverschluss f\u00fcr Zubeh\u00f6r<br \/>\n\u2022 Innentasche mit Rei\u00dfverschluss f\u00fcr Zubeh\u00f6r<br \/>\n\u2022 Schuhfach\u00a0<\/span><\/p>\n<h2 class=\"collapsible-toggle collapsible-icon ng-binding\" tabindex=\"0\" role=\"button\">FACTS<\/h2>\n<div class=\"collapsible-content ng-scope\">\n<div class=\"row ng-scope\">\n<div class=\"col-12 ng-scope\">\n<div class=\"row\">\n<div class=\"col-12 col-md-4 label ng-binding\">Farben<\/div>\n<div class=\"col-12 col-md-8 value ng-binding\">navy<\/div>\n<\/div>\n<\/div>\n<\/div>\n<div class=\"row ng-scope\">\n<div class=\"col-12 ng-scope\">\n<div class=\"row\">\n<div class=\"col-12 col-md-4 label ng-binding\">Volumen (l)<\/div>\n<div class=\"col-12 col-md-8 value ng-binding\">60L<\/div>\n<\/div>\n<\/div>\n<\/div>\n<div class=\"row ng-scope\">\n<div class=\"col-12 ng-scope\">\n<div class=\"row\">\n<div class=\"col-12 col-md-4 label ng-binding\">Abmessungen<\/div>\n<div class=\"col-12 col-md-8 value ng-binding\">80*35*34<\/div>\n<\/div>\n<\/div>\n<\/div>\n<div class=\"row ng-scope\">\n<div class=\"col-12 ng-scope\">\n<div class=\"row\">\n<div class=\"col-12 col-md-4 label ng-binding\">Materialzusammensetzung (au\u00dfen)<\/div>\n<div class=\"col-12 col-md-8 value ng-binding\">55% PU, 35% rPET, 10% Polyester<\/div>\n<\/div>\n<\/div>\n<\/div>\n<div class=\"row ng-scope\">\n<div class=\"col-12 ng-scope\">\n<div class=\"row\">\n<div class=\"col-12 col-md-4 label ng-binding\">Materialzusammensetzung (innen)<\/div>\n<div class=\"col-12 col-md-8 value ng-binding\">70% Polyester, 25% TPE, 5% Nylon<\/div>\n<\/div>\n<\/div>\n<\/div>\n<\/div>","protected":false},"excerpt":{"rendered":"<p>80x35x36cm<\/p>","protected":false},"featured_media":3282,"template":"","meta":{"_acf_changed":false,"_monsterinsights_skip_tracking":false,"_monsterinsights_sitenote_active":false,"_monsterinsights_sitenote_note":"","_monsterinsights_sitenote_category":0},"product_brand":[],"product_cat":[110],"product_tag":[],"class_list":{"0":"post-3227","1":"product","2":"type-product","3":"status-publish","4":"has-post-thumbnail","6":"product_cat-head-schlaegertaschen","8":"first","9":"onbackorder","10":"sale","11":"shipping-taxable","12":"purchasable","13":"product-type-simple"},"supplier_id":null,"supplier_sku":"","barcode":null,"atum_controlled":true,"out_stock_date":"2026-05-07 10:11:40","out_stock_threshold":null,"inheritable":false,"inbound_stock":0,"stock_on_hold":1,"sold_today":1,"sales_last_days":1,"reserved_stock":0,"customer_returns":0,"warehouse_damage":0,"lost_in_post":0,"other_logs":0,"out_stock_days":0,"lost_sales":0,"has_location":false,"update_date":"2026-05-07T08:12:27","atum_locations":[],"atum_stock_status":"onbackorder","restock_status":false,"low_stock_amount":"","sales_update_date":"2026-05-07T08:12:27","calc_backorders":0,"acf":[],"_links":{"self":[{"href":"https:\/\/topspinservice.at\/en\/wp-json\/wp\/v2\/product\/3227","targetHints":{"allow":["GET"]}}],"collection":[{"href":"https:\/\/topspinservice.at\/en\/wp-json\/wp\/v2\/product"}],"about":[{"href":"https:\/\/topspinservice.at\/en\/wp-json\/wp\/v2\/types\/product"}],"wp:featuredmedia":[{"embeddable":true,"href":"https:\/\/topspinservice.at\/en\/wp-json\/wp\/v2\/media\/3282"}],"wp:attachment":[{"href":"https:\/\/topspinservice.at\/en\/wp-json\/wp\/v2\/media?parent=3227"}],"wp:term":[{"taxonomy":"product_brand","embeddable":true,"href":"https:\/\/topspinservice.at\/en\/wp-json\/wp\/v2\/product_brand?post=3227"},{"taxonomy":"product_cat","embeddable":true,"href":"https:\/\/topspinservice.at\/en\/wp-json\/wp\/v2\/product_cat?post=3227"},{"taxonomy":"product_tag","embeddable":true,"href":"https:\/\/topspinservice.at\/en\/wp-json\/wp\/v2\/product_tag?post=3227"}],"curies":[{"name":"wp","href":"https:\/\/api.w.org\/{rel}","templated":true}]}}