{"id":3856,"date":"2026-02-07T21:29:10","date_gmt":"2026-02-07T20:29:10","guid":{"rendered":"https:\/\/topspinservice.at\/?post_type=product&#038;p=3856"},"modified":"2026-02-07T21:31:38","modified_gmt":"2026-02-07T20:31:38","slug":"head-hawk-power-125mm-petrol","status":"publish","type":"product","link":"https:\/\/topspinservice.at\/en\/produkt\/head-hawk-power-125mm-petrol","title":{"rendered":"HEAD Hawk Power 1.25mm Petrol"},"content":{"rendered":"<p><span class=\"ng-binding\">Die in den USA hergestellten HAWK POWER TENNIS-Saiten wurden f\u00fcr Hochleistungsspieler entwickelt, die ihrem Spiel noch mehr explosive Power verleihen wollen. Die Monofilament-Saiten sind fehlerverzeihender bei Off-Center-Schl\u00e4gen und erm\u00f6glichen einen gro\u00dfen Sweetspot, w\u00e4hrend sie au\u00dferdem so konstruiert sind, dass die Bespannung l\u00e4nger h\u00e4lt. Als Teil von HEADs Bestreben nach mehr Nachhaltigkeit werden alle Einzelset-Verpackungen in den USA aus recyceltem Material und mit umweltfreundlichen Druckfarben hergestellt.<\/p>\n<p>\u2022 Mehr explosive Power<br \/>\n\u2022 Entwickelt f\u00fcr Hochleistungsspieler<br \/>\n\u2022 Monofilament-Saiten<br \/>\n\u2022 Fehlerverzeihend bei Off-Center-Schl\u00e4gen<br \/>\n\u2022 Hergestellt in den Vereinigten Staaten<\/span><\/p>","protected":false},"excerpt":{"rendered":"<p>inkl. Bespannung<\/p>","protected":false},"featured_media":3857,"template":"","meta":{"_acf_changed":false,"_monsterinsights_skip_tracking":false,"_monsterinsights_sitenote_active":false,"_monsterinsights_sitenote_note":"","_monsterinsights_sitenote_category":0},"product_brand":[],"product_cat":[180],"product_tag":[201,159,218,203,202],"class_list":{"0":"post-3856","1":"product","2":"type-product","3":"status-publish","4":"has-post-thumbnail","6":"product_cat-head-bespannung","7":"product_tag-hawk","8":"product_tag-head","9":"product_tag-power","10":"product_tag-set","11":"product_tag-string","13":"first","14":"instock","15":"sale","16":"shipping-taxable","17":"purchasable","18":"product-type-simple"},"supplier_id":null,"supplier_sku":"","barcode":null,"atum_controlled":true,"out_stock_date":null,"out_stock_threshold":null,"inheritable":false,"inbound_stock":0,"stock_on_hold":0,"sold_today":0,"sales_last_days":0,"reserved_stock":0,"customer_returns":0,"warehouse_damage":0,"lost_in_post":0,"other_logs":0,"out_stock_days":0,"lost_sales":0,"has_location":false,"update_date":"2026-05-07T01:39:06","atum_locations":[],"atum_stock_status":"instock","restock_status":false,"low_stock_amount":"","sales_update_date":"2026-05-07T01:39:06","calc_backorders":null,"acf":[],"_links":{"self":[{"href":"https:\/\/topspinservice.at\/en\/wp-json\/wp\/v2\/product\/3856","targetHints":{"allow":["GET"]}}],"collection":[{"href":"https:\/\/topspinservice.at\/en\/wp-json\/wp\/v2\/product"}],"about":[{"href":"https:\/\/topspinservice.at\/en\/wp-json\/wp\/v2\/types\/product"}],"wp:featuredmedia":[{"embeddable":true,"href":"https:\/\/topspinservice.at\/en\/wp-json\/wp\/v2\/media\/3857"}],"wp:attachment":[{"href":"https:\/\/topspinservice.at\/en\/wp-json\/wp\/v2\/media?parent=3856"}],"wp:term":[{"taxonomy":"product_brand","embeddable":true,"href":"https:\/\/topspinservice.at\/en\/wp-json\/wp\/v2\/product_brand?post=3856"},{"taxonomy":"product_cat","embeddable":true,"href":"https:\/\/topspinservice.at\/en\/wp-json\/wp\/v2\/product_cat?post=3856"},{"taxonomy":"product_tag","embeddable":true,"href":"https:\/\/topspinservice.at\/en\/wp-json\/wp\/v2\/product_tag?post=3856"}],"curies":[{"name":"wp","href":"https:\/\/api.w.org\/{rel}","templated":true}]}}