{"id":3921,"date":"2026-03-04T14:35:52","date_gmt":"2026-03-04T13:35:52","guid":{"rendered":"https:\/\/topspinservice.at\/?post_type=product&#038;p=3921"},"modified":"2026-03-05T22:31:51","modified_gmt":"2026-03-05T21:31:51","slug":"head-boom-pro-310g-2026","status":"publish","type":"product","link":"https:\/\/topspinservice.at\/en\/produkt\/head-boom-pro-310g-2026","title":{"rendered":"Head BOOM PRO 310g 2026"},"content":{"rendered":"<p><span class=\"ng-binding\">Explosive Kraft kommt mit der F\u00e4higkeit, zarte Stoppb\u00e4lle zu spielen. Mit seiner kraftvollen Ballber\u00fchrung ist der verbesserte BOOM PRO 2026 f\u00fcr fortgeschrittene und Turnierspieler gedacht, die nach m\u00fcheloser Power suchen und gerne angreifen. Als Teil der BOOM-Serie, die das h\u00f6chste Leistungsniveau im HEAD-Tennisschl\u00e4ger-Universum bietet, hat dieses Modell die kleinste Kopfgr\u00f6\u00dfe in dieser Serie, was Ihnen mehr Kontrolle als bei anderen BOOM-Modellen gibt. Schwerer als der BOOM MP 2026, bietet der BOOM PRO 2026 zus\u00e4tzliche Kontrolle, um Punkte zu diktieren.<\/p>\n<p>Unterst\u00fctzt von Coco Gauff und Lorenzo Musetti, richtet sich die BOOM-Serie an Spieler, die den Spa\u00df und die soziale Seite des Tennissports genie\u00dfen, aber die Schl\u00e4ger sind auch mit den neuesten Leistungstechnologien ausgestattet. Hy-Bor, ein Materialmix, der haupts\u00e4chlich in der High-Tech-Luft- und Raumfahrtindustrie verwendet wird, wurde dem Schaft hinzugef\u00fcgt, um die wahrgenommene Stabilit\u00e4t und das solide Aufprallgef\u00fchl zu verbessern. Eine weitere neue Technologie ist die Auxetic 2.0-Technologie, die ein besseres Ballgef\u00fchl bietet, w\u00e4hrend der Rahmen, das Saitenmuster und die \u00d6sen-Sets die Kraft verst\u00e4rken. Das moderne, lebendige blaue Design ist von HEADs ikonischer Skirennkollektion inspiriert; es gibt auch etwas Aufregendes daran, Tennis mit dem BOOM PRO 2026 zu spielen.<\/p>\n<p>\u2022 F\u00fcr fortgeschrittene und Turnierspieler, die m\u00fchelose Power und Ballber\u00fchrung suchen<br \/>\n\u2022 Entwickelt f\u00fcr Spieler, die einfachen Zugang zu Power und f\u00fcr angreifende Spieler wollen<br \/>\n\u2022 Kraftvolle Ballber\u00fchrung<br \/>\n\u2022 Kleinste Kopfgr\u00f6\u00dfe in der BOOM-Serie und schwerer als der BOOM MP 2026 f\u00fcr zus\u00e4tzliche Kontrolle<br \/>\n\u2022 Teil der BOOM-Serie f\u00fcr Spieler, die den Spa\u00df und die soziale Seite des Tennissports genie\u00dfen<br \/>\n\u2022 Hy-Bor verbessert die wahrgenommene Stabilit\u00e4t und das solide Aufprallgef\u00fchl<br \/>\n\u2022 Auxetic 2.0-Technologie f\u00fcr ein besseres Ballgef\u00fchl<br \/>\n\u2022 Rahmen, Saitenmuster und \u00d6sen-Sets sind darauf ausgelegt, die Kraft zu verst\u00e4rken<br \/>\n\u2022 Directional Drilling verbessert die Ballber\u00fchrung und erm\u00f6glicht pr\u00e4zise Stoppb\u00e4lle und ein angenehmes Gef\u00fchl zusammen mit dem Saitenmuster<br \/>\n\u2022 Lebendiges blaues Design, inspiriert von HEADs ikonischer Skirennkollektion<br \/>\n\u2022 Unterst\u00fctzt von Coco Gauff und Lorenzo Musetti<\/span><\/p>\n<h2 class=\"collapsible-toggle collapsible-icon ng-binding\" tabindex=\"0\" role=\"button\">FACTS<\/h2>\n<div class=\"collapsible-content ng-scope\">\n<div class=\"row ng-scope\">\n<div class=\"col-12 ng-scope\">\n<div class=\"row\">\n<div class=\"col-12 col-md-4 label ng-binding\">Weight (unstrung)<\/div>\n<div class=\"col-12 col-md-8 value ng-binding\">310 g \/ 10.9 oz<\/div>\n<\/div>\n<\/div>\n<\/div>\n<div class=\"row ng-scope\">\n<div class=\"col-12 ng-scope\">\n<div class=\"row\">\n<div class=\"col-12 col-md-4 label ng-binding\">Covering pattern<\/div>\n<div class=\"col-12 col-md-8 value ng-binding\">16\/19<\/div>\n<\/div>\n<\/div>\n<\/div>\n<div class=\"row ng-scope\">\n<div class=\"col-12 ng-scope\">\n<div class=\"row\">\n<div class=\"col-12 col-md-4 label ng-binding\">striking surface size<\/div>\n<div class=\"col-12 col-md-8 value ng-binding\">630 cm\u00b2 \/ 98 in\u00b2<\/div>\n<\/div>\n<\/div>\n<\/div>\n<div class=\"row ng-scope\">\n<div class=\"col-12 ng-scope\">\n<div class=\"row\">\n<div class=\"col-12 col-md-4 label ng-binding\">balance<\/div>\n<div class=\"col-12 col-md-8 value ng-binding\">310 mm \/ 1.3 in HL<\/div>\n<\/div>\n<\/div>\n<\/div>\n<div class=\"row ng-scope\">\n<div class=\"col-12 ng-scope\">\n<div class=\"row\">\n<div class=\"col-12 col-md-4 label ng-binding\">length<\/div>\n<div class=\"col-12 col-md-8 value ng-binding\">685 mm \/ 27.0 in<\/div>\n<\/div>\n<\/div>\n<\/div>\n<div class=\"row ng-scope\">\n<div class=\"col-12 ng-scope\">\n<div class=\"row\">\n<div class=\"col-12 col-md-4 label ng-binding\">Frame thickness<\/div>\n<div class=\"col-12 col-md-8 value ng-binding\">22 mm<\/div>\n<\/div>\n<\/div>\n<\/div>\n<\/div>","protected":false},"excerpt":{"rendered":"<p>Explosive Kraft kommt mit der F\u00e4higkeit, zarte Stoppb\u00e4lle zu spielen. Mit seiner kraftvollen Ballber\u00fchrung ist der verbesserte BOOM PRO 2026 f\u00fcr fortgeschrittene und Turnierspieler gedacht, die nach m\u00fcheloser Power suchen und gerne angreifen. Als Teil der BOOM-Serie, die das h\u00f6chste Leistungsniveau im HEAD-Tennisschl\u00e4ger-Universum bietet, hat dieses Modell die kleinste Kopfgr\u00f6\u00dfe in dieser Serie, was Ihnen [&#8230;]\n","protected":false},"featured_media":3986,"template":"","meta":{"_acf_changed":false,"_monsterinsights_skip_tracking":false,"_monsterinsights_sitenote_active":false,"_monsterinsights_sitenote_note":"","_monsterinsights_sitenote_category":0},"product_brand":[],"product_cat":[141],"product_tag":[19],"class_list":{"0":"post-3921","1":"product","2":"type-product","3":"status-publish","4":"has-post-thumbnail","6":"product_cat-head-boom-kaufen","7":"product_tag-schlaeger","9":"first","10":"instock","11":"sale","12":"shipping-taxable","13":"purchasable","14":"product-type-variable","15":"has-default-attributes"},"supplier_id":null,"supplier_sku":"","barcode":null,"atum_controlled":true,"out_stock_date":null,"out_stock_threshold":null,"inheritable":false,"inbound_stock":null,"stock_on_hold":0,"sold_today":0,"sales_last_days":0,"reserved_stock":null,"customer_returns":null,"warehouse_damage":null,"lost_in_post":null,"other_logs":null,"out_stock_days":0,"lost_sales":0,"has_location":null,"update_date":"2026-05-07T01:39:06","atum_locations":[],"atum_stock_status":"instock","restock_status":false,"low_stock_amount":"","sales_update_date":"2026-05-07T01:39:06","calc_backorders":null,"acf":[],"_links":{"self":[{"href":"https:\/\/topspinservice.at\/en\/wp-json\/wp\/v2\/product\/3921","targetHints":{"allow":["GET"]}}],"collection":[{"href":"https:\/\/topspinservice.at\/en\/wp-json\/wp\/v2\/product"}],"about":[{"href":"https:\/\/topspinservice.at\/en\/wp-json\/wp\/v2\/types\/product"}],"wp:featuredmedia":[{"embeddable":true,"href":"https:\/\/topspinservice.at\/en\/wp-json\/wp\/v2\/media\/3986"}],"wp:attachment":[{"href":"https:\/\/topspinservice.at\/en\/wp-json\/wp\/v2\/media?parent=3921"}],"wp:term":[{"taxonomy":"product_brand","embeddable":true,"href":"https:\/\/topspinservice.at\/en\/wp-json\/wp\/v2\/product_brand?post=3921"},{"taxonomy":"product_cat","embeddable":true,"href":"https:\/\/topspinservice.at\/en\/wp-json\/wp\/v2\/product_cat?post=3921"},{"taxonomy":"product_tag","embeddable":true,"href":"https:\/\/topspinservice.at\/en\/wp-json\/wp\/v2\/product_tag?post=3921"}],"curies":[{"name":"wp","href":"https:\/\/api.w.org\/{rel}","templated":true}]}}