{"id":3930,"date":"2026-03-04T14:40:35","date_gmt":"2026-03-04T13:40:35","guid":{"rendered":"https:\/\/topspinservice.at\/?post_type=product&#038;p=3930"},"modified":"2026-03-05T22:32:57","modified_gmt":"2026-03-05T21:32:57","slug":"head-boom-mp-l-275g-2026","status":"publish","type":"product","link":"https:\/\/topspinservice.at\/en\/produkt\/head-boom-mp-l-275g-2026","title":{"rendered":"Head BOOM MP L 275g 2026"},"content":{"rendered":"<p><span class=\"ng-binding\">Eine leichtere und kraftvollere Version des BOOM MP 2026, der BOOM MP L 2026, ist f\u00fcr fortgeschrittene Spieler gedacht, die nach m\u00fcheloser Power suchen und gerne angreifen. Er ist Teil der BOOM-Serie, die das h\u00f6chste Leistungsniveau im HEAD-Tennisschl\u00e4ger-Universum bietet und explosive Kraft mit der F\u00e4higkeit kombiniert, zarte Stoppb\u00e4lle zu spielen.<\/p>\n<p>Unterst\u00fctzt von Coco Gauff und Lorenzo Musetti, richtet sich die BOOM-Serie an Spieler, die den Spa\u00df und die soziale Seite des Tennissports genie\u00dfen, aber die Schl\u00e4ger sind auch mit den neuesten Leistungstechnologien ausgestattet, um die kraftvolle Ballber\u00fchrung zu verbessern. Hy-Bor, ein Materialmix, der haupts\u00e4chlich in der High-Tech-Luft- und Raumfahrtindustrie verwendet wird, wurde dem Schaft des Schl\u00e4gers hinzugef\u00fcgt, um die wahrgenommene Stabilit\u00e4t und das solide Aufprallgef\u00fchl zu verbessern. F\u00fcr optimale Power und Ballber\u00fchrung wurde ein neues KI-Saitenmuster unter Verwendung k\u00fcnstlicher Intelligenz und subjektivem Feedback von Spielern entwickelt. Das Upgrade umfasst auch die neue Auxetic 2.0-Technologie, die ein besseres Ballgef\u00fchl gew\u00e4hrleistet, w\u00e4hrend der Rahmen und die \u00d6sen-Sets darauf ausgelegt sind, die Kraft zu verst\u00e4rken, und das Directional Drilling zus\u00e4tzliche Ballber\u00fchrung und Komfort bietet. Inspiriert von HEADs ikonischer Skirennkollektion, hat der BOOM MP L 2026 ein lebendiges blaues Design.<\/p>\n<p>\u2022 Leichter und kraftvoller als der BOOM MP<br \/>\n\u2022 Kraftvolle Ballber\u00fchrung und ein Selbstvertrauensschub f\u00fcr fortgeschrittene Spieler<br \/>\n\u2022 Entwickelt f\u00fcr Spieler, die einfachen Zugang zu Power und f\u00fcr angreifende Spieler wollen<br \/>\n\u2022 Teil der BOOM-Serie f\u00fcr Spieler, die den Spa\u00df und die soziale Seite des Tennissports genie\u00dfen<br \/>\n\u2022 Hy-Bor verbessert die wahrgenommene Stabilit\u00e4t und das solide Aufprallgef\u00fchl<br \/>\n\u2022 Auxetic 2.0-Technologie f\u00fcr ein besseres Ballgef\u00fchl<br \/>\n\u2022 Neues KI-Saitenmuster, entwickelt mit k\u00fcnstlicher Intelligenz und subjektivem Feedback von Spielern, f\u00fcr optimale Power und Ballber\u00fchrung<br \/>\n\u2022 Rahmen und \u00d6sen-Sets sind darauf ausgelegt, die Kraft zu verst\u00e4rken<br \/>\n\u2022 Directional Drilling f\u00fcr zus\u00e4tzliche Ballber\u00fchrung und Komfort<br \/>\n\u2022 Lebendiges blaues Design, inspiriert von HEADs ikonischer Skirennkollektion<br \/>\n\u2022 Unterst\u00fctzt von Coco Gauff und Lorenzo Musetti<\/span><\/p>\n<h2 class=\"collapsible-toggle collapsible-icon ng-binding\" tabindex=\"0\" role=\"button\">FACTS<\/h2>\n<div class=\"collapsible-content ng-scope\">\n<div class=\"row ng-scope\">\n<div class=\"col-12 ng-scope\">\n<div class=\"row\">\n<div class=\"col-12 col-md-4 label ng-binding\">Weight (unstrung)<\/div>\n<div class=\"col-12 col-md-8 value ng-binding\">275 g \/ 9.7 oz<\/div>\n<\/div>\n<\/div>\n<\/div>\n<div class=\"row ng-scope\">\n<div class=\"col-12 ng-scope\">\n<div class=\"row\">\n<div class=\"col-12 col-md-4 label ng-binding\">Covering pattern<\/div>\n<div class=\"col-12 col-md-8 value ng-binding\">16\/19<\/div>\n<\/div>\n<\/div>\n<\/div>\n<div class=\"row ng-scope\">\n<div class=\"col-12 ng-scope\">\n<div class=\"row\">\n<div class=\"col-12 col-md-4 label ng-binding\">striking surface size<\/div>\n<div class=\"col-12 col-md-8 value ng-binding\">645 cm\u00b2 \/ 100 in\u00b2<\/div>\n<\/div>\n<\/div>\n<\/div>\n<div class=\"row ng-scope\">\n<div class=\"col-12 ng-scope\">\n<div class=\"row\">\n<div class=\"col-12 col-md-4 label ng-binding\">balance<\/div>\n<div class=\"col-12 col-md-8 value ng-binding\">325 mm \/ 0.7 in HL<\/div>\n<\/div>\n<\/div>\n<\/div>\n<div class=\"row ng-scope\">\n<div class=\"col-12 ng-scope\">\n<div class=\"row\">\n<div class=\"col-12 col-md-4 label ng-binding\">length<\/div>\n<div class=\"col-12 col-md-8 value ng-binding\">685 mm \/ 27.0 in<\/div>\n<\/div>\n<\/div>\n<\/div>\n<div class=\"row ng-scope\">\n<div class=\"col-12 ng-scope\">\n<div class=\"row\">\n<div class=\"col-12 col-md-4 label ng-binding\">Frame thickness<\/div>\n<div class=\"col-12 col-md-8 value ng-binding\">24 mm<\/div>\n<\/div>\n<\/div>\n<\/div>\n<\/div>","protected":false},"excerpt":{"rendered":"<p>Eine leichtere und kraftvollere Version des BOOM MP 2026, der BOOM MP L 2026, ist f\u00fcr fortgeschrittene Spieler gedacht, die nach m\u00fcheloser Power suchen und gerne angreifen. Er ist Teil der BOOM-Serie, die das h\u00f6chste Leistungsniveau im HEAD-Tennisschl\u00e4ger-Universum bietet und explosive Kraft mit der F\u00e4higkeit kombiniert, zarte Stoppb\u00e4lle zu spielen. Unterst\u00fctzt von Coco Gauff und [&#8230;]\n","protected":false},"featured_media":3986,"template":"","meta":{"_acf_changed":false,"_monsterinsights_skip_tracking":false,"_monsterinsights_sitenote_active":false,"_monsterinsights_sitenote_note":"","_monsterinsights_sitenote_category":0},"product_brand":[],"product_cat":[141],"product_tag":[19],"class_list":{"0":"post-3930","1":"product","2":"type-product","3":"status-publish","4":"has-post-thumbnail","6":"product_cat-head-boom-kaufen","7":"product_tag-schlaeger","9":"first","10":"instock","11":"sale","12":"shipping-taxable","13":"purchasable","14":"product-type-variable","15":"has-default-attributes"},"supplier_id":null,"supplier_sku":"","barcode":null,"atum_controlled":true,"out_stock_date":null,"out_stock_threshold":null,"inheritable":false,"inbound_stock":null,"stock_on_hold":0,"sold_today":0,"sales_last_days":0,"reserved_stock":null,"customer_returns":null,"warehouse_damage":null,"lost_in_post":null,"other_logs":null,"out_stock_days":0,"lost_sales":0,"has_location":null,"update_date":"2026-05-13T00:04:01","atum_locations":[],"atum_stock_status":"instock","restock_status":false,"low_stock_amount":"","sales_update_date":"2026-05-13T00:04:01","calc_backorders":null,"acf":[],"_links":{"self":[{"href":"https:\/\/topspinservice.at\/en\/wp-json\/wp\/v2\/product\/3930","targetHints":{"allow":["GET"]}}],"collection":[{"href":"https:\/\/topspinservice.at\/en\/wp-json\/wp\/v2\/product"}],"about":[{"href":"https:\/\/topspinservice.at\/en\/wp-json\/wp\/v2\/types\/product"}],"wp:featuredmedia":[{"embeddable":true,"href":"https:\/\/topspinservice.at\/en\/wp-json\/wp\/v2\/media\/3986"}],"wp:attachment":[{"href":"https:\/\/topspinservice.at\/en\/wp-json\/wp\/v2\/media?parent=3930"}],"wp:term":[{"taxonomy":"product_brand","embeddable":true,"href":"https:\/\/topspinservice.at\/en\/wp-json\/wp\/v2\/product_brand?post=3930"},{"taxonomy":"product_cat","embeddable":true,"href":"https:\/\/topspinservice.at\/en\/wp-json\/wp\/v2\/product_cat?post=3930"},{"taxonomy":"product_tag","embeddable":true,"href":"https:\/\/topspinservice.at\/en\/wp-json\/wp\/v2\/product_tag?post=3930"}],"curies":[{"name":"wp","href":"https:\/\/api.w.org\/{rel}","templated":true}]}}