{"id":3935,"date":"2026-03-04T14:47:24","date_gmt":"2026-03-04T13:47:24","guid":{"rendered":"https:\/\/topspinservice.at\/?post_type=product&#038;p=3935"},"modified":"2026-03-05T22:31:57","modified_gmt":"2026-03-05T21:31:57","slug":"head-boom-mp-ul-255g-2026","status":"publish","type":"product","link":"https:\/\/topspinservice.at\/en\/produkt\/head-boom-mp-ul-255g-2026","title":{"rendered":"Head BOOM MP UL 255g 2026"},"content":{"rendered":"<p><span class=\"ng-binding\">UL steht f\u00fcr \u201eultraleicht\u201c und der BOOM MP UL 2026 ist ein neuer Schl\u00e4ger in der BOOM-Serie, der noch leichter und kraftvoller ist als der BOOM MP und BOOM MP L. Ideal f\u00fcr Anf\u00e4nger, fortgeschrittene Spieler und aufstrebende Junioren, die nach m\u00fcheloser Power suchen und gerne angreifen, ist dieser spa\u00dforientierte Schl\u00e4ger Teil einer BOOM-Serie, die das h\u00f6chste Leistungsniveau im HEAD-Sortiment bietet. Diese explosive Kraft wird mit der F\u00e4higkeit kombiniert, zarte Stoppb\u00e4lle zu spielen.<\/p>\n<p>Unterst\u00fctzt von Coco Gauff und Lorenzo Musetti, richtet sich die BOOM-Serie an Spieler, die den Spa\u00df und die soziale Seite des Tennissports genie\u00dfen, aber die Schl\u00e4ger sind auch mit den neuesten Leistungstechnologien ausgestattet, um die kraftvolle Ballber\u00fchrung zu verbessern. Hy-Bor, ein Materialmix, der haupts\u00e4chlich in der High-Tech-Luft- und Raumfahrtindustrie verwendet wird, wurde dem Schaft des Schl\u00e4gers hinzugef\u00fcgt, um die wahrgenommene Stabilit\u00e4t und das solide Aufprallgef\u00fchl zu verbessern. F\u00fcr optimale Power und Ballber\u00fchrung wurde ein neues KI-Saitenmuster unter Verwendung k\u00fcnstlicher Intelligenz und subjektivem Feedback von Spielern entwickelt. Die Auxetic 2.0-Technologie gew\u00e4hrleistet ein besseres Ballgef\u00fchl, w\u00e4hrend der Rahmen und die \u00d6sen-Sets darauf ausgelegt sind, die Kraft zu verst\u00e4rken, und das Directional Drilling zus\u00e4tzliche Ballber\u00fchrung und Komfort bietet. Inspiriert von HEADs ikonischer Skirennkollektion, hat der BOOM MP UL 2026 ein lebendiges blaues Design.<\/p>\n<p>\u2022 Neuer ultraleichter Schl\u00e4ger f\u00fcr Anf\u00e4nger, fortgeschrittene Spieler und aufstrebende Junioren, der kraftvolle Ballber\u00fchrung, Spa\u00df und Selbstvertrauen bietet<br \/>\n\u2022 Leichter als der BOOM MP und BOOM MP L f\u00fcr noch mehr Power<br \/>\n\u2022 Entwickelt f\u00fcr Spieler, die einfachen Zugang zu Power und f\u00fcr angreifende Spieler wollen<br \/>\n\u2022 Teil der BOOM-Serie f\u00fcr Spieler, die den Spa\u00df und die soziale Seite des Tennissports genie\u00dfen<br \/>\n\u2022 Hy-Bor verbessert die wahrgenommene Stabilit\u00e4t und das solide Aufprallgef\u00fchl<br \/>\n\u2022 Auxetic 2.0-Technologie f\u00fcr ein besseres Ballgef\u00fchl<br \/>\n\u2022 Neues KI-Saitenmuster, entwickelt mit k\u00fcnstlicher Intelligenz und subjektivem Feedback von Spielern, f\u00fcr optimale Power und Ballber\u00fchrung<br \/>\n\u2022 Rahmen und \u00d6sen-Sets sind darauf ausgelegt, die Kraft zu verst\u00e4rken<br \/>\n\u2022 Directional Drilling f\u00fcr zus\u00e4tzliche Ballber\u00fchrung und Komfort<br \/>\n\u2022 Lebendiges blaues Design, inspiriert von HEADs ikonischer Skirennkollektion<br \/>\n\u2022 Unterst\u00fctzt von Coco Gauff und Lorenzo Musetti<\/span><\/p>\n<h2 class=\"collapsible-toggle collapsible-icon ng-binding\" tabindex=\"0\" role=\"button\">FACTS<\/h2>\n<div class=\"collapsible-content ng-scope\">\n<div class=\"row ng-scope\">\n<div class=\"col-12 ng-scope\">\n<div class=\"row\">\n<div class=\"col-12 col-md-4 label ng-binding\">Weight (unstrung)<\/div>\n<div class=\"col-12 col-md-8 value ng-binding\">255 g \/ 9.0 oz<\/div>\n<\/div>\n<\/div>\n<\/div>\n<div class=\"row ng-scope\">\n<div class=\"col-12 ng-scope\">\n<div class=\"row\">\n<div class=\"col-12 col-md-4 label ng-binding\">Covering pattern<\/div>\n<div class=\"col-12 col-md-8 value ng-binding\">16\/19<\/div>\n<\/div>\n<\/div>\n<\/div>\n<div class=\"row ng-scope\">\n<div class=\"col-12 ng-scope\">\n<div class=\"row\">\n<div class=\"col-12 col-md-4 label ng-binding\">striking surface size<\/div>\n<div class=\"col-12 col-md-8 value ng-binding\">645 cm\u00b2 \/ 100 in\u00b2<\/div>\n<\/div>\n<\/div>\n<\/div>\n<div class=\"row ng-scope\">\n<div class=\"col-12 ng-scope\">\n<div class=\"row\">\n<div class=\"col-12 col-md-4 label ng-binding\">balance<\/div>\n<div class=\"col-12 col-md-8 value ng-binding\">330 mm \/ 0.5 in HL<\/div>\n<\/div>\n<\/div>\n<\/div>\n<div class=\"row ng-scope\">\n<div class=\"col-12 ng-scope\">\n<div class=\"row\">\n<div class=\"col-12 col-md-4 label ng-binding\">length<\/div>\n<div class=\"col-12 col-md-8 value ng-binding\">685 mm \/ 27.0 in<\/div>\n<\/div>\n<\/div>\n<\/div>\n<div class=\"row ng-scope\">\n<div class=\"col-12 ng-scope\">\n<div class=\"row\">\n<div class=\"col-12 col-md-4 label ng-binding\">Frame thickness<\/div>\n<div class=\"col-12 col-md-8 value ng-binding\">24 mm<\/div>\n<\/div>\n<\/div>\n<\/div>\n<\/div>","protected":false},"excerpt":{"rendered":"<p>UL steht f\u00fcr \u201eultraleicht\u201c und der BOOM MP UL 2026 ist ein neuer Schl\u00e4ger in der BOOM-Serie, der noch leichter und kraftvoller ist als der BOOM MP und BOOM MP L. Ideal f\u00fcr Anf\u00e4nger, fortgeschrittene Spieler und aufstrebende Junioren, die nach m\u00fcheloser Power suchen und gerne angreifen, ist dieser spa\u00dforientierte Schl\u00e4ger Teil einer BOOM-Serie, die [&#8230;]\n","protected":false},"featured_media":3986,"template":"","meta":{"_acf_changed":false,"_monsterinsights_skip_tracking":false,"_monsterinsights_sitenote_active":false,"_monsterinsights_sitenote_note":"","_monsterinsights_sitenote_category":0},"product_brand":[],"product_cat":[141],"product_tag":[19],"class_list":{"0":"post-3935","1":"product","2":"type-product","3":"status-publish","4":"has-post-thumbnail","6":"product_cat-head-boom-kaufen","7":"product_tag-schlaeger","9":"first","10":"instock","11":"sale","12":"shipping-taxable","13":"purchasable","14":"product-type-variable","15":"has-default-attributes"},"supplier_id":null,"supplier_sku":"","barcode":null,"atum_controlled":true,"out_stock_date":null,"out_stock_threshold":null,"inheritable":false,"inbound_stock":null,"stock_on_hold":0,"sold_today":0,"sales_last_days":0,"reserved_stock":null,"customer_returns":null,"warehouse_damage":null,"lost_in_post":null,"other_logs":null,"out_stock_days":0,"lost_sales":0,"has_location":null,"update_date":"2026-05-15T00:05:36","atum_locations":[],"atum_stock_status":"instock","restock_status":false,"low_stock_amount":"","sales_update_date":"2026-05-15T00:05:36","calc_backorders":null,"acf":[],"_links":{"self":[{"href":"https:\/\/topspinservice.at\/en\/wp-json\/wp\/v2\/product\/3935","targetHints":{"allow":["GET"]}}],"collection":[{"href":"https:\/\/topspinservice.at\/en\/wp-json\/wp\/v2\/product"}],"about":[{"href":"https:\/\/topspinservice.at\/en\/wp-json\/wp\/v2\/types\/product"}],"wp:featuredmedia":[{"embeddable":true,"href":"https:\/\/topspinservice.at\/en\/wp-json\/wp\/v2\/media\/3986"}],"wp:attachment":[{"href":"https:\/\/topspinservice.at\/en\/wp-json\/wp\/v2\/media?parent=3935"}],"wp:term":[{"taxonomy":"product_brand","embeddable":true,"href":"https:\/\/topspinservice.at\/en\/wp-json\/wp\/v2\/product_brand?post=3935"},{"taxonomy":"product_cat","embeddable":true,"href":"https:\/\/topspinservice.at\/en\/wp-json\/wp\/v2\/product_cat?post=3935"},{"taxonomy":"product_tag","embeddable":true,"href":"https:\/\/topspinservice.at\/en\/wp-json\/wp\/v2\/product_tag?post=3935"}],"curies":[{"name":"wp","href":"https:\/\/api.w.org\/{rel}","templated":true}]}}