{"id":3940,"date":"2026-03-04T14:48:58","date_gmt":"2026-03-04T13:48:58","guid":{"rendered":"https:\/\/topspinservice.at\/?post_type=product&#038;p=3940"},"modified":"2026-03-05T22:29:31","modified_gmt":"2026-03-05T21:29:31","slug":"head-boom-team-260g-2026","status":"publish","type":"product","link":"https:\/\/topspinservice.at\/en\/produkt\/head-boom-team-260g-2026","title":{"rendered":"Head BOOM TEAM 260g 2026"},"content":{"rendered":"<p><span class=\"ng-binding\">Die gr\u00f6\u00dfere Kopfgr\u00f6\u00dfe des BOOM TEAM 2026 bedeutet mehr Kraft, Komfort und Fehlertoleranz f\u00fcr Anf\u00e4nger und fortgeschrittene Spieler, was ihn zu einem sehr armfreundlichen Schl\u00e4ger macht. Dies bedeutet auch mehr Spa\u00df und Selbstvertrauen. Ideal f\u00fcr Spieler, die nach m\u00fcheloser Power suchen und gerne angreifen, kombiniert dieses Modell explosive Kraft mit der F\u00e4higkeit, zarte Stoppb\u00e4lle zu spielen.<\/p>\n<p>Unterst\u00fctzt von Coco Gauff und Lorenzo Musetti, richtet sich die BOOM-Serie an Spieler, die den Spa\u00df und die soziale Seite des Tennissports genie\u00dfen, aber die Schl\u00e4ger sind auch mit den neuesten Leistungstechnologien ausgestattet, um die kraftvolle Ballber\u00fchrung zu verbessern. Hy-Bor, ein Materialmix, der haupts\u00e4chlich in der High-Tech-Luft- und Raumfahrtindustrie verwendet wird, wurde dem Schaft hinzugef\u00fcgt, um die wahrgenommene Stabilit\u00e4t und das solide Aufprallgef\u00fchl zu verbessern. Die Auxetic 2.0-Technologie gew\u00e4hrleistet ein besseres Ballgef\u00fchl. Der Rahmen, das Saitenmuster und die \u00d6sen-Sets sind darauf ausgelegt, die Kraft zu verst\u00e4rken, und der Schl\u00e4ger kommt in einem lebendigen Blau, inspiriert von HEADs ikonischer Skirennkollektion.<\/p>\n<p>\u2022 Kraftvolle Ballber\u00fchrung, Selbstvertrauen und Spa\u00df f\u00fcr Anf\u00e4nger und fortgeschrittene Spieler<br \/>\n\u2022 Gr\u00f6\u00dfere Kopfgr\u00f6\u00dfe f\u00fcr viel Kraft, Komfort und Fehlertoleranz<br \/>\n\u2022 Sehr armfreundlich<br \/>\n\u2022 Entwickelt f\u00fcr Spieler, die einfachen Zugang zu Power und f\u00fcr angreifende Spieler wollen<br \/>\n\u2022 Teil der BOOM-Serie f\u00fcr Spieler, die den Spa\u00df und die soziale Seite des Tennissports genie\u00dfen<br \/>\n\u2022 Hy-Bor verbessert die wahrgenommene Stabilit\u00e4t und das solide Aufprallgef\u00fchl<br \/>\n\u2022 Auxetic 2.0-Technologie f\u00fcr ein besseres Ballgef\u00fchl<br \/>\n\u2022 Rahmen, Saitenmuster und \u00d6sen-Sets sind darauf ausgelegt, die Kraft zu verst\u00e4rken<br \/>\n\u2022 Lebendiges blaues Design, inspiriert von HEADs ikonischer Skirennkollektion<br \/>\n\u2022 Unterst\u00fctzt von Coco Gauff und Lorenzo Musetti<\/span><\/p>\n<h2 class=\"collapsible-toggle collapsible-icon ng-binding\" tabindex=\"0\" role=\"button\">FACTS<\/h2>\n<div class=\"collapsible-content ng-scope\">\n<div class=\"row ng-scope\">\n<div class=\"col-12 ng-scope\">\n<div class=\"row\">\n<div class=\"col-12 col-md-4 label ng-binding\">Weight (unstrung)<\/div>\n<div class=\"col-12 col-md-8 value ng-binding\">260 g \/ 9.2 oz<\/div>\n<\/div>\n<\/div>\n<\/div>\n<div class=\"row ng-scope\">\n<div class=\"col-12 ng-scope\">\n<div class=\"row\">\n<div class=\"col-12 col-md-4 label ng-binding\">Covering pattern<\/div>\n<div class=\"col-12 col-md-8 value ng-binding\">16\/19<\/div>\n<\/div>\n<\/div>\n<\/div>\n<div class=\"row ng-scope\">\n<div class=\"col-12 ng-scope\">\n<div class=\"row\">\n<div class=\"col-12 col-md-4 label ng-binding\">striking surface size<\/div>\n<div class=\"col-12 col-md-8 value ng-binding\">690 cm\u00b2 \/ 107 in\u00b2<\/div>\n<\/div>\n<\/div>\n<\/div>\n<div class=\"row ng-scope\">\n<div class=\"col-12 ng-scope\">\n<div class=\"row\">\n<div class=\"col-12 col-md-4 label ng-binding\">balance<\/div>\n<div class=\"col-12 col-md-8 value ng-binding\">340 mm \/ 0.3 in HL<\/div>\n<\/div>\n<\/div>\n<\/div>\n<div class=\"row ng-scope\">\n<div class=\"col-12 ng-scope\">\n<div class=\"row\">\n<div class=\"col-12 col-md-4 label ng-binding\">length<\/div>\n<div class=\"col-12 col-md-8 value ng-binding\">695 mm \/ 27.4 in<\/div>\n<\/div>\n<\/div>\n<\/div>\n<div class=\"row ng-scope\">\n<div class=\"col-12 ng-scope\">\n<div class=\"row\">\n<div class=\"col-12 col-md-4 label ng-binding\">Frame thickness<\/div>\n<div class=\"col-12 col-md-8 value ng-binding\">26 mm<\/div>\n<\/div>\n<\/div>\n<\/div>\n<\/div>","protected":false},"excerpt":{"rendered":"<p>Die gr\u00f6\u00dfere Kopfgr\u00f6\u00dfe des BOOM TEAM 2026 bedeutet mehr Kraft, Komfort und Fehlertoleranz f\u00fcr Anf\u00e4nger und fortgeschrittene Spieler, was ihn zu einem sehr armfreundlichen Schl\u00e4ger macht. Dies bedeutet auch mehr Spa\u00df und Selbstvertrauen. Ideal f\u00fcr Spieler, die nach m\u00fcheloser Power suchen und gerne angreifen, kombiniert dieses Modell explosive Kraft mit der F\u00e4higkeit, zarte Stoppb\u00e4lle zu [&#8230;]\n","protected":false},"featured_media":3986,"template":"","meta":{"_acf_changed":false,"_monsterinsights_skip_tracking":false,"_monsterinsights_sitenote_active":false,"_monsterinsights_sitenote_note":"","_monsterinsights_sitenote_category":0},"product_brand":[],"product_cat":[141],"product_tag":[19],"class_list":{"0":"post-3940","1":"product","2":"type-product","3":"status-publish","4":"has-post-thumbnail","6":"product_cat-head-boom-kaufen","7":"product_tag-schlaeger","9":"first","10":"instock","11":"sale","12":"shipping-taxable","13":"purchasable","14":"product-type-variable","15":"has-default-attributes"},"supplier_id":null,"supplier_sku":"","barcode":null,"atum_controlled":true,"out_stock_date":null,"out_stock_threshold":null,"inheritable":false,"inbound_stock":null,"stock_on_hold":0,"sold_today":0,"sales_last_days":0,"reserved_stock":null,"customer_returns":null,"warehouse_damage":null,"lost_in_post":null,"other_logs":null,"out_stock_days":0,"lost_sales":0,"has_location":null,"update_date":"2026-05-07T01:39:06","atum_locations":[],"atum_stock_status":"instock","restock_status":false,"low_stock_amount":"","sales_update_date":"2026-05-07T01:39:06","calc_backorders":null,"acf":[],"_links":{"self":[{"href":"https:\/\/topspinservice.at\/en\/wp-json\/wp\/v2\/product\/3940","targetHints":{"allow":["GET"]}}],"collection":[{"href":"https:\/\/topspinservice.at\/en\/wp-json\/wp\/v2\/product"}],"about":[{"href":"https:\/\/topspinservice.at\/en\/wp-json\/wp\/v2\/types\/product"}],"wp:featuredmedia":[{"embeddable":true,"href":"https:\/\/topspinservice.at\/en\/wp-json\/wp\/v2\/media\/3986"}],"wp:attachment":[{"href":"https:\/\/topspinservice.at\/en\/wp-json\/wp\/v2\/media?parent=3940"}],"wp:term":[{"taxonomy":"product_brand","embeddable":true,"href":"https:\/\/topspinservice.at\/en\/wp-json\/wp\/v2\/product_brand?post=3940"},{"taxonomy":"product_cat","embeddable":true,"href":"https:\/\/topspinservice.at\/en\/wp-json\/wp\/v2\/product_cat?post=3940"},{"taxonomy":"product_tag","embeddable":true,"href":"https:\/\/topspinservice.at\/en\/wp-json\/wp\/v2\/product_tag?post=3940"}],"curies":[{"name":"wp","href":"https:\/\/api.w.org\/{rel}","templated":true}]}}