{"id":3945,"date":"2026-03-04T14:58:46","date_gmt":"2026-03-04T13:58:46","guid":{"rendered":"https:\/\/topspinservice.at\/?post_type=product&#038;p=3945"},"modified":"2026-04-26T11:31:27","modified_gmt":"2026-04-26T09:31:27","slug":"head-tour-racquet-bag-xl-bl-2026-12er","status":"publish","type":"product","link":"https:\/\/topspinservice.at\/en\/produkt\/head-tour-racquet-bag-xl-bl-2026-12er","title":{"rendered":"Head Tour Racquet Bag XL BL 2026 12 pieces"},"content":{"rendered":"<p><span class=\"ng-binding\">Alle Augen werden auf die Spieler des Team HEAD \u2013 und auf Sie \u2013 gerichtet sein, wenn Sie mit der TOUR RACQUET BAG XL BL in der auff\u00e4lligen \u201eSpeed Blue\u201c Farbe aus HEADs Skikollektion auf den Platz gehen. Dieses ikonische Blau, das HEADs Expertise in Winter- und Sommersport verbindet, wird mit einem neuen, hochwertigen Stoff und verbesserter Funktionalit\u00e4t kombiniert. Nach R\u00fccksprache mit den Spielern hat HEAD diese Tasche mit zwei neuen gro\u00dfen \u00e4u\u00dferen Zubeh\u00f6rtaschen \u2013 je eine auf jeder Seite \u2013 sowie einer neuen \u00e4u\u00dferen Handytasche ausgestattet, die schnellen und einfachen Zugriff bietet. Sie k\u00f6nnen bis zu 12 Schl\u00e4ger in einer Tasche tragen, die \u00fcber drei ger\u00e4umige Hauptf\u00e4cher verf\u00fcgt, von denen eines mit der CCT+ Klimakontrolltechnologie ausgestattet ist, die Ihre Schl\u00e4ger vor extremen Temperaturen sch\u00fctzt.<\/p>\n<p>Zu den weiteren Merkmalen geh\u00f6ren ein integriertes Schuhfach und eine innere Zubeh\u00f6rtasche mit Rei\u00dfverschluss. Mit dem Rucksack-Tragesystem und den oberen Griffen k\u00f6nnen Sie w\u00e4hlen, ob Sie die TOUR RACQUET BAG XL BL \u00fcber die Schulter oder den R\u00fccken tragen oder in der Hand halten m\u00f6chten. Als Beispiel daf\u00fcr, wie HEAD versucht, den Plastikverbrauch zu reduzieren, besteht das Etikett aus recyceltem Papier und ist mit Hanfschnur gebunden, und die Tasche wird in einer recycelten Plastikt\u00fcte pr\u00e4sentiert.<\/p>\n<p>\u2022 Space for up to 12 rackets<br \/>\n\u2022 Getragen von Team HEAD Spielern<br \/>\n\u2022 Ikonische \u201eSpeed Blue\u201c Farbgebung<br \/>\n\u2022 3 main subjects<br \/>\n\u2022 CCT+ climate control technology protects your rackets<br \/>\n\u2022 2 large external accessory pockets<br \/>\n\u2022 External phone pocket<br \/>\n\u2022 Integrated shoe compartment<br \/>\n\u2022 Inner accessory pocket with zipper<br \/>\n\u2022 Padding for added stability<br \/>\n\u2022 Upper handles<br \/>\n\u2022 Backpack carrying system<br \/>\n\u2022 Label made from recycled paper and hemp twine<br \/>\n\u2022 Presented in a recycled plastic bag<\/span><\/p>\n<h2 class=\"collapsible-toggle collapsible-icon ng-binding\" tabindex=\"0\" role=\"button\">FACTS<\/h2>\n<div class=\"collapsible-content ng-scope\">\n<div class=\"row ng-scope\">\n<div class=\"col-12 ng-scope\">\n<div class=\"row\">\n<div class=\"col-12 col-md-4 label ng-binding\">Colors<\/div>\n<div class=\"col-12 col-md-8 value ng-binding\">blue<\/div>\n<\/div>\n<\/div>\n<\/div>\n<div class=\"row ng-scope\">\n<div class=\"col-12 ng-scope\">\n<div class=\"row\">\n<div class=\"col-12 col-md-4 label ng-binding\">Volume (l)<\/div>\n<div class=\"col-12 col-md-8 value ng-binding\">75L<\/div>\n<\/div>\n<\/div>\n<\/div>\n<div class=\"row ng-scope\">\n<div class=\"col-12 ng-scope\">\n<div class=\"row\">\n<div class=\"col-12 col-md-4 label ng-binding\">Dimensions<\/div>\n<div class=\"col-12 col-md-8 value ng-binding\">76.5*33*38<\/div>\n<\/div>\n<\/div>\n<\/div>\n<div class=\"row ng-scope\">\n<div class=\"col-12 ng-scope\">\n<div class=\"row\">\n<div class=\"col-12 col-md-4 label ng-binding\">Material composition (outer)<\/div>\n<div class=\"col-12 col-md-8 value ng-binding\">90% Polyester \/ 10% PU<\/div>\n<\/div>\n<\/div>\n<\/div>\n<div class=\"row ng-scope\">\n<div class=\"col-12 ng-scope\">\n<div class=\"row\">\n<div class=\"col-12 col-md-4 label ng-binding\">Material composition (inside)<\/div>\n<div class=\"col-12 col-md-8 value ng-binding\">75% Polyester \/ 25% TPE<\/div>\n<\/div>\n<\/div>\n<\/div>\n<\/div>","protected":false},"excerpt":{"rendered":"<p>Alle Augen werden auf die Spieler des Team HEAD \u2013 und auf Sie \u2013 gerichtet sein, wenn Sie mit der TOUR RACQUET BAG XL BL in der auff\u00e4lligen \u201eSpeed Blue\u201c Farbe aus HEADs Skikollektion auf den Platz gehen. Dieses ikonische Blau, das HEADs Expertise in Winter- und Sommersport verbindet, wird mit einem neuen, hochwertigen Stoff [&#8230;]\n","protected":false},"featured_media":3997,"template":"","meta":{"_acf_changed":false,"_monsterinsights_skip_tracking":false,"_monsterinsights_sitenote_active":false,"_monsterinsights_sitenote_note":"","_monsterinsights_sitenote_category":0},"product_brand":[],"product_cat":[110],"product_tag":[],"class_list":{"0":"post-3945","1":"product","2":"type-product","3":"status-publish","4":"has-post-thumbnail","6":"product_cat-head-schlaegertaschen","8":"first","9":"instock","10":"sale","11":"shipping-taxable","12":"purchasable","13":"product-type-simple"},"supplier_id":null,"supplier_sku":"","barcode":null,"atum_controlled":true,"out_stock_date":null,"out_stock_threshold":null,"inheritable":false,"inbound_stock":null,"stock_on_hold":0,"sold_today":0,"sales_last_days":0,"reserved_stock":null,"customer_returns":null,"warehouse_damage":null,"lost_in_post":null,"other_logs":null,"out_stock_days":0,"lost_sales":0,"has_location":null,"update_date":"2026-05-15T00:05:33","atum_locations":[],"atum_stock_status":"instock","restock_status":false,"low_stock_amount":"","sales_update_date":"2026-05-15T00:05:33","calc_backorders":0,"acf":[],"_links":{"self":[{"href":"https:\/\/topspinservice.at\/en\/wp-json\/wp\/v2\/product\/3945","targetHints":{"allow":["GET"]}}],"collection":[{"href":"https:\/\/topspinservice.at\/en\/wp-json\/wp\/v2\/product"}],"about":[{"href":"https:\/\/topspinservice.at\/en\/wp-json\/wp\/v2\/types\/product"}],"wp:featuredmedia":[{"embeddable":true,"href":"https:\/\/topspinservice.at\/en\/wp-json\/wp\/v2\/media\/3997"}],"wp:attachment":[{"href":"https:\/\/topspinservice.at\/en\/wp-json\/wp\/v2\/media?parent=3945"}],"wp:term":[{"taxonomy":"product_brand","embeddable":true,"href":"https:\/\/topspinservice.at\/en\/wp-json\/wp\/v2\/product_brand?post=3945"},{"taxonomy":"product_cat","embeddable":true,"href":"https:\/\/topspinservice.at\/en\/wp-json\/wp\/v2\/product_cat?post=3945"},{"taxonomy":"product_tag","embeddable":true,"href":"https:\/\/topspinservice.at\/en\/wp-json\/wp\/v2\/product_tag?post=3945"}],"curies":[{"name":"wp","href":"https:\/\/api.w.org\/{rel}","templated":true}]}}