{"id":3947,"date":"2026-03-04T15:03:36","date_gmt":"2026-03-04T14:03:36","guid":{"rendered":"https:\/\/topspinservice.at\/?post_type=product&#038;p=3947"},"modified":"2026-05-11T14:20:07","modified_gmt":"2026-05-11T12:20:07","slug":"head-tour-racquet-bag-xl-pu-2026-12er","status":"publish","type":"product","link":"https:\/\/topspinservice.at\/en\/produkt\/head-tour-racquet-bag-xl-pu-2026-12er","title":{"rendered":"Head Tour Racquet Bag XL PU 2026 12pcs"},"content":{"rendered":"<p><span class=\"ng-binding\">Make a statement with the TOUR RACQUET BAG XL PU, as worn by Coco Gauff. Its sporty purple design complements HEAD&#039;s BOOM racquet range, and the bag features a new, premium fabric and enhanced functionality. Based on player feedback, HEAD has equipped this bag with two new large external accessory pockets\u2014one on each side\u2014and a new external cell phone pocket for quick and easy access. You can carry up to 12 racquets in this bag, which boasts three spacious main compartments, one of which incorporates CCT+ climate control technology to protect your racquets from extreme temperatures.<\/p>\n<p>Other features include an integrated shoe compartment and an internal zippered accessory pocket. The backpack carrying system and top handles allow you to choose whether to carry the TOUR RACQUET BAG XL PU over your shoulder or back, or by hand. As an example of how HEAD is trying to reduce plastic consumption, the label is made from recycled paper and tied with hemp twine, and the bag is presented in a recycled plastic bag.<\/p>\n<p>\u2022 Worn by Coco Gauff<br \/>\n\u2022 Purple, sporty design matches the BOOM racket series from HEAD<br \/>\n\u2022 Space for up to 12 rackets<br \/>\n\u2022 3 main subjects<br \/>\n\u2022 CCT+ climate control technology protects your rackets<br \/>\n\u2022 2 large external accessory pockets<br \/>\n\u2022 External phone pocket<br \/>\n\u2022 Integrated shoe compartment<br \/>\n\u2022 Inner accessory pocket with zipper<br \/>\n\u2022 Padding for added stability<br \/>\n\u2022 Upper handles<br \/>\n\u2022 Backpack carrying system<br \/>\n\u2022 Label made from recycled paper and hemp twine<br \/>\n\u2022 Presented in a recycled plastic bag<\/span><\/p>\n<h2 class=\"collapsible-toggle collapsible-icon ng-binding\" tabindex=\"0\" role=\"button\">FACTS<\/h2>\n<div class=\"collapsible-content ng-scope\">\n<div class=\"row ng-scope\">\n<div class=\"col-12 ng-scope\">\n<div class=\"row\">\n<div class=\"col-12 col-md-4 label ng-binding\">Colors<\/div>\n<div class=\"col-12 col-md-8 value ng-binding\">purple<\/div>\n<\/div>\n<\/div>\n<\/div>\n<div class=\"row ng-scope\">\n<div class=\"col-12 ng-scope\">\n<div class=\"row\">\n<div class=\"col-12 col-md-4 label ng-binding\">Volume (l)<\/div>\n<div class=\"col-12 col-md-8 value ng-binding\">75L<\/div>\n<\/div>\n<\/div>\n<\/div>\n<div class=\"row ng-scope\">\n<div class=\"col-12 ng-scope\">\n<div class=\"row\">\n<div class=\"col-12 col-md-4 label ng-binding\">Dimensions<\/div>\n<div class=\"col-12 col-md-8 value ng-binding\">76.5*33*38<\/div>\n<\/div>\n<\/div>\n<\/div>\n<div class=\"row ng-scope\">\n<div class=\"col-12 ng-scope\">\n<div class=\"row\">\n<div class=\"col-12 col-md-4 label ng-binding\">Material composition (outer)<\/div>\n<div class=\"col-12 col-md-8 value ng-binding\">90% Polyester \/ 10% PU<\/div>\n<\/div>\n<\/div>\n<\/div>\n<div class=\"row ng-scope\">\n<div class=\"col-12 ng-scope\">\n<div class=\"row\">\n<div class=\"col-12 col-md-4 label ng-binding\">Material composition (inside)<\/div>\n<div class=\"col-12 col-md-8 value ng-binding\">75% Polyester \/ 25% TPE<\/div>\n<\/div>\n<\/div>\n<\/div>\n<\/div>","protected":false},"excerpt":{"rendered":"<p>Machen Sie Eindruck mit der TOUR RACQUET BAG XL PU, die von Coco Gauff getragen wird. Das lila, sportliche Design passt zur BOOM-Schl\u00e4gerserie von HEAD und die Tasche wurde mit einem neuen, hochwertigen Stoff sowie verbesserter Funktionalit\u00e4t ausgestattet. Nach R\u00fccksprache mit den Spielern hat HEAD diese Tasche mit zwei neuen gro\u00dfen \u00e4u\u00dferen Zubeh\u00f6rtaschen \u2013 je [&#8230;]\n","protected":false},"featured_media":3998,"template":"","meta":{"_acf_changed":false,"_monsterinsights_skip_tracking":false,"_monsterinsights_sitenote_active":false,"_monsterinsights_sitenote_note":"","_monsterinsights_sitenote_category":0},"product_brand":[],"product_cat":[110],"product_tag":[],"class_list":{"0":"post-3947","1":"product","2":"type-product","3":"status-publish","4":"has-post-thumbnail","6":"product_cat-head-schlaegertaschen","8":"first","9":"onbackorder","10":"sale","11":"shipping-taxable","12":"purchasable","13":"product-type-simple"},"supplier_id":null,"supplier_sku":"","barcode":null,"atum_controlled":true,"out_stock_date":"2026-05-11 14:20:07","out_stock_threshold":null,"inheritable":false,"inbound_stock":null,"stock_on_hold":0,"sold_today":0,"sales_last_days":0,"reserved_stock":null,"customer_returns":null,"warehouse_damage":null,"lost_in_post":null,"other_logs":null,"out_stock_days":0,"lost_sales":0,"has_location":null,"update_date":"2026-05-12T00:03:37","atum_locations":[],"atum_stock_status":"onbackorder","restock_status":false,"low_stock_amount":"","sales_update_date":"2026-05-12T00:03:37","calc_backorders":0,"acf":[],"_links":{"self":[{"href":"https:\/\/topspinservice.at\/en\/wp-json\/wp\/v2\/product\/3947","targetHints":{"allow":["GET"]}}],"collection":[{"href":"https:\/\/topspinservice.at\/en\/wp-json\/wp\/v2\/product"}],"about":[{"href":"https:\/\/topspinservice.at\/en\/wp-json\/wp\/v2\/types\/product"}],"wp:featuredmedia":[{"embeddable":true,"href":"https:\/\/topspinservice.at\/en\/wp-json\/wp\/v2\/media\/3998"}],"wp:attachment":[{"href":"https:\/\/topspinservice.at\/en\/wp-json\/wp\/v2\/media?parent=3947"}],"wp:term":[{"taxonomy":"product_brand","embeddable":true,"href":"https:\/\/topspinservice.at\/en\/wp-json\/wp\/v2\/product_brand?post=3947"},{"taxonomy":"product_cat","embeddable":true,"href":"https:\/\/topspinservice.at\/en\/wp-json\/wp\/v2\/product_cat?post=3947"},{"taxonomy":"product_tag","embeddable":true,"href":"https:\/\/topspinservice.at\/en\/wp-json\/wp\/v2\/product_tag?post=3947"}],"curies":[{"name":"wp","href":"https:\/\/api.w.org\/{rel}","templated":true}]}}