{"id":4083,"date":"2026-03-16T13:49:47","date_gmt":"2026-03-16T12:49:47","guid":{"rendered":"https:\/\/topspinservice.at\/?post_type=product&#038;p=4083"},"modified":"2026-04-26T11:45:41","modified_gmt":"2026-04-26T09:45:41","slug":"head-tour-racquet-bag-l-bk-2026-9er","status":"publish","type":"product","link":"https:\/\/topspinservice.at\/en\/produkt\/head-tour-racquet-bag-l-bk-2026-9er","title":{"rendered":"Head Tour Racquet Bag L BK 2026 9er"},"content":{"rendered":"<div class=\"col-12 ng-scope\">\n<p><span class=\"ng-binding\">Die TOUR RACQUET BAG L BK wurde aus neuen Materialien hergestellt, darunter ein auff\u00e4lliges neues reflektierendes Material auf der Oberseite, und bietet einen unverwechselbaren, modernen Stil sowie gute Sichtbarkeit im Dunkeln. Nach R\u00fccksprache mit Spielern hat HEAD diese Tasche au\u00dferdem mit zwei neuen gro\u00dfen Au\u00dfentaschen f\u00fcr Zubeh\u00f6r \u2013 eine auf jeder Seite \u2013 sowie einer neuen Au\u00dfentasche f\u00fcr das Handy ausgestattet, die einen schnellen und einfachen Zugriff erm\u00f6glicht. In dieser Tasche mit zwei ger\u00e4umigen Hauptf\u00e4chern, von denen eines mit der CCT+ Klimatisierungstechnologie ausgestattet ist, die Ihre Schl\u00e4ger vor extremen Temperaturen sch\u00fctzt, k\u00f6nnen Sie bis zu 9 Schl\u00e4ger transportieren.<\/p>\n<p>Zu den weiteren Ausstattungsmerkmalen geh\u00f6ren ein integriertes Schuhfach und eine Innentasche mit Rei\u00dfverschluss f\u00fcr Zubeh\u00f6r. Dank des Rucksacksystems und der oberen Griffe k\u00f6nnen Sie die TOUR RACQUET BAG L BK entweder \u00fcber die Schulter oder den R\u00fccken tragen oder in der Hand tragen. Als Beispiel daf\u00fcr, wie HEAD versucht, den Plastikverbrauch zu reduzieren, besteht das Etikett aus Recyclingpapier und ist mit einer Hanfschnur gebunden, und die Tasche wird in einer recycelten Plastikt\u00fcte pr\u00e4sentiert.<\/p>\n<p>\u2022 Space for up to 9 rackets<br \/>\n\u2022 2 main subjects<br \/>\n\u2022 CCT+ climate control technology protects your rackets<br \/>\n\u2022 Reflektierendes Material<br \/>\n\u2022 2 gro\u00dfe Au\u00dfentaschen f\u00fcr Zubeh\u00f6r<br \/>\n\u2022 Au\u00dfenfach f\u00fcr das Handy<br \/>\n\u2022 Integrated shoe compartment<br \/>\n\u2022 Innenfach mit Rei\u00dfverschluss f\u00fcr Zubeh\u00f6r<br \/>\n\u2022 Padding for added stability<br \/>\n\u2022 Tragegriffe oben<br \/>\n\u2022 Backpack carrying system<br \/>\n\u2022 Anh\u00e4ngeetikett aus Recyclingpapier und Hanfschnur<br \/>\n\u2022 Verpackt in einer recycelten Plastikt\u00fcte<\/span><\/p>\n<h2 class=\"collapsible-toggle collapsible-icon ng-binding\" tabindex=\"0\" role=\"button\">FACTS<\/h2>\n<div class=\"collapsible-content ng-scope\">\n<div class=\"row ng-scope\">\n<div class=\"col-12 ng-scope\">\n<div class=\"row\">\n<div class=\"col-12 col-md-4 label ng-binding\">Colors<\/div>\n<div class=\"col-12 col-md-8 value ng-binding\">black<\/div>\n<\/div>\n<\/div>\n<\/div>\n<div class=\"row ng-scope\">\n<div class=\"col-12 ng-scope\">\n<div class=\"row\">\n<div class=\"col-12 col-md-4 label ng-binding\">Volume (l)<\/div>\n<div class=\"col-12 col-md-8 value ng-binding\">65L<\/div>\n<\/div>\n<\/div>\n<\/div>\n<div class=\"row ng-scope\">\n<div class=\"col-12 ng-scope\">\n<div class=\"row\">\n<div class=\"col-12 col-md-4 label ng-binding\">Dimensions<\/div>\n<div class=\"col-12 col-md-8 value ng-binding\">76.5*33*32<\/div>\n<\/div>\n<\/div>\n<\/div>\n<div class=\"row ng-scope\">\n<div class=\"col-12 ng-scope\">\n<div class=\"row\">\n<div class=\"col-12 col-md-4 label ng-binding\">Material composition (outer)<\/div>\n<div class=\"col-12 col-md-8 value ng-binding\">85% Polyester \/ 15% PU<\/div>\n<\/div>\n<\/div>\n<\/div>\n<div class=\"row ng-scope\">\n<div class=\"col-12 ng-scope\">\n<div class=\"row\">\n<div class=\"col-12 col-md-4 label ng-binding\">Material composition (inside)<\/div>\n<div class=\"col-12 col-md-8 value ng-binding\">70% Polyester \/ 30% TPE<\/div>\n<\/div>\n<\/div>\n<\/div>\n<\/div>\n<\/div>","protected":false},"excerpt":{"rendered":"<p>Die TOUR RACQUET BAG L BK wurde aus neuen Materialien hergestellt, darunter ein auff\u00e4lliges neues reflektierendes Material auf der Oberseite, und bietet einen unverwechselbaren, modernen Stil sowie gute Sichtbarkeit im Dunkeln. Nach R\u00fccksprache mit Spielern hat HEAD diese Tasche au\u00dferdem mit zwei neuen gro\u00dfen Au\u00dfentaschen f\u00fcr Zubeh\u00f6r \u2013 eine auf jeder Seite \u2013 sowie einer [&#8230;]\n","protected":false},"featured_media":4258,"template":"","meta":{"_acf_changed":false,"_monsterinsights_skip_tracking":false,"_monsterinsights_sitenote_active":false,"_monsterinsights_sitenote_note":"","_monsterinsights_sitenote_category":0},"product_brand":[],"product_cat":[110],"product_tag":[],"class_list":{"0":"post-4083","1":"product","2":"type-product","3":"status-publish","4":"has-post-thumbnail","6":"product_cat-head-schlaegertaschen","8":"first","9":"instock","10":"sale","11":"shipping-taxable","12":"purchasable","13":"product-type-simple"},"supplier_id":null,"supplier_sku":"","barcode":null,"atum_controlled":true,"out_stock_date":null,"out_stock_threshold":null,"inheritable":false,"inbound_stock":null,"stock_on_hold":0,"sold_today":0,"sales_last_days":0,"reserved_stock":null,"customer_returns":null,"warehouse_damage":null,"lost_in_post":null,"other_logs":null,"out_stock_days":0,"lost_sales":0,"has_location":null,"update_date":"2026-05-15T00:05:32","atum_locations":[],"atum_stock_status":"instock","restock_status":false,"low_stock_amount":"","sales_update_date":"2026-05-15T00:05:32","calc_backorders":0,"acf":[],"_links":{"self":[{"href":"https:\/\/topspinservice.at\/en\/wp-json\/wp\/v2\/product\/4083","targetHints":{"allow":["GET"]}}],"collection":[{"href":"https:\/\/topspinservice.at\/en\/wp-json\/wp\/v2\/product"}],"about":[{"href":"https:\/\/topspinservice.at\/en\/wp-json\/wp\/v2\/types\/product"}],"wp:featuredmedia":[{"embeddable":true,"href":"https:\/\/topspinservice.at\/en\/wp-json\/wp\/v2\/media\/4258"}],"wp:attachment":[{"href":"https:\/\/topspinservice.at\/en\/wp-json\/wp\/v2\/media?parent=4083"}],"wp:term":[{"taxonomy":"product_brand","embeddable":true,"href":"https:\/\/topspinservice.at\/en\/wp-json\/wp\/v2\/product_brand?post=4083"},{"taxonomy":"product_cat","embeddable":true,"href":"https:\/\/topspinservice.at\/en\/wp-json\/wp\/v2\/product_cat?post=4083"},{"taxonomy":"product_tag","embeddable":true,"href":"https:\/\/topspinservice.at\/en\/wp-json\/wp\/v2\/product_tag?post=4083"}],"curies":[{"name":"wp","href":"https:\/\/api.w.org\/{rel}","templated":true}]}}