{"id":4202,"date":"2026-04-12T19:38:39","date_gmt":"2026-04-12T17:38:39","guid":{"rendered":"https:\/\/topspinservice.at\/?post_type=product&#038;p=4202"},"modified":"2026-04-26T11:22:14","modified_gmt":"2026-04-26T09:22:14","slug":"head-squared-295g-2026","status":"publish","type":"product","link":"https:\/\/topspinservice.at\/en\/produkt\/head-squared-295g-2026","title":{"rendered":"Head SQUARED 295g 2026"},"content":{"rendered":"<p><span class=\"ng-binding\">Der SQUARED ist so innovativ, dass er eine neue Kategorie auf dem Markt etabliert hat: ein Schl\u00e4ger mit extrem niedriger Balance f\u00fcr Spieler aller Spielst\u00e4rken und Altersgruppen, die die perfekte Fusion aus Power und Komfort suchen. SQUARED liefert Power\u00b2, Man\u00f6vrierbarkeit\u00b2 und Komfort\u00b2. Dies ist der grifflastigste Schl\u00e4ger, den HEAD je produziert hat; er besitzt ein hervorragendes Pick-up-Gef\u00fchl und ist leicht zu man\u00f6vrieren, sodass du mit vollem Vertrauen weit ausholen kannst, um eine saubere und pr\u00e4zise Technik umzusetzen. Es ist erwiesen, dass der SQUARED die Muskelaktivit\u00e4t beim Schwingen reduziert, was ihn besonders f\u00fcr Spieler geeignet macht, die einen armschonenden Schl\u00e4ger suchen. W\u00e4hrend die meisten Schl\u00e4ger nur aus einem Rohr bestehen, wird der SQUARED mit modernster Dual-Tube-Technologie gefertigt. Das \u00e4u\u00dfere Rohr besteht aus Torayca\u2122 T800S Carbonfasern von Toray und gibt dir Power, w\u00e4hrend das innere Rohr mit Schaumstoff gef\u00fcllt ist, um Komfort, Armschonung und ein knackiges Schlaggef\u00fchl zu maximieren.<\/p>\n<p>HEAD hat darauf geh\u00f6rt, was Spieler von ihren Schl\u00e4gern erwarten. Hol voll aus mit einem Schl\u00e4ger, der \u00fcber HEADs kraftvollstes 16&#215;18-Besaitungsbild verf\u00fcgt, zusammen mit Directional Drilling, das den Komfort und das knackige Schlaggef\u00fchl verbessert. Inspiriert von der Automobil- und Fahrradindustrie kommt der SQUARED in einem modernen, modischen Grau daher. F\u00fcr einen noch exklusiveren Look sorgt ein Hologramm-Effekt, der das Grau veredelt und von Magenta zu Petrol wechselt.<\/p>\n<p>\u2022 Der grifflastigste Schl\u00e4ger, den HEAD je entwickelt hat<br \/>\n\u2022 F\u00fcr Spieler aller Spielst\u00e4rken und Altersgruppen, die ein H\u00f6chstma\u00df an Power und Komfort suchen<br \/>\n\u2022 Einfach voll durchzuschwingen und eine saubere, pr\u00e4zise Technik umzusetzen, was hilft, Muskelerm\u00fcdung zu reduzieren<br \/>\n\u2022 Reduziert nachweislich die Muskelaktivit\u00e4t beim Schwingen, besonders geeignet f\u00fcr Spieler, die einen armschonenden Schl\u00e4ger suchen<br \/>\n\u2022 Modernste Dual-Tube-Technologie<br \/>\n\u2022 Power-Tube: hochmoderne T800-Carbonfaser-R\u00f6hre f\u00fcr Power und Stabilit\u00e4t<br \/>\n\u2022 Komfort-Tube: zweite, mit Schaum stoff gef\u00fcllte R\u00f6hre zur Maximierung von Komfort, Armschonung und einem knackigen Schlaggef\u00fchl<br \/>\n\u2022 Die Komfort-Tube verbindet den Griff direkt mit den L\u00e4ngssaiten und schafft so ein sehr direktes, aber komfortables Gef\u00fchl<br \/>\n\u2022 HEADs kraftvollstes 16&#215;18-Besaitungsbild<br \/>\n\u2022 Directional Drilling f\u00fcr Komfort und ein knackiges Schlaggef\u00fchl<br \/>\n\u2022 Exklusives Design in modernem, modischem Grau mit Hologramm-Effekt \u2022 Das f\u00fcr HEAD typische asymmetrische Design ist in den Schl\u00e4ger eingearbeitet<br \/>\n\u2022 \u00c4u\u00dferes Rohr mit hochwertigem Matt-Finish, inneres Rohr durch gl\u00e4nzendes Finish hervorgehoben<\/span><\/p>\n<p>FACTS<br \/>\nWeight (unstrung)<br \/>\n295 g \/ 10.4 oz<br \/>\nCovering pattern<br \/>\n16\/18<br \/>\nstriking surface size<br \/>\n645 cm\u00b2 \/ 100 in\u00b2<br \/>\nbalance<br \/>\n295 mm \/ 1.9 in HL<br \/>\nlength<br \/>\n685 mm \/ 27.0 in<br \/>\nFrame thickness<br \/>\n23\/25\/24 mm<\/p>","protected":false},"excerpt":{"rendered":"<p>Der SQUARED ist so innovativ, dass er eine neue Kategorie auf dem Markt etabliert hat: ein Schl\u00e4ger mit extrem niedriger Balance f\u00fcr Spieler aller Spielst\u00e4rken und Altersgruppen, die die perfekte Fusion aus Power und Komfort suchen. SQUARED liefert Power\u00b2, Man\u00f6vrierbarkeit\u00b2 und Komfort\u00b2. Dies ist der grifflastigste Schl\u00e4ger, den HEAD je produziert hat; er besitzt ein [&#8230;]\n","protected":false},"featured_media":4206,"template":"","meta":{"_acf_changed":false,"_monsterinsights_skip_tracking":false,"_monsterinsights_sitenote_active":false,"_monsterinsights_sitenote_note":"","_monsterinsights_sitenote_category":0},"product_brand":[],"product_cat":[339,32],"product_tag":[19],"class_list":{"0":"post-4202","1":"product","2":"type-product","3":"status-publish","4":"has-post-thumbnail","6":"product_cat-head-squared-kaufen","7":"product_cat-tennis-neuheiten","8":"product_tag-schlaeger","10":"first","11":"instock","12":"sale","13":"shipping-taxable","14":"purchasable","15":"product-type-variable","16":"has-default-attributes"},"supplier_id":null,"supplier_sku":"","barcode":null,"atum_controlled":true,"out_stock_date":null,"out_stock_threshold":null,"inheritable":false,"inbound_stock":null,"stock_on_hold":0,"sold_today":0,"sales_last_days":0,"reserved_stock":null,"customer_returns":null,"warehouse_damage":null,"lost_in_post":null,"other_logs":null,"out_stock_days":0,"lost_sales":0,"has_location":null,"update_date":"2026-05-09T01:43:19","atum_locations":[],"atum_stock_status":"instock","restock_status":false,"low_stock_amount":"","sales_update_date":"2026-05-09T01:43:19","calc_backorders":null,"acf":[],"_links":{"self":[{"href":"https:\/\/topspinservice.at\/en\/wp-json\/wp\/v2\/product\/4202","targetHints":{"allow":["GET"]}}],"collection":[{"href":"https:\/\/topspinservice.at\/en\/wp-json\/wp\/v2\/product"}],"about":[{"href":"https:\/\/topspinservice.at\/en\/wp-json\/wp\/v2\/types\/product"}],"wp:featuredmedia":[{"embeddable":true,"href":"https:\/\/topspinservice.at\/en\/wp-json\/wp\/v2\/media\/4206"}],"wp:attachment":[{"href":"https:\/\/topspinservice.at\/en\/wp-json\/wp\/v2\/media?parent=4202"}],"wp:term":[{"taxonomy":"product_brand","embeddable":true,"href":"https:\/\/topspinservice.at\/en\/wp-json\/wp\/v2\/product_brand?post=4202"},{"taxonomy":"product_cat","embeddable":true,"href":"https:\/\/topspinservice.at\/en\/wp-json\/wp\/v2\/product_cat?post=4202"},{"taxonomy":"product_tag","embeddable":true,"href":"https:\/\/topspinservice.at\/en\/wp-json\/wp\/v2\/product_tag?post=4202"}],"curies":[{"name":"wp","href":"https:\/\/api.w.org\/{rel}","templated":true}]}}