{"id":797,"date":"2024-10-23T22:42:08","date_gmt":"2024-10-23T20:42:08","guid":{"rendered":"https:\/\/topspinservice.at\/?post_type=product&#038;p=797"},"modified":"2026-01-24T22:31:51","modified_gmt":"2026-01-24T21:31:51","slug":"yonex-vcore-98-305g-sand-beige","status":"publish","type":"product","link":"https:\/\/topspinservice.at\/en\/produkt\/yonex-vcore-98-305g-sand-beige","title":{"rendered":"Yonex VCORE 98 305g Sand Beige"},"content":{"rendered":"<p><strong>Yonex verleiht dem VCORE 98 ein edles Sand-Beige Design!<\/strong><\/p>\n<p>Yonex pr\u00e4sentiert den <strong>VCORE 98 Sand Beige<\/strong>! Mit den gleichen Spezifikationen und Spieleigenschaften wie die Standardversion bleibt dieser Schl\u00e4ger eine schnelle <strong>Spin-Maschine<\/strong> mit einer hervorragenden Schlagr\u00fcckmeldung.<\/p>\n<p>Der <strong>VCORE 98<\/strong> bietet mehr <strong>Power<\/strong> als der kleinere VCORE 95 und \u00fcberzeugt mit einer gr\u00f6\u00dferen <strong>Fehlertoleranz<\/strong>, ohne dabei auf die Pr\u00e4zision zu verzichten, die anspruchsvolle Tennisspieler sch\u00e4tzen. Durch seine enorme Wendigkeit eignet er sich perfekt f\u00fcr <strong>schnelle Gewinnschl\u00e4ge aus dem Lauf heraus<\/strong> sowie f\u00fcr reaktionsschnelle Aktionen am Netz.<\/p>\n<h3><strong>Technische Highlights:<\/strong><\/h3>\n<ul>\n<li><strong>\u00dcberarbeitete Rahmenkonstruktion<\/strong>: Ein optimierter Schaft und eine d\u00fcnnere Schlagfl\u00e4che sorgen f\u00fcr mehr Stabilit\u00e4t und Power. Die vergr\u00f6\u00dferte obere Schlagfl\u00e4che liefert ein stabileres, kraftvolleres und <strong>spinfreudigeres Schlaggef\u00fchl<\/strong>.<\/li>\n<li><strong>SIF Grommets<\/strong>: Die Silikon\u00f6l-Infusion reduziert die Reibung zwischen Saite und \u00d6se, was eine st\u00e4rkere Saitenbewegung erm\u00f6glicht. Das Ergebnis ist ein besserer <strong>Snapback-Effekt<\/strong> und eine erh\u00f6hte Ballrotation.<\/li>\n<li><strong>Gesenkter RA-Wert<\/strong>: Ein weicherer Flex sorgt f\u00fcr eine verbesserte Ballr\u00fcckmeldung und mehr Spielkomfort.<\/li>\n<li><strong>2-NAMD FlexForce Graphite<\/strong>: Im oberen Schaft und unteren Rahmen erm\u00f6glicht dieses Material ein gezieltes Biegen des Schl\u00e4gers und kraftvolles Zur\u00fcckschnellen beim Treffmoment.<\/li>\n<\/ul>\n<p>Mit dem <strong>VCORE 98 Sand Beige<\/strong> erf\u00fcllt Yonex alle W\u00fcnsche erfahrener Spieler, die auf der Suche nach <strong>Spin, Pr\u00e4zision und Spielgef\u00fchl<\/strong> sind. Das stilvolle, beigefarbene Design setzt zudem optische Akzente und macht diesen Schl\u00e4ger zu einem echten Hingucker auf dem Platz.<\/p>\n<table class=\"data table additional-attributes\" id=\"product-attribute-specs-table\">\n<tbody>\n<tr>\n<th scope=\"row\" class=\"col label\">Head Size<\/th>\n<td data-th=\"Head Size\" class=\"col data\">98 sq.in.<\/td>\n<\/tr>\n<tr>\n<th scope=\"row\" class=\"col label\">Weight<\/th>\n<td data-th=\"Weight\" class=\"col data\">305 g \/ 10.8 oz<\/td>\n<\/tr>\n<tr>\n<th scope=\"row\" class=\"col label\">Grip Size<\/th>\n<td data-th=\"Grip Size\" class=\"col data\">1 &#8211; 5<\/td>\n<\/tr>\n<tr>\n<th scope=\"row\" class=\"col label\">Length<\/th>\n<td data-th=\"Length\" class=\"col data\">27 in.<\/td>\n<\/tr>\n<tr>\n<th scope=\"row\" class=\"col label\">Width Range<\/th>\n<td data-th=\"Width Range\" class=\"col data\">23 mm &#8211; 23 mm &#8211; 21 mm<\/td>\n<\/tr>\n<tr>\n<th scope=\"row\" class=\"col label\">Balance Point<\/th>\n<td data-th=\"Balance Point\" class=\"col data\">315 mm<\/td>\n<\/tr>\n<tr>\n<th scope=\"row\" class=\"col label\">Material<\/th>\n<td data-th=\"Material\" class=\"col data\">HM Graphite \/ 2G-Namd\u2122 Flex Force \/ VDM<\/td>\n<\/tr>\n<tr>\n<th scope=\"row\" class=\"col label\">Color(s)<\/th>\n<td data-th=\"Color(s)\" class=\"col data\">Scarlet, Sand Beige<\/td>\n<\/tr>\n<tr>\n<th scope=\"row\" class=\"col label\">Recommended String<\/th>\n<td data-th=\"Recommended String\" class=\"col data\"><a href=\"https:\/\/www.yonex.com\/tennis\/strings\/polytour-rev-125\" target=\"_blank\" rel=\"noopener\">POLYTOUR REV<\/a><br \/>\n<a href=\"https:\/\/www.yonex.com\/tennis\/strings\/ptgst125\" target=\"_blank\" rel=\"noopener\">POLYTOUR STRIKE<\/a><br \/>\n<a href=\"https:\/\/www.yonex.com\/tennis\/racquets\/vcore\/tennis\/strings\/tgrcf130\" target=\"_blank\" rel=\"noopener\">REXIS COMFORT<\/a><\/td>\n<\/tr>\n<tr>\n<th scope=\"row\" class=\"col label\">Stringing Pattern<\/th>\n<td data-th=\"Stringing Pattern\" class=\"col data\">16 x 19<\/td>\n<\/tr>\n<tr>\n<th scope=\"row\" class=\"col label\">Stringing Advice<\/th>\n<td data-th=\"Stringing Advice\" class=\"col data\">45 &#8211; 60 lbs<\/td>\n<\/tr>\n<tr>\n<th scope=\"row\" class=\"col label\">Made In<\/th>\n<td data-th=\"Made In\" class=\"col data\">Japan<\/td>\n<\/tr>\n<\/tbody>\n<\/table>\n<p>&nbsp;<\/p>","protected":false},"excerpt":{"rendered":"<p><strong>Neue Technologie und innovative Struktur f\u00fcr maximalen Spin<\/strong><\/p>\n<p>Dank der Kombination aus modernster Technologie und innovativer Konstruktion erm\u00f6glicht dieser Schl\u00e4ger eine verbesserte Saitenbewegung und einen erh\u00f6hten <strong>Snapback-Effekt<\/strong>. Das Resultat: Spieler erhalten Zugang zum st\u00e4rksten <strong>Spin<\/strong> in der Yonex-Tennisgeschichte.<\/p>\n<p><strong>F\u00fcr Spieler der mittleren bis fortgeschrittenen Spielst\u00e4rke<\/strong><br \/>\nDieser wendige Schl\u00e4ger wurde speziell f\u00fcr <strong>Spin und Geschwindigkeit<\/strong> entwickelt und richtet sich an Spieler, die ihre Leistung optimieren m\u00f6chten.<\/p>","protected":false},"featured_media":2374,"template":"","meta":{"_acf_changed":false,"_monsterinsights_skip_tracking":false,"_monsterinsights_sitenote_active":false,"_monsterinsights_sitenote_note":"","_monsterinsights_sitenote_category":0},"product_brand":[],"product_cat":[18],"product_tag":[134,133,19,20,21],"class_list":{"0":"post-797","1":"product","2":"type-product","3":"status-publish","4":"has-post-thumbnail","6":"product_cat-yonex-vcore-kaufen","7":"product_tag-beige","8":"product_tag-sand","9":"product_tag-schlaeger","10":"product_tag-spin","11":"product_tag-vcore","13":"first","14":"onbackorder","15":"sale","16":"shipping-taxable","17":"purchasable","18":"product-type-variable","19":"has-default-attributes"},"supplier_id":null,"supplier_sku":"","barcode":null,"atum_controlled":true,"out_stock_date":null,"out_stock_threshold":null,"inheritable":false,"inbound_stock":0,"stock_on_hold":0,"sold_today":0,"sales_last_days":0,"reserved_stock":0,"customer_returns":0,"warehouse_damage":0,"lost_in_post":0,"other_logs":0,"out_stock_days":0,"lost_sales":0,"has_location":false,"update_date":"2026-05-07T01:39:11","atum_locations":[],"atum_stock_status":"onbackorder","restock_status":false,"low_stock_amount":"","sales_update_date":"2026-05-07T01:39:11","calc_backorders":null,"acf":[],"_links":{"self":[{"href":"https:\/\/topspinservice.at\/en\/wp-json\/wp\/v2\/product\/797","targetHints":{"allow":["GET"]}}],"collection":[{"href":"https:\/\/topspinservice.at\/en\/wp-json\/wp\/v2\/product"}],"about":[{"href":"https:\/\/topspinservice.at\/en\/wp-json\/wp\/v2\/types\/product"}],"wp:featuredmedia":[{"embeddable":true,"href":"https:\/\/topspinservice.at\/en\/wp-json\/wp\/v2\/media\/2374"}],"wp:attachment":[{"href":"https:\/\/topspinservice.at\/en\/wp-json\/wp\/v2\/media?parent=797"}],"wp:term":[{"taxonomy":"product_brand","embeddable":true,"href":"https:\/\/topspinservice.at\/en\/wp-json\/wp\/v2\/product_brand?post=797"},{"taxonomy":"product_cat","embeddable":true,"href":"https:\/\/topspinservice.at\/en\/wp-json\/wp\/v2\/product_cat?post=797"},{"taxonomy":"product_tag","embeddable":true,"href":"https:\/\/topspinservice.at\/en\/wp-json\/wp\/v2\/product_tag?post=797"}],"curies":[{"name":"wp","href":"https:\/\/api.w.org\/{rel}","templated":true}]}}