{"id":821,"date":"2024-10-23T22:42:28","date_gmt":"2024-10-23T20:42:28","guid":{"rendered":"https:\/\/topspinservice.at\/?post_type=product&#038;p=821"},"modified":"2025-09-16T13:54:40","modified_gmt":"2025-09-16T11:54:40","slug":"yonex-percept-100l-280g-olive-green","status":"publish","type":"product","link":"https:\/\/topspinservice.at\/en\/produkt\/yonex-percept-100l-280g-olive-green","title":{"rendered":"Yonex PERCEPT 100L 280g Olive Green"},"content":{"rendered":"<div class=\"flex-shrink-0 flex flex-col relative items-end\">\n<div>\n<div class=\"pt-0\">\n<div class=\"gizmo-bot-avatar flex h-8 w-8 items-center justify-center overflow-hidden rounded-full\">\n<div class=\"relative p-1 rounded-sm flex items-center justify-center bg-token-main-surface-primary text-token-text-primary h-8 w-8\">Mit dem <strong>Percept 100L<\/strong> bietet Yonex aufstrebenden Spielern eine perfekte Kombination aus Geschwindigkeit und Pr\u00e4zision. Dieser Schl\u00e4ger l\u00e4sst sich m\u00fcheloser schwingen als der <strong>Percept 100<\/strong>, wobei er dennoch eine beeindruckende Stabilit\u00e4t f\u00fcr sein geringes Gewicht bietet. Zu den herausragenden Merkmalen geh\u00f6ren ein verl\u00e4ngerter Schaft, der das Gef\u00fchl, die Flexibilit\u00e4t und die Kontrolle verbessert, sowie eine steifere Schl\u00e4gerfl\u00e4che, die zus\u00e4tzliche Stabilit\u00e4t und Power liefert. F\u00fcr noch mehr Komfort hat Yonex einen <strong>Servo Filter<\/strong> eingebaut, der eine d\u00fcnne elastische Schicht im Schaft nutzt, um st\u00f6rende Vibrationen zu minimieren. Wie beim Vorg\u00e4ngermodell wurde auch bei diesem Schl\u00e4ger das Graphit-Layup mit <strong>2G-NAMD Flex Force<\/strong> verbessert, einer Materialtechnologie, die es dem Rahmen erm\u00f6glicht, sich beim Aufprall optimal zu biegen und so eine exzellente Ballr\u00fcckmeldung zu gew\u00e4hrleisten. Der <strong>Percept 100L<\/strong> ist damit die perfekte Wahl f\u00fcr fortgeschrittene Spieler, die die Vorteile eines pr\u00e4zisen, kontrollierten Schl\u00e4gers suchen, ohne sich mit einem hohen Gewicht zu belasten.<\/div>\n<div><\/div>\n<\/div>\n<div>\n<table class=\"data table additional-attributes\" id=\"product-attribute-specs-table\">\n<tbody>\n<tr>\n<th scope=\"row\" class=\"col label\">Head Size<\/th>\n<td data-th=\"Head Size\" class=\"col data\">100 sq.in.<\/td>\n<\/tr>\n<tr>\n<th scope=\"row\" class=\"col label\">Weight<\/th>\n<td data-th=\"Weight\" class=\"col data\">280 g \/ 9.9 oz<\/td>\n<\/tr>\n<tr>\n<th scope=\"row\" class=\"col label\">Grip Size<\/th>\n<td data-th=\"Grip Size\" class=\"col data\">0 &#8211; 4<\/td>\n<\/tr>\n<tr>\n<th scope=\"row\" class=\"col label\">Length<\/th>\n<td data-th=\"Length\" class=\"col data\">27 in.<\/td>\n<\/tr>\n<tr>\n<th scope=\"row\" class=\"col label\">Width Range<\/th>\n<td data-th=\"Width Range\" class=\"col data\">23 mm &#8211; 23 mm &#8211; 23 mm<\/td>\n<\/tr>\n<tr>\n<th scope=\"row\" class=\"col label\">Balance Point<\/th>\n<td data-th=\"Balance Point\" class=\"col data\">335 mm<\/td>\n<\/tr>\n<tr>\n<th scope=\"row\" class=\"col label\">Material<\/th>\n<td data-th=\"Material\" class=\"col data\">HM GRAPHITE \/ 2G-Namd\u2122 Flex Force \/ SERVO FILTER<\/td>\n<\/tr>\n<tr>\n<th scope=\"row\" class=\"col label\">Color(s)<\/th>\n<td data-th=\"Color(s)\" class=\"col data\">OLIVE GREEN<\/td>\n<\/tr>\n<tr>\n<th scope=\"row\" class=\"col label\">Recommended String<\/th>\n<td data-th=\"Recommended String\" class=\"col data\"><a href=\"https:\/\/www.yonex.com\/tennis\/strings\/ptgr120\" target=\"_blank\" rel=\"noopener\">POLYTOUR REV<\/a><br \/>\n<a href=\"https:\/\/www.yonex.com\/tennis\/strings\/ptgp115\" target=\"_blank\" rel=\"noopener\">POLYTOUR PRO<\/a><br \/>\n<a href=\"https:\/\/www.yonex.com\/tennis\/strings\/tgrsp125\" target=\"_blank\" rel=\"noopener\">REXIS SPEED<\/a><\/td>\n<\/tr>\n<tr>\n<th scope=\"row\" class=\"col label\">Stringing Pattern<\/th>\n<td data-th=\"Stringing Pattern\" class=\"col data\">16 x 19<\/td>\n<\/tr>\n<tr>\n<th scope=\"row\" class=\"col label\">Stringing Advice<\/th>\n<td data-th=\"Stringing Advice\" class=\"col data\">40 &#8211; 55 lbs<\/td>\n<\/tr>\n<tr>\n<th scope=\"row\" class=\"col label\">Made In<\/th>\n<td data-th=\"Made In\" class=\"col data\">Japan<\/td>\n<\/tr>\n<\/tbody>\n<\/table>\n<\/div>\n<\/div>\n<\/div>\n<\/div>","protected":false},"excerpt":{"rendered":"<p>Neue Technologien und Strukturen kombinieren sich mit Innovation, um den &#8222;Snapback&#8220; der Saiten und deren Bewegung zu erh\u00f6hen, was den Spielern Zugang zu der gr\u00f6\u00dften Spin-Kontrolle in der Geschichte von Yonex-Tennis bietet.<\/p>\n<p>Der <strong>Percept 100L<\/strong> ist ideal f\u00fcr Allround-Spieler, die einen leichten, flexiblen Schl\u00e4ger mit Pr\u00e4zision und hervorragendem Gef\u00fchl suchen. Mit seinem geringeren Gewicht erm\u00f6glicht dieser Schl\u00e4ger schnelle Reaktionen und m\u00fcheloses Spiel aus jeder Position auf dem Platz. Das verbesserte Design sorgt f\u00fcr eine optimierte Ballr\u00fcckmeldung und eine dynamische, spinfreudige Leistung, die das Spiel auf das n\u00e4chste Level hebt.<\/p>","protected":false},"featured_media":2382,"template":"","meta":{"_acf_changed":false,"_monsterinsights_skip_tracking":false,"_monsterinsights_sitenote_active":false,"_monsterinsights_sitenote_note":"","_monsterinsights_sitenote_category":0},"product_brand":[],"product_cat":[35],"product_tag":[56,19,20],"class_list":{"0":"post-821","1":"product","2":"type-product","3":"status-publish","4":"has-post-thumbnail","6":"product_cat-yonex-percept-kaufen","7":"product_tag-percept","8":"product_tag-schlaeger","9":"product_tag-spin","11":"first","12":"onbackorder","13":"sale","14":"shipping-taxable","15":"purchasable","16":"product-type-variable","17":"has-default-attributes"},"supplier_id":null,"supplier_sku":"","barcode":null,"atum_controlled":true,"out_stock_date":null,"out_stock_threshold":null,"inheritable":false,"inbound_stock":0,"stock_on_hold":0,"sold_today":0,"sales_last_days":0,"reserved_stock":0,"customer_returns":0,"warehouse_damage":0,"lost_in_post":0,"other_logs":0,"out_stock_days":0,"lost_sales":0,"has_location":false,"update_date":"2026-05-07T01:39:10","atum_locations":[],"atum_stock_status":"onbackorder","restock_status":false,"low_stock_amount":"","sales_update_date":"2026-05-07T01:39:10","calc_backorders":null,"acf":[],"_links":{"self":[{"href":"https:\/\/topspinservice.at\/en\/wp-json\/wp\/v2\/product\/821","targetHints":{"allow":["GET"]}}],"collection":[{"href":"https:\/\/topspinservice.at\/en\/wp-json\/wp\/v2\/product"}],"about":[{"href":"https:\/\/topspinservice.at\/en\/wp-json\/wp\/v2\/types\/product"}],"wp:featuredmedia":[{"embeddable":true,"href":"https:\/\/topspinservice.at\/en\/wp-json\/wp\/v2\/media\/2382"}],"wp:attachment":[{"href":"https:\/\/topspinservice.at\/en\/wp-json\/wp\/v2\/media?parent=821"}],"wp:term":[{"taxonomy":"product_brand","embeddable":true,"href":"https:\/\/topspinservice.at\/en\/wp-json\/wp\/v2\/product_brand?post=821"},{"taxonomy":"product_cat","embeddable":true,"href":"https:\/\/topspinservice.at\/en\/wp-json\/wp\/v2\/product_cat?post=821"},{"taxonomy":"product_tag","embeddable":true,"href":"https:\/\/topspinservice.at\/en\/wp-json\/wp\/v2\/product_tag?post=821"}],"curies":[{"name":"wp","href":"https:\/\/api.w.org\/{rel}","templated":true}]}}