{"id":826,"date":"2024-10-23T22:42:29","date_gmt":"2024-10-23T20:42:29","guid":{"rendered":"https:\/\/topspinservice.at\/?post_type=product&#038;p=826"},"modified":"2025-09-16T13:54:40","modified_gmt":"2025-09-16T11:54:40","slug":"yonex-percept-97-310g-olive-green","status":"publish","type":"product","link":"https:\/\/topspinservice.at\/en\/produkt\/yonex-percept-97-310g-olive-green","title":{"rendered":"Yonex PERCEPT 97 310g Olive Green"},"content":{"rendered":"<p><strong>Butterweicher Rahmen. Enorme Geschwindigkeit. Spinfreudige Pr\u00e4zision.<\/strong><\/p>\n<p>Yonex bringt den VCORE PRO 97 unter einem neuen Namen zur\u00fcck und hebt ihn mit dem <strong>Percept 97<\/strong> auf ein noch h\u00f6heres Niveau. Dieser Schl\u00e4ger beh\u00e4lt die herausragende Spielbarkeit der vorherigen Generation bei, definiert sich jedoch durch eine neue Dimension in Geschwindigkeit, Spin und Komfort. Speziell f\u00fcr fortgeschrittene Spieler entwickelt, bietet der Percept 97 ein leichtes Schwunggewicht von unter 320, das es erm\u00f6glicht, m\u00fchelos Spin aus dem Hinterfeld zu erzeugen und blitzschnell auf Netzb\u00e4lle zu reagieren.<\/p>\n<p>Der Percept 97 kombiniert einen butterweichen Rahmen mit einem chirurgisch pr\u00e4zisen 625 cm\u00b2 Schl\u00e4gerkopf, der eine exzellente Kontrolle liefert und Vertrauen in volle Schw\u00fcnge schafft. Durch die vergr\u00f6\u00dferte Steifigkeit der Schlagfl\u00e4che wird die Stabilit\u00e4t bei h\u00e4rteren Schl\u00e4gen gesteigert, ohne dabei an Komfort einzub\u00fc\u00dfen. Ein verl\u00e4ngerter Schaft sorgt f\u00fcr verbesserte Flexibilit\u00e4t und ein optimiertes Ballgef\u00fchl.<\/p>\n<p>Ein weiteres Highlight ist die Servo Filter-Technologie, die Vibrationen dank einer elastischen Schicht im Schaft absorbiert und so f\u00fcr ein angenehmes Spielgef\u00fchl sorgt. Durch die Anwendung von <strong>2G-NAMD Flex Force Graphit<\/strong> im Layup bietet der Percept 97 eine beeindruckende Biegewirkung beim Aufprall, die zu mehr Power und einem verbesserten R\u00fccksto\u00df f\u00fchrt.<\/p>\n<p>Mit seiner perfekten Kombination aus Geschwindigkeit, Spin und exzellentem Ballgef\u00fchl ist der <strong>Percept 97<\/strong> eine ausgezeichnete Wahl f\u00fcr Spieler, die einen leichten, spinfreudigen Turnierschl\u00e4ger suchen, der dabei sowohl Kontrolle als auch armschonenden Komfort bietet.<\/p>\n<table class=\"data table additional-attributes\" id=\"product-attribute-specs-table\">\n<tbody>\n<tr>\n<th scope=\"row\" class=\"col label\">Head Size<\/th>\n<td data-th=\"Head Size\" class=\"col data\">97 sq.in.<\/td>\n<\/tr>\n<tr>\n<th scope=\"row\" class=\"col label\">Weight<\/th>\n<td data-th=\"Weight\" class=\"col data\">310 g \/ 10.9 oz<\/td>\n<\/tr>\n<tr>\n<th scope=\"row\" class=\"col label\">Grip Size<\/th>\n<td data-th=\"Grip Size\" class=\"col data\">1 &#8211; 5<\/td>\n<\/tr>\n<tr>\n<th scope=\"row\" class=\"col label\">Length<\/th>\n<td data-th=\"Length\" class=\"col data\">27 in.<\/td>\n<\/tr>\n<tr>\n<th scope=\"row\" class=\"col label\">Width Range<\/th>\n<td data-th=\"Width Range\" class=\"col data\">21 mm &#8211; 21 mm &#8211; 21 mm<\/td>\n<\/tr>\n<tr>\n<th scope=\"row\" class=\"col label\">Balance Point<\/th>\n<td data-th=\"Balance Point\" class=\"col data\">310 mm<\/td>\n<\/tr>\n<tr>\n<th scope=\"row\" class=\"col label\">Material<\/th>\n<td data-th=\"Material\" class=\"col data\">HM GRAPHITE \/ 2G-Namd\u2122 Flex Force \/ SERVO FILTER<\/td>\n<\/tr>\n<tr>\n<th scope=\"row\" class=\"col label\">Color(s)<\/th>\n<td data-th=\"Color(s)\" class=\"col data\">OLIVE GREEN<\/td>\n<\/tr>\n<tr>\n<th scope=\"row\" class=\"col label\">Recommended String<\/th>\n<td data-th=\"Recommended String\" class=\"col data\"><a href=\"https:\/\/www.yonex.com\/tennis\/strings\/ptgr120\" target=\"_blank\" rel=\"noopener\">POLYTOUR REV<\/a><br \/>\n<a href=\"https:\/\/www.yonex.com\/tennis\/strings\/ptgst120\" target=\"_blank\" rel=\"noopener\">POLYTOUR STRIKE<\/a><br \/>\n<a href=\"https:\/\/www.yonex.com\/tennis\/strings\/tgrsp125\" target=\"_blank\" rel=\"noopener\">REXIS SPEED<\/a><\/td>\n<\/tr>\n<tr>\n<th scope=\"row\" class=\"col label\">Stringing Pattern<\/th>\n<td data-th=\"Stringing Pattern\" class=\"col data\">16 x 19<\/td>\n<\/tr>\n<tr>\n<th scope=\"row\" class=\"col label\">Stringing Advice<\/th>\n<td data-th=\"Stringing Advice\" class=\"col data\">45 &#8211; 60 lbs<\/td>\n<\/tr>\n<tr>\n<th scope=\"row\" class=\"col label\">Made In<\/th>\n<td data-th=\"Made In\" class=\"col data\">Japan<\/td>\n<\/tr>\n<\/tbody>\n<\/table>","protected":false},"excerpt":{"rendered":"<p>Der <strong>Percept 97<\/strong> ist ein Meisterwerk f\u00fcr erfahrene und fortgeschrittene Spieler, die eine perfekte Balance zwischen Flexibilit\u00e4t, Pr\u00e4zision und au\u00dfergew\u00f6hnlichem Ballgef\u00fchl suchen. Dieser Schl\u00e4ger kombiniert innovative Technologien und ein durchdachtes Design, um das beste Spielerlebnis zu bieten. Mit einer verbesserten Rahmenstruktur und einer speziellen FlexForce-Technologie optimiert der Percept 97 die Saitenbewegung und sorgt f\u00fcr einen unvergleichlichen &#8222;Snapback&#8220;-Effekt, der den Spin auf ein neues Level hebt.<\/p>\n<p>Dank seines flexiblen Rahmens bietet der Percept 97 ein herausragendes Ballfeedback, das Spielern hilft, pr\u00e4zise Schl\u00e4ge mit optimaler Kontrolle und Gef\u00fchl zu spielen. Die Kombination aus hoher Pr\u00e4zision und Flexibilit\u00e4t macht diesen Schl\u00e4ger ideal f\u00fcr Spieler, die ein Maximum an Kontrolle in ihren Angriffen und gleichzeitig ein komfortables Spielgef\u00fchl suchen.<\/p>\n<p>Der <strong>Percept 97<\/strong> wurde mit neuesten Innovationen ausgestattet, die nicht nur die Bewegung der Saiten verbessern, sondern auch f\u00fcr eine pr\u00e4zisere Ballr\u00fcckgabe sorgen. Die verbesserte Struktur bietet Stabilit\u00e4t bei schnellen Schl\u00e4gen und erm\u00f6glicht es den Spielern, den Ball mit mehr Spin und Kontrolle zu beschleunigen.<\/p>\n<p>F\u00fcr alle fortgeschrittenen Spieler, die Pr\u00e4zision und Gef\u00fchl mit Flexibilit\u00e4t kombinieren wollen, ist der <strong>Percept 97<\/strong> die perfekte Wahl.<\/p>","protected":false},"featured_media":2377,"template":"","meta":{"_acf_changed":false,"_monsterinsights_skip_tracking":false,"_monsterinsights_sitenote_active":false,"_monsterinsights_sitenote_note":"","_monsterinsights_sitenote_category":0},"product_brand":[],"product_cat":[35],"product_tag":[56,19,20],"class_list":{"0":"post-826","1":"product","2":"type-product","3":"status-publish","4":"has-post-thumbnail","6":"product_cat-yonex-percept-kaufen","7":"product_tag-percept","8":"product_tag-schlaeger","9":"product_tag-spin","11":"first","12":"onbackorder","13":"sale","14":"shipping-taxable","15":"purchasable","16":"product-type-variable","17":"has-default-attributes"},"supplier_id":null,"supplier_sku":"","barcode":null,"atum_controlled":true,"out_stock_date":null,"out_stock_threshold":null,"inheritable":true,"inbound_stock":0,"stock_on_hold":0,"sold_today":0,"sales_last_days":0,"reserved_stock":0,"customer_returns":0,"warehouse_damage":0,"lost_in_post":0,"other_logs":0,"out_stock_days":0,"lost_sales":0,"has_location":false,"update_date":"2026-05-07T01:39:10","atum_locations":[],"atum_stock_status":"onbackorder","restock_status":false,"low_stock_amount":"","sales_update_date":"2026-05-07T01:39:10","calc_backorders":null,"acf":[],"_links":{"self":[{"href":"https:\/\/topspinservice.at\/en\/wp-json\/wp\/v2\/product\/826","targetHints":{"allow":["GET"]}}],"collection":[{"href":"https:\/\/topspinservice.at\/en\/wp-json\/wp\/v2\/product"}],"about":[{"href":"https:\/\/topspinservice.at\/en\/wp-json\/wp\/v2\/types\/product"}],"wp:featuredmedia":[{"embeddable":true,"href":"https:\/\/topspinservice.at\/en\/wp-json\/wp\/v2\/media\/2377"}],"wp:attachment":[{"href":"https:\/\/topspinservice.at\/en\/wp-json\/wp\/v2\/media?parent=826"}],"wp:term":[{"taxonomy":"product_brand","embeddable":true,"href":"https:\/\/topspinservice.at\/en\/wp-json\/wp\/v2\/product_brand?post=826"},{"taxonomy":"product_cat","embeddable":true,"href":"https:\/\/topspinservice.at\/en\/wp-json\/wp\/v2\/product_cat?post=826"},{"taxonomy":"product_tag","embeddable":true,"href":"https:\/\/topspinservice.at\/en\/wp-json\/wp\/v2\/product_tag?post=826"}],"curies":[{"name":"wp","href":"https:\/\/api.w.org\/{rel}","templated":true}]}}