{"id":885,"date":"2024-12-08T14:59:56","date_gmt":"2024-12-08T13:59:56","guid":{"rendered":"https:\/\/topspinservice.at\/?post_type=product&#038;p=885"},"modified":"2025-09-16T13:54:40","modified_gmt":"2025-09-16T11:54:40","slug":"yonex-percept-100d-305g-olive-green","status":"publish","type":"product","link":"https:\/\/topspinservice.at\/en\/produkt\/yonex-percept-100d-305g-olive-green","title":{"rendered":"Yonex PERCEPT 100D 305g Olive Green"},"content":{"rendered":"<p><strong>Yonex f\u00fcgt seiner geschichtstr\u00e4chtigen Kontroll-Franchise ein neues Mitglied hinzu<\/strong><\/p>\n<p>Wir pr\u00e4sentieren den Yonex Percept 100D! Mit diesem Schl\u00e4ger erweitert Yonex seine renommierte Kontrollserie um ein neues Mitglied. Der Percept 100D bietet einen dickeren und leistungsf\u00e4higeren Rahmen als die 97er Percept-Modelle und vereint damit mehr Power und eine gr\u00f6\u00dfere Fehlertoleranz, w\u00e4hrend er dennoch eine hohe Pr\u00e4zision dank des 18&#215;19 Saitenmusters beibeh\u00e4lt. Mit einem Schwunggewicht unter 320 erm\u00f6glicht der Schl\u00e4ger m\u00fchelosen Spin aus dem Hinterfeld und schnelle Reaktionen bei Volleys am Netz.<\/p>\n<p>Zu den herausragenden Merkmalen geh\u00f6ren ein verl\u00e4ngerter Schaft, der das Gef\u00fchl, die Flexibilit\u00e4t und die Kontrolle verbessert, sowie eine steifere Schl\u00e4gerfl\u00e4che, die f\u00fcr zus\u00e4tzliche Stabilit\u00e4t und Power sorgt. Um den Komfort zu steigern, hat Yonex einen Servo Filter integriert, der eine d\u00fcnne elastische Schicht im Schaft nutzt, um harte Vibrationen zu d\u00e4mpfen. Wie bei den Vorg\u00e4ngermodellen wird auch hier das Graphit-Layup durch 2G-NAMD Flex Force verbessert, eine Materialtechnologie, die es dem Rahmen erm\u00f6glicht, sich beim Aufprall optimal zu biegen.<\/p>\n<p>Mit dieser Erweiterung der Percept-Serie hat Yonex eine beeindruckende Kombination aus Geschwindigkeit, Pr\u00e4zision und Flexibilit\u00e4t geschaffen \u2013 ideal f\u00fcr fortgeschrittene und technisch versierte Spieler, die ein hohes Ma\u00df an Kontrolle und Performance suchen.<\/p>","protected":false},"excerpt":{"rendered":"<p>Neue Technologie und Struktur vereinen sich mit Innovation, um den Saitensnapback und die Bewegung zu erh\u00f6hen, was den Spielern den Zugang zu dem meisten Spin in der Yonex-Tennisgeschichte erm\u00f6glicht.<\/p>\n<p>F\u00fcr erfahrene und fortgeschrittene Spieler, die einen Schl\u00e4ger mit zus\u00e4tzlicher Pr\u00e4zision, Gef\u00fchl und Flexibilit\u00e4t suchen.<\/p>","protected":false},"featured_media":2377,"template":"","meta":{"_acf_changed":false,"_monsterinsights_skip_tracking":false,"_monsterinsights_sitenote_active":false,"_monsterinsights_sitenote_note":"","_monsterinsights_sitenote_category":0},"product_brand":[],"product_cat":[35],"product_tag":[56,19,20],"class_list":{"0":"post-885","1":"product","2":"type-product","3":"status-publish","4":"has-post-thumbnail","6":"product_cat-yonex-percept-kaufen","7":"product_tag-percept","8":"product_tag-schlaeger","9":"product_tag-spin","11":"first","12":"onbackorder","13":"sale","14":"shipping-taxable","15":"purchasable","16":"product-type-variable","17":"has-default-attributes"},"supplier_id":null,"supplier_sku":"","barcode":null,"atum_controlled":true,"out_stock_date":null,"out_stock_threshold":null,"inheritable":false,"inbound_stock":0,"stock_on_hold":0,"sold_today":0,"sales_last_days":0,"reserved_stock":0,"customer_returns":0,"warehouse_damage":0,"lost_in_post":0,"other_logs":0,"out_stock_days":0,"lost_sales":0,"has_location":null,"update_date":"2026-05-06T01:38:35","atum_locations":[],"atum_stock_status":"onbackorder","restock_status":false,"low_stock_amount":"","sales_update_date":"2026-05-06T01:38:35","calc_backorders":null,"acf":[],"_links":{"self":[{"href":"https:\/\/topspinservice.at\/en\/wp-json\/wp\/v2\/product\/885","targetHints":{"allow":["GET"]}}],"collection":[{"href":"https:\/\/topspinservice.at\/en\/wp-json\/wp\/v2\/product"}],"about":[{"href":"https:\/\/topspinservice.at\/en\/wp-json\/wp\/v2\/types\/product"}],"wp:featuredmedia":[{"embeddable":true,"href":"https:\/\/topspinservice.at\/en\/wp-json\/wp\/v2\/media\/2377"}],"wp:attachment":[{"href":"https:\/\/topspinservice.at\/en\/wp-json\/wp\/v2\/media?parent=885"}],"wp:term":[{"taxonomy":"product_brand","embeddable":true,"href":"https:\/\/topspinservice.at\/en\/wp-json\/wp\/v2\/product_brand?post=885"},{"taxonomy":"product_cat","embeddable":true,"href":"https:\/\/topspinservice.at\/en\/wp-json\/wp\/v2\/product_cat?post=885"},{"taxonomy":"product_tag","embeddable":true,"href":"https:\/\/topspinservice.at\/en\/wp-json\/wp\/v2\/product_tag?post=885"}],"curies":[{"name":"wp","href":"https:\/\/api.w.org\/{rel}","templated":true}]}}