{"id":903,"date":"2024-12-08T15:28:39","date_gmt":"2024-12-08T14:28:39","guid":{"rendered":"https:\/\/topspinservice.at\/?post_type=product&#038;p=903"},"modified":"2026-03-03T09:58:35","modified_gmt":"2026-03-03T08:58:35","slug":"yonex-vcore-100l-280g-scarlet","status":"publish","type":"product","link":"https:\/\/topspinservice.at\/en\/produkt\/yonex-vcore-100l-280g-scarlet","title":{"rendered":"Yonex VCORE 100L 280g Scarlet"},"content":{"rendered":"<p><strong>Yonex verpasst dem VCORE 100L f\u00fcr 2023 eine reaktionsfreudigere Rahmenform<\/strong><\/p>\n<p>Mit der 2023er Version des <strong>VCORE 100L<\/strong> hat Yonex die <strong>Power<\/strong> and <strong>spinfreudige Pr\u00e4zision<\/strong> des Standard VCORE 100 in ein <strong>leichteres, benutzerfreundliches Gesamtpaket<\/strong> gepackt. Mit einem Gewicht von nur <strong>280 Gramm (unbesaitet)<\/strong> und einem Schwunggewicht von unter <strong>315<\/strong> erm\u00f6glicht der 100L aufstrebenden Spielern, den Ball m\u00fchelos mit <strong>Tempo<\/strong> and <strong>Spin<\/strong> zu versehen.<\/p>\n<p>F\u00fcr 2023 hat Yonex die <strong>Rahmenform<\/strong> \u00fcberarbeitet. Neben der Neugestaltung des Schafts und einer <strong>d\u00fcnneren Schlagfl\u00e4che<\/strong> wurde auch der obere Bereich der Schlagfl\u00e4che vergr\u00f6\u00dfert, was zu einem <strong>stabileren<\/strong>, <strong>kraftvolleren<\/strong> and <strong>spinfreudigeren<\/strong> Schlaggef\u00fchl f\u00fchrt.<\/p>\n<h3><strong>Technologische Neuerungen:<\/strong><\/h3>\n<ul>\n<li><strong>SIF Grommets<\/strong>: Eine Silikon\u00f6l-Infusion reduziert die Reibung zwischen Saite und \u00d6sen und erm\u00f6glicht eine <strong>gr\u00f6\u00dfere Saitenbewegung<\/strong>. Das Resultat ist ein verbesserter <strong>Snapback-Effekt<\/strong> und ein leichterer Zugang zu <strong>Spin<\/strong>.<\/li>\n<li><strong>Gesenkter RA-Wert<\/strong>: Ein niedrigerer Flex sorgt f\u00fcr eine noch bessere <strong>Ballr\u00fcckmeldung<\/strong> im Vergleich zu fr\u00fcheren Versionen.<\/li>\n<li><strong>2-NAMD FlexForce Graphite<\/strong>: Im oberen Schaft und unteren Bereich des Schl\u00e4gerkopfes sorgt dieses Material daf\u00fcr, dass sich der Schl\u00e4ger im Treffmoment optimal <strong>biegen<\/strong> and <strong>zur\u00fcckschnellen<\/strong> kann.<\/li>\n<\/ul>\n<p>Dank der beeindruckenden Aktualisierungen der <strong>Rahmenform<\/strong> und des <strong>Spielgef\u00fchls<\/strong> bleibt der <strong>VCORE 100L<\/strong> auch weiterhin die perfekte Wahl f\u00fcr fortgeschrittene Spieler, die das <strong>komplette Paket<\/strong> suchen.<\/p>\n<p>&nbsp;<\/p>\n<table class=\"data table additional-attributes\" id=\"product-attribute-specs-table\">\n<tbody>\n<tr>\n<th scope=\"row\" class=\"col label\">Head Size<\/th>\n<td data-th=\"Head Size\" class=\"col data\">100 sq.in.<\/td>\n<\/tr>\n<tr>\n<th scope=\"row\" class=\"col label\">Weight<\/th>\n<td data-th=\"Weight\" class=\"col data\">280 g \/ 9.9 oz<\/td>\n<\/tr>\n<tr>\n<th scope=\"row\" class=\"col label\">Grip Size<\/th>\n<td data-th=\"Grip Size\" class=\"col data\">0 &#8211; 4<\/td>\n<\/tr>\n<tr>\n<th scope=\"row\" class=\"col label\">Length<\/th>\n<td data-th=\"Length\" class=\"col data\">27 in.<\/td>\n<\/tr>\n<tr>\n<th scope=\"row\" class=\"col label\">Width Range<\/th>\n<td data-th=\"Width Range\" class=\"col data\">25.3 mm &#8211; 25.3 mm &#8211; 22 mm<\/td>\n<\/tr>\n<tr>\n<th scope=\"row\" class=\"col label\">Balance Point<\/th>\n<td data-th=\"Balance Point\" class=\"col data\">330 mm<\/td>\n<\/tr>\n<tr>\n<th scope=\"row\" class=\"col label\">Material<\/th>\n<td data-th=\"Material\" class=\"col data\">HM Graphite \/ 2G-Namd\u2122 Flex Force \/ VDM<\/td>\n<\/tr>\n<tr>\n<th scope=\"row\" class=\"col label\">Color(s)<\/th>\n<td data-th=\"Color(s)\" class=\"col data\">Scaret, Sand Beige<\/td>\n<\/tr>\n<tr>\n<th scope=\"row\" class=\"col label\">Recommended String<\/th>\n<td data-th=\"Recommended String\" class=\"col data\"><a href=\"https:\/\/www.yonex.com\/tennis\/strings\/ptgr120\" target=\"_blank\" rel=\"noopener\">POLYTOUR REV<\/a><br \/>\n<a href=\"https:\/\/www.yonex.com\/tennis\/strings\/ptgp115\" target=\"_blank\" rel=\"noopener\">POLYTOUR PRO<\/a><br \/>\n<a href=\"https:\/\/www.yonex.com\/tennis\/strings\/tgrcf125\" target=\"_blank\" rel=\"noopener\">REXIS COMFORT<\/a><\/td>\n<\/tr>\n<tr>\n<th scope=\"row\" class=\"col label\">Stringing Pattern<\/th>\n<td data-th=\"Stringing Pattern\" class=\"col data\">16 x 19<\/td>\n<\/tr>\n<tr>\n<th scope=\"row\" class=\"col label\">Stringing Advice<\/th>\n<td data-th=\"Stringing Advice\" class=\"col data\">40 &#8211; 55 lbs<\/td>\n<\/tr>\n<tr>\n<th scope=\"row\" class=\"col label\">Made In<\/th>\n<td data-th=\"Made In\" class=\"col data\">Japan<\/td>\n<\/tr>\n<\/tbody>\n<\/table>","protected":false},"excerpt":{"rendered":"<p><strong>Neue Technologie und innovative Struktur f\u00fcr maximalen Spin<\/strong><\/p>\n<p>Durch die Kombination aus modernster Technologie und innovativem Design erm\u00f6glicht dieser Schl\u00e4ger eine verbesserte <strong>Saitenbewegung<\/strong> und einen erh\u00f6hten <strong>Snapback-Effekt<\/strong>. Das Ergebnis: Spieler erhalten Zugang zum <strong>meisten Spin in der Yonex-Tennisgeschichte<\/strong>.<\/p>\n<p><strong>F\u00fcr vielseitige Spieler<\/strong><br \/>\nDieser leichte und wendige Schl\u00e4ger wurde speziell f\u00fcr Spieler entwickelt, die eine perfekte Balance aus <strong>Spin<\/strong> and <strong>Geschwindigkeit<\/strong> suchen.<\/p>","protected":false},"featured_media":2426,"template":"","meta":{"_acf_changed":false,"_monsterinsights_skip_tracking":false,"_monsterinsights_sitenote_active":false,"_monsterinsights_sitenote_note":"","_monsterinsights_sitenote_category":0},"product_brand":[],"product_cat":[18],"product_tag":[22,19,20,21],"class_list":{"0":"post-903","1":"product","2":"type-product","3":"status-publish","4":"has-post-thumbnail","6":"product_cat-yonex-vcore-kaufen","7":"product_tag-scarlet","8":"product_tag-schlaeger","9":"product_tag-spin","10":"product_tag-vcore","12":"first","13":"onbackorder","14":"sale","15":"shipping-taxable","16":"purchasable","17":"product-type-variable","18":"has-default-attributes"},"supplier_id":null,"supplier_sku":"","barcode":null,"atum_controlled":true,"out_stock_date":null,"out_stock_threshold":null,"inheritable":false,"inbound_stock":0,"stock_on_hold":0,"sold_today":0,"sales_last_days":0,"reserved_stock":0,"customer_returns":0,"warehouse_damage":0,"lost_in_post":0,"other_logs":0,"out_stock_days":0,"lost_sales":0,"has_location":null,"update_date":"2026-05-15T00:05:31","atum_locations":[],"atum_stock_status":"onbackorder","restock_status":false,"low_stock_amount":"","sales_update_date":"2026-05-15T00:05:31","calc_backorders":null,"acf":[],"_links":{"self":[{"href":"https:\/\/topspinservice.at\/en\/wp-json\/wp\/v2\/product\/903","targetHints":{"allow":["GET"]}}],"collection":[{"href":"https:\/\/topspinservice.at\/en\/wp-json\/wp\/v2\/product"}],"about":[{"href":"https:\/\/topspinservice.at\/en\/wp-json\/wp\/v2\/types\/product"}],"wp:featuredmedia":[{"embeddable":true,"href":"https:\/\/topspinservice.at\/en\/wp-json\/wp\/v2\/media\/2426"}],"wp:attachment":[{"href":"https:\/\/topspinservice.at\/en\/wp-json\/wp\/v2\/media?parent=903"}],"wp:term":[{"taxonomy":"product_brand","embeddable":true,"href":"https:\/\/topspinservice.at\/en\/wp-json\/wp\/v2\/product_brand?post=903"},{"taxonomy":"product_cat","embeddable":true,"href":"https:\/\/topspinservice.at\/en\/wp-json\/wp\/v2\/product_cat?post=903"},{"taxonomy":"product_tag","embeddable":true,"href":"https:\/\/topspinservice.at\/en\/wp-json\/wp\/v2\/product_tag?post=903"}],"curies":[{"name":"wp","href":"https:\/\/api.w.org\/{rel}","templated":true}]}}