{"id":908,"date":"2024-12-08T15:31:33","date_gmt":"2024-12-08T14:31:33","guid":{"rendered":"https:\/\/topspinservice.at\/?post_type=product&#038;p=908"},"modified":"2026-01-04T09:34:14","modified_gmt":"2026-01-04T08:34:14","slug":"yonex-vcore-98-305g-scarlet","status":"publish","type":"product","link":"https:\/\/topspinservice.at\/en\/produkt\/yonex-vcore-98-305g-scarlet","title":{"rendered":"Yonex VCORE 98 305g Scarlet"},"content":{"rendered":"<p><strong>Der VCORE 98 (2023) \u2013 Spin, Pr\u00e4zision und ein weicheres Spielgef\u00fchl<\/strong><\/p>\n<p>Mit seinem \u00fcberarbeiteten Rahmen und dem verbesserten, weicheren Spielgef\u00fchl setzt der <strong>VCORE 98<\/strong> seinen Ruf als einer der besten Turnierschl\u00e4ger fort. Wie sein Vorg\u00e4nger \u00fcberzeugt auch die 2023er-Version als <strong>schnelle Spin-Maschine<\/strong> mit einer hervorragenden Schlagr\u00fcckmeldung.<\/p>\n<p>Der <strong>VCORE 98<\/strong> bietet mehr Power als der kleinere VCORE 95 und sorgt gleichzeitig f\u00fcr eine gr\u00f6\u00dfere <strong>Fehlertoleranz<\/strong>, ohne dabei auf die Pr\u00e4zision zu verzichten, die erfahrene Spieler sch\u00e4tzen. Durch seine hohe Man\u00f6vrierbarkeit eignet er sich ideal f\u00fcr <strong>schnelle Gewinnschl\u00e4ge aus dem Lauf heraus<\/strong> oder f\u00fcr reaktionsschnelle Aktionen am Netz.<\/p>\n<h3><strong>Technologische Neuerungen f\u00fcr 2023:<\/strong><\/h3>\n<ul>\n<li><strong>\u00dcberarbeitete Rahmenform<\/strong>: Ein optimierter Schaft und eine d\u00fcnnere Schlagfl\u00e4che verbessern die Stabilit\u00e4t und Kraft\u00fcbertragung. Der vergr\u00f6\u00dferte obere Bereich des Schl\u00e4gerkopfes sorgt f\u00fcr ein stabileres, kraftvolleres und <strong>spinfreudigeres Schlaggef\u00fchl<\/strong>.<\/li>\n<li><strong>SIF Grommets<\/strong>: Dank der Silikon\u00f6l-Infusion reduziert sich die Reibung zwischen Saiten und \u00d6sen. Das erm\u00f6glicht eine st\u00e4rkere Saitenbewegung, was zu mehr <strong>Snapback<\/strong> und einer erh\u00f6hten Ballrotation f\u00fchrt.<\/li>\n<li><strong>Gesenkter RA-Wert<\/strong>: Ein niedrigerer Flex-Wert sorgt f\u00fcr ein weicheres, komfortableres Schlaggef\u00fchl und eine bessere Ballr\u00fcckmeldung.<\/li>\n<li><strong>2-NAMD FlexForce Graphite<\/strong>: Im oberen Schaft und unteren Rahmen sorgt dieses Material f\u00fcr optimale Flexibilit\u00e4t und eine kraftvolle R\u00fcckschnellbewegung im Treffmoment.<\/li>\n<\/ul>\n<p>Letztendlich bietet der \u00fcberarbeitete <strong>VCORE 98<\/strong> alles, was erfahrene Spieler suchen: <strong>Spin, Pr\u00e4zision und ein au\u00dfergew\u00f6hnliches Spielgef\u00fchl<\/strong>. Ein Schl\u00e4ger, der keine W\u00fcnsche offenl\u00e4sst.<\/p>\n<p>&nbsp;<\/p>\n<table class=\"data table additional-attributes\" id=\"product-attribute-specs-table\">\n<tbody>\n<tr>\n<th scope=\"row\" class=\"col label\">Head Size<\/th>\n<td data-th=\"Head Size\" class=\"col data\">98 sq.in.<\/td>\n<\/tr>\n<tr>\n<th scope=\"row\" class=\"col label\">Weight<\/th>\n<td data-th=\"Weight\" class=\"col data\">305 g \/ 10.8 oz<\/td>\n<\/tr>\n<tr>\n<th scope=\"row\" class=\"col label\">Grip Size<\/th>\n<td data-th=\"Grip Size\" class=\"col data\">1 &#8211; 5<\/td>\n<\/tr>\n<tr>\n<th scope=\"row\" class=\"col label\">Length<\/th>\n<td data-th=\"Length\" class=\"col data\">27 in.<\/td>\n<\/tr>\n<tr>\n<th scope=\"row\" class=\"col label\">Width Range<\/th>\n<td data-th=\"Width Range\" class=\"col data\">23 mm &#8211; 23 mm &#8211; 21 mm<\/td>\n<\/tr>\n<tr>\n<th scope=\"row\" class=\"col label\">Balance Point<\/th>\n<td data-th=\"Balance Point\" class=\"col data\">315 mm<\/td>\n<\/tr>\n<tr>\n<th scope=\"row\" class=\"col label\">Material<\/th>\n<td data-th=\"Material\" class=\"col data\">HM Graphite \/ 2G-Namd\u2122 Flex Force \/ VDM<\/td>\n<\/tr>\n<tr>\n<th scope=\"row\" class=\"col label\">Color(s)<\/th>\n<td data-th=\"Color(s)\" class=\"col data\">Scarlet, Sand Beige<\/td>\n<\/tr>\n<tr>\n<th scope=\"row\" class=\"col label\">Recommended String<\/th>\n<td data-th=\"Recommended String\" class=\"col data\"><a href=\"https:\/\/www.yonex.com\/tennis\/strings\/polytour-rev-125\" target=\"_blank\" rel=\"noopener\">POLYTOUR REV<\/a><br \/>\n<a href=\"https:\/\/www.yonex.com\/tennis\/strings\/ptgst125\" target=\"_blank\" rel=\"noopener\">POLYTOUR STRIKE<\/a><br \/>\n<a href=\"https:\/\/www.yonex.com\/tennis\/racquets\/vcore\/tennis\/strings\/tgrcf130\" target=\"_blank\" rel=\"noopener\">REXIS COMFORT<\/a><\/td>\n<\/tr>\n<tr>\n<th scope=\"row\" class=\"col label\">Stringing Pattern<\/th>\n<td data-th=\"Stringing Pattern\" class=\"col data\">16 x 19<\/td>\n<\/tr>\n<tr>\n<th scope=\"row\" class=\"col label\">Stringing Advice<\/th>\n<td data-th=\"Stringing Advice\" class=\"col data\">45 &#8211; 60 lbs<\/td>\n<\/tr>\n<tr>\n<th scope=\"row\" class=\"col label\">Made In<\/th>\n<td data-th=\"Made In\" class=\"col data\">Japan<\/td>\n<\/tr>\n<\/tbody>\n<\/table>","protected":false},"excerpt":{"rendered":"<p><strong>Neue Technologie und innovative Struktur f\u00fcr maximalen Spin<\/strong><\/p>\n<p>Dank der Kombination aus modernster Technologie und innovativer Konstruktion erm\u00f6glicht dieser Schl\u00e4ger eine verbesserte Saitenbewegung und einen erh\u00f6hten <strong>Snapback-Effekt<\/strong>. Das Resultat: Spieler erhalten Zugang zum st\u00e4rksten <strong>Spin<\/strong> in der Yonex-Tennisgeschichte.<\/p>\n<p><strong>F\u00fcr Spieler der mittleren bis fortgeschrittenen Spielst\u00e4rke<\/strong><br \/>\nDieser wendige Schl\u00e4ger wurde speziell f\u00fcr <strong>Spin und Geschwindigkeit<\/strong> entwickelt und richtet sich an Spieler, die ihre Leistung optimieren m\u00f6chten.<\/p>","protected":false},"featured_media":2422,"template":"","meta":{"_acf_changed":false,"_monsterinsights_skip_tracking":false,"_monsterinsights_sitenote_active":false,"_monsterinsights_sitenote_note":"","_monsterinsights_sitenote_category":0},"product_brand":[],"product_cat":[18],"product_tag":[22,19,20,21],"class_list":{"0":"post-908","1":"product","2":"type-product","3":"status-publish","4":"has-post-thumbnail","6":"product_cat-yonex-vcore-kaufen","7":"product_tag-scarlet","8":"product_tag-schlaeger","9":"product_tag-spin","10":"product_tag-vcore","12":"first","13":"instock","14":"sale","15":"shipping-taxable","16":"purchasable","17":"product-type-variable","18":"has-default-attributes"},"supplier_id":null,"supplier_sku":"","barcode":null,"atum_controlled":true,"out_stock_date":null,"out_stock_threshold":null,"inheritable":false,"inbound_stock":0,"stock_on_hold":0,"sold_today":0,"sales_last_days":0,"reserved_stock":0,"customer_returns":0,"warehouse_damage":0,"lost_in_post":0,"other_logs":0,"out_stock_days":0,"lost_sales":0,"has_location":null,"update_date":"2026-05-09T01:43:19","atum_locations":[],"atum_stock_status":"instock","restock_status":false,"low_stock_amount":"","sales_update_date":"2026-05-09T01:43:19","calc_backorders":null,"acf":[],"_links":{"self":[{"href":"https:\/\/topspinservice.at\/en\/wp-json\/wp\/v2\/product\/908","targetHints":{"allow":["GET"]}}],"collection":[{"href":"https:\/\/topspinservice.at\/en\/wp-json\/wp\/v2\/product"}],"about":[{"href":"https:\/\/topspinservice.at\/en\/wp-json\/wp\/v2\/types\/product"}],"wp:featuredmedia":[{"embeddable":true,"href":"https:\/\/topspinservice.at\/en\/wp-json\/wp\/v2\/media\/2422"}],"wp:attachment":[{"href":"https:\/\/topspinservice.at\/en\/wp-json\/wp\/v2\/media?parent=908"}],"wp:term":[{"taxonomy":"product_brand","embeddable":true,"href":"https:\/\/topspinservice.at\/en\/wp-json\/wp\/v2\/product_brand?post=908"},{"taxonomy":"product_cat","embeddable":true,"href":"https:\/\/topspinservice.at\/en\/wp-json\/wp\/v2\/product_cat?post=908"},{"taxonomy":"product_tag","embeddable":true,"href":"https:\/\/topspinservice.at\/en\/wp-json\/wp\/v2\/product_tag?post=908"}],"curies":[{"name":"wp","href":"https:\/\/api.w.org\/{rel}","templated":true}]}}