{"id":941,"date":"2024-12-08T15:56:04","date_gmt":"2024-12-08T14:56:04","guid":{"rendered":"https:\/\/topspinservice.at\/?post_type=product&#038;p=941"},"modified":"2026-05-11T22:16:18","modified_gmt":"2026-05-11T20:16:18","slug":"head-boom-mp-295g-2024","status":"publish","type":"product","link":"https:\/\/topspinservice.at\/en\/produkt\/head-boom-mp-295g-2024","title":{"rendered":"Head BOOM MP 295g 2024"},"content":{"rendered":"<p>Bring dein Spiel mit dem neuen Boom MP 2024 auf ein h\u00f6heres Niveau und erlebe dabei jede Menge explosiven Spa\u00df. Dank der neuen Auxetic 2.0-Konstruktion kombiniert dieser Schl\u00e4ger Power mit verbessertem, sensationellem Spielgef\u00fchl. Mit dem Boom MP 2024 k\u00f6nnen sich ambitionierte Spieler mittlerer und fortgeschrittener Spielst\u00e4rke voll und ganz auf den Moment und den n\u00e4chsten Schlag konzentrieren. Mit einer Auswahl an frischen Designs findest du den BOOM MP 2024, der zu dir passt.<\/p>\n<p>\u2022 Explosive Power<br \/>\n\u2022 F\u00fcr ambitionierte Spieler mittlerer und fortgeschrittener Spielst\u00e4rke<br \/>\n\u2022 Verbessertes, sensationelles Spielgef\u00fchl<br \/>\n\u2022 Ultimate connection between player and racket<br \/>\n\u2022 Auswahl an frischen, modernen Designs<\/p>\n<p>CPI: 600<br \/>\nGewicht (unbespannt): 295 g \/ 10.4 oz<br \/>\nCoverage pattern: 16\/19<br \/>\nSchlagfl\u00e4chengr\u00f6\u00dfe: 645 cm\u00b2 \/ 100 in\u00b2<br \/>\nHandle size: 0-5<br \/>\nBalance: 315 mm \/ 1 in HL<br \/>\nLength: 685 mm \/ 27.0 in<br \/>\nRahmenh\u00f6he: 24<\/p>","protected":false},"excerpt":{"rendered":"<p>Mit dem neuen BOOM MP 2024 f\u00fcr ambitionierte Spieler mittlerer und fortgeschrittener Spielst\u00e4rke, steigerst du deine Power und dein Selbstvertrauen.<\/p>","protected":false},"featured_media":2389,"template":"","meta":{"_acf_changed":false,"_monsterinsights_skip_tracking":false,"_monsterinsights_sitenote_active":false,"_monsterinsights_sitenote_note":"","_monsterinsights_sitenote_category":0},"product_brand":[],"product_cat":[141,340],"product_tag":[19],"class_list":{"0":"post-941","1":"product","2":"type-product","3":"status-publish","4":"has-post-thumbnail","6":"product_cat-head-boom-kaufen","7":"product_cat-tennis-sale","8":"product_tag-schlaeger","10":"first","11":"instock","12":"sale","13":"shipping-taxable","14":"purchasable","15":"product-type-variable","16":"has-default-attributes"},"supplier_id":null,"supplier_sku":"","barcode":null,"atum_controlled":true,"out_stock_date":null,"out_stock_threshold":null,"inheritable":false,"inbound_stock":0,"stock_on_hold":0,"sold_today":0,"sales_last_days":2,"reserved_stock":0,"customer_returns":0,"warehouse_damage":0,"lost_in_post":0,"other_logs":0,"out_stock_days":0,"lost_sales":0,"has_location":null,"update_date":"2026-05-15T00:05:33","atum_locations":[],"atum_stock_status":"instock","restock_status":false,"low_stock_amount":"","sales_update_date":"2026-05-15T00:05:33","calc_backorders":null,"acf":[],"_links":{"self":[{"href":"https:\/\/topspinservice.at\/en\/wp-json\/wp\/v2\/product\/941","targetHints":{"allow":["GET"]}}],"collection":[{"href":"https:\/\/topspinservice.at\/en\/wp-json\/wp\/v2\/product"}],"about":[{"href":"https:\/\/topspinservice.at\/en\/wp-json\/wp\/v2\/types\/product"}],"wp:featuredmedia":[{"embeddable":true,"href":"https:\/\/topspinservice.at\/en\/wp-json\/wp\/v2\/media\/2389"}],"wp:attachment":[{"href":"https:\/\/topspinservice.at\/en\/wp-json\/wp\/v2\/media?parent=941"}],"wp:term":[{"taxonomy":"product_brand","embeddable":true,"href":"https:\/\/topspinservice.at\/en\/wp-json\/wp\/v2\/product_brand?post=941"},{"taxonomy":"product_cat","embeddable":true,"href":"https:\/\/topspinservice.at\/en\/wp-json\/wp\/v2\/product_cat?post=941"},{"taxonomy":"product_tag","embeddable":true,"href":"https:\/\/topspinservice.at\/en\/wp-json\/wp\/v2\/product_tag?post=941"}],"curies":[{"name":"wp","href":"https:\/\/api.w.org\/{rel}","templated":true}]}}